{"id":10531,"date":"2017-09-12T12:05:10","date_gmt":"2017-09-12T15:05:10","guid":{"rendered":"https:\/\/www.fuctura.com.br\/recife\/?page_id=10531"},"modified":"2019-04-05T14:59:44","modified_gmt":"2019-04-05T17:59:44","slug":"academia-linux-caruaru","status":"publish","type":"page","link":"https:\/\/www.fuctura.com.br\/recife\/cursos\/academia-linux-caruaru\/","title":{"rendered":"Linux LPI Essentials"},"content":{"rendered":"<section class=\"topo-curso linux\">\n<div class=\"container\">\n<div class=\"row\">\n<div class=\"col-md-8\">\n<div class=\"row\">\n<div class=\"col-md-12\">\n<h1 class=\"curso-title\">Linux LPI Essentials<\/h1>\n<\/div>\n<\/div>\n<div class=\"row\">\n<div class=\"boxes hora\">30h<\/div>\n<div class=\"boxes modalidade\"><i class=\"fa fa-flag-o\"><\/i> \u00a0Presencial<\/div>\n<\/div>\n<\/div>\n<div class=\"col-md-4 text-center\"><img decoding=\"async\" class=\"img-responsive\" src=\"http:\/\/www.fuctura.com.br\/recife\/wp-content\/themes\/fuctura\/images\/topos-cursos\/curso-linux-logo.png\" \/><\/div>\n<\/div>\n<\/div>\n<\/section>\n<section class=\"about\">\n<div class=\"container\">\n<div class=\"row\">\n<div class=\"col-md-12\">\n<ol class=\"breadcrumb\">\n<li><a href=\"index.php\">Home<\/a><\/li>\n<li><a href=\"cursos.php\">Cursos<\/a><\/li>\n<li class=\"active\">Linux LPI Essentials<\/li>\n<\/ol>\n<\/div>\n<\/div>\n<div class=\"row\">\n<p><!-- Principal --><\/p>\n<p>&nbsp;<\/p>\n<h3>Descri\u00e7\u00e3o<\/h3>\n<p>A <strong>Certifica\u00e7\u00e3o LPI Essentials<\/strong> vai colocar voc\u00ea no mercado em uma posi\u00e7\u00e3o privilegiada. Nosso objetivo \u00e9:<\/p>\n<ul>\n<li>Levar voc\u00ea do b\u00e1sico a expert em Redes Linux<\/li>\n<li>Que voc\u00ea tenha uma certifica\u00e7\u00e3o LPI e que possa trabalhar com empresas que exigem profissionais mais qualificados.<\/li>\n<\/ul>\n<h3>Cronograma<\/h3>\n<ul>\n<li><a href=\"https:\/\/www.fuctura.com.br\/recife\/cursos\/linux\/administracao-de-servidores-linux\">\u00a0Administra\u00e7\u00e3o de Redes em Sistemas Linux<\/a> &#8211; 30h<\/li>\n<li><a href=\"http:\/\/www.fuctura.com.br\/recife\/cursos\/linux\/certificacao-lpi-essentials\/\" target=\"_blank\" rel=\"noopener noreferrer\">Preparat\u00f3rio Oficial LPI Essentials<\/a>\u00a0 &#8211; 6h<\/li>\n<li>Voucher para a prova\u00a0gratuito (apenas nos eventos Fuctura\/LPI)<\/li>\n<\/ul>\n<\/div>\n<hr \/>\n<h3>Sobre o LPI<\/h3>\n<p>O LPI (Linux Professional Institute) \u00e9 uma das 10 maiores certifica\u00e7\u00f5es do mundo, sendo a maior na \u00e1rea de redes.<\/p>\n<p>Vamos seguir a mesma metodologia para certificar um profissional LPI . Iniciaremos com a certifica\u00e7\u00e3o Essentials.<\/p>\n<p>Voc\u00ea vai dominar Linux e fazer o preparat\u00f3rio j\u00e1 com o voucher incluso. A prova ser\u00e1 aplicada no final do curso e no mesmo local do curso.<\/p>\n<p>O valor do preparat\u00f3rio tamb\u00e9m tem um grade desconto para que voc\u00ea possa fazer sem apertar o or\u00e7amento.<\/p>\n<p style=\"text-align: center;\"><iframe loading=\"lazy\" src=\"https:\/\/www.youtube.com\/embed\/tbmbK1PSgp4\" width=\"560\" height=\"315\" frameborder=\"0\" allowfullscreen=\"allowfullscreen\"><\/iframe><\/p>\n<p style=\"text-align: center;\">Cesar Brod e Jon Maddog, diretores do LPI, falam certifica\u00e7\u00e3o LPI Essentials<br \/>\ngratuita para quem concluir o curso.<\/p>\n<hr \/>\n<\/div>\n<\/section>\n<p><!--M\u00f3dulos --><\/p>\n<section class=\"bg-light-grey\">\n<div class=\"container\">\n<div class=\"row\">\n<div class=\"col-md-12\">\n<h2 class=\"mission\">M\u00f3dulos<\/h2>\n<\/div>\n<\/div>\n<div class=\"row\">\n<div class=\"col-md-4 col-sm-6\">\n<div class=\"modulo-box\">\n<h3>Adm. de Redes em Sistemas Linux<\/h3>\n<p class=\"modulo-text\">Aprenda da instala\u00e7\u00e3o at\u00e9 a configura\u00e7\u00e3o dos principais servidores Linux. Voc\u00ea ter\u00e1 um professor certificado LPI e vai aprender a dominar os diversos comandos exigidos na Academia e a configurar todos os servi\u00e7os necess\u00e1rios em grandes empresas, como SAMBA, entre outros.<\/p>\n<\/div>\n<\/div>\n<div class=\"col-md-4 col-sm-6\">\n<div class=\"modulo-box\">\n<h3>Certifica\u00e7\u00e3o LPI Essentials<\/h3>\n<p class=\"modulo-text\">Preparar profissionais para os conhecimentos m\u00ednimos necess\u00e1rios para se trabalhar em ambientes mistos de TI, ou seja, em ambientes onde o usu\u00e1rio pode encontrar mais de um sistema operacional (Microsoft, Linux e outros).<\/p>\n<\/div>\n<\/div>\n<div class=\"col-md-4 col-sm-6\">\n<div class=\"modulo-box\">\n<h3>Pagamento<\/h3>\n<p class=\"modulo-text\" style=\"text-align: left;\">Em at\u00e9 6x na Fuctura, no cart\u00e3o, com voucher da prova LPI incluso!<\/p>\n<\/div>\n<\/div>\n<\/div>\n<\/div>\n<\/section>\n<section class=\"bg-light-grey\"><\/section>\n<section class=\"bg-azul\">\n<div class=\"container\">\n<div class=\"row\">\n<div class=\"col-md-12\">\n<h2 class=\"mission\">Diferenciais<\/h2>\n<ul class=\"check-icon\">\n<li>Curso profissionais com preparat\u00f3rio LPI\u00a0incluso<\/li>\n<li>Instrutores Certificados LPI<\/li>\n<li>Material exclusivo, com o que o mercado vai exigir de voc\u00ea<\/li>\n<li>Certificado com reconhecimento em todo o Brasil<\/li>\n<\/ul>\n<\/div>\n<\/div>\n<\/div>\n<div><\/div>\n<\/section>\n","protected":false},"excerpt":{"rendered":"<p>Linux LPI Essentials 30h \u00a0Presencial Home Cursos Linux LPI Essentials &nbsp; Descri\u00e7\u00e3o A Certifica\u00e7\u00e3o LPI Essentials vai colocar voc\u00ea no mercado em uma posi\u00e7\u00e3o privilegiada. Nosso objetivo \u00e9: Levar voc\u00ea do b\u00e1sico a expert em Redes Linux Que voc\u00ea tenha uma certifica\u00e7\u00e3o LPI e que possa trabalhar com empresas que exigem profissionais mais qualificados. Cronograma [&hellip;]<\/p>\n","protected":false},"author":2,"featured_media":0,"parent":54,"menu_order":1,"comment_status":"closed","ping_status":"closed","template":"padrao-page.php","meta":{"footnotes":""},"class_list":["post-10531","page","type-page","status-publish","hentry"],"_links":{"self":[{"href":"https:\/\/www.fuctura.com.br\/recife\/wp-json\/wp\/v2\/pages\/10531","targetHints":{"allow":["GET"]}}],"collection":[{"href":"https:\/\/www.fuctura.com.br\/recife\/wp-json\/wp\/v2\/pages"}],"about":[{"href":"https:\/\/www.fuctura.com.br\/recife\/wp-json\/wp\/v2\/types\/page"}],"author":[{"embeddable":true,"href":"https:\/\/www.fuctura.com.br\/recife\/wp-json\/wp\/v2\/users\/2"}],"replies":[{"embeddable":true,"href":"https:\/\/www.fuctura.com.br\/recife\/wp-json\/wp\/v2\/comments?post=10531"}],"version-history":[{"count":31,"href":"https:\/\/www.fuctura.com.br\/recife\/wp-json\/wp\/v2\/pages\/10531\/revisions"}],"predecessor-version":[{"id":14152,"href":"https:\/\/www.fuctura.com.br\/recife\/wp-json\/wp\/v2\/pages\/10531\/revisions\/14152"}],"up":[{"embeddable":true,"href":"https:\/\/www.fuctura.com.br\/recife\/wp-json\/wp\/v2\/pages\/54"}],"wp:attachment":[{"href":"https:\/\/www.fuctura.com.br\/recife\/wp-json\/wp\/v2\/media?parent=10531"}],"curies":[{"name":"wp","href":"https:\/\/api.w.org\/{rel}","templated":true}]}}