{"id":11610,"date":"2018-06-18T09:43:53","date_gmt":"2018-06-18T12:43:53","guid":{"rendered":"https:\/\/www.fuctura.com.br\/recife\/?page_id=11610"},"modified":"2020-06-23T15:14:17","modified_gmt":"2020-06-23T18:14:17","slug":"chatbots","status":"publish","type":"page","link":"https:\/\/www.fuctura.com.br\/recife\/cursos\/chatbots\/","title":{"rendered":"ChatBots IBM com Java"},"content":{"rendered":"<section class=\"topo-curso android\">\n<div class=\"container\">\n<div class=\"row\">\n<div class=\"col-md-8\">\n<div class=\"row\">\n<div class=\"col-md-12\">\n<h1 class=\"curso-title\">Chatbots<\/h1>\n<\/div>\n<\/div>\n<div class=\"row\">\n<div class=\"boxes hora\">24h<\/div>\n<div class=\"boxes modalidade\"><i class=\"fa fa-flag-o\"><\/i> \u00a0Presencial<\/div>\n<\/div>\n<\/div>\n<div class=\"col-md-4 text-center\"><img decoding=\"async\" class=\"img-responsive\" src=\"http:\/\/www.fuctura.com.br\/recife\/wp-content\/uploads\/2018\/06\/curso-chatbot.png\" \/><\/div>\n<\/div>\n<\/div>\n<\/section>\n<section class=\"about\">\n<div class=\"container\">\n<div class=\"row\">\n<div class=\"col-md-12\">\n<ol class=\"breadcrumb\">\n<li><a href=\"index.php\">Home<\/a><\/li>\n<li><a href=\"cursos.php\">Cursos<\/a><\/li>\n<li class=\"active\">CHatbots<\/li>\n<\/ol>\n<\/div>\n<\/div>\n<div class=\"row\">\n<p><!-- Principal --><\/p>\n<div class=\"col-lg-8 about-text\">\n<h3>Chatbots?<\/h3>\n<p>Se voc\u00ea acompanhou as novidades da internet nos \u00faltimos meses, certamente passou por termos como Intelig\u00eancia Artificial, Machine Learning e a rela\u00e7\u00e3o desses dois conceitos: <strong>chatbots<\/strong>!<\/p>\n<p>\u00c9 poss\u00edvel que voc\u00ea entender o que \u00e9 um Chatbot s\u00f3 de ler:\u00a0 Chat (conversa) e Bot (rob\u00f4).<\/p>\n<blockquote>\n<h3><span style=\"color: #ff0000;\">Voc\u00ea vai aprender a configurar seu Chatbot, suas inten\u00e7\u00f5es e objetivos, e vai colocar no ar funcionando!<\/span><\/h3>\n<\/blockquote>\n<p>\u00c9 uma grande evolu\u00e7\u00e3o na rela\u00e7\u00e3o entre pessoas, marcas e tecnologia.<\/p>\n<p>Eles influenciam desde a maneira como as pessoas utilizam seus telefones (em vez de baixar o aplicativo, <strong>por que n\u00e3o conversar via chat?<\/strong>) at\u00e9 a opera\u00e7\u00e3o de Atendimento e Suporte de grandes empresas.<\/p>\n<p>Neste curso, presencial em Recife,\u00a0 voc\u00ea vai\u00a0 aprender conceitos importantes para <em>Processamento de Linguagem Natural<\/em> como <strong>Inten\u00e7\u00f5es e Entidades<\/strong> de forma a manter assuntos em contexto para que o fluxo de di\u00e1logo fique o mais natural poss\u00edvel.<\/p>\n<p>Vamos mostrar como implementar no seu aplicativo ou no Facebook usando Java. Voc\u00ea vai construir seu Chatbot\u00a0 acompanhado de uma equipe de profissionais reconhecidos nacionalmente.<\/p>\n<\/div>\n<h3>Grupo de estudo Chatbot Watson<\/h3>\n<p><a href=\"http:\/\/www.fuctura.com.br\/recife\/rupo-de-estudantes-em-chatbot-watson\/\" target=\"_blank\" rel=\"noopener\"><img loading=\"lazy\" decoding=\"async\" class=\"size-medium wp-image-11903 alignnone\" src=\"http:\/\/www.fuctura.com.br\/recife\/wp-content\/uploads\/2018\/07\/encontro-watson-fuctura-300x146.jpeg\" alt=\"\" width=\"300\" height=\"146\" srcset=\"https:\/\/www.fuctura.com.br\/recife\/wp-content\/uploads\/2018\/07\/encontro-watson-fuctura-300x146.jpeg 300w, https:\/\/www.fuctura.com.br\/recife\/wp-content\/uploads\/2018\/07\/encontro-watson-fuctura.jpeg 650w\" sizes=\"auto, (max-width: 300px) 100vw, 300px\" \/><\/a><\/p>\n<p>O grupo criado para ajudar os alunos a melhorar o seu Chatbot\u00a0 e a implementar no Instagran ou Facebook.<\/p>\n<p>O encontro \u00e9 mensal e voc\u00ea pode participar como nosso convidado. A cada reuni\u00e3o vamos apresentar um projeto , dar dicas e tirar todas as d\u00favidas.<\/p>\n<p>Participe !!!<\/p>\n<div><\/div>\n<p><!-- Coluna --><\/p>\n<\/div>\n<\/div>\n<\/section>\n<section class=\"bg-light-grey\">\n<div class=\"container\"><\/div>\n<p><!--M\u00f3dulos --><\/p>\n<section class=\"bg-light-grey\">\n<div class=\"container\">\n<div class=\"row\">\n<div class=\"col-md-12\">\n<hr \/>\n<p><a class=\"btn-cursosfull\" href=\"https:\/\/wa.me\/5581996240427?text=Ol\u00e1,%20gostaria%20de%20receber%20informa\u00e7\u00f5es%20do%20curso%20de%20Linux\" target=\"_blank\" rel=\"noopener\"><strong>Contato Whatsapp<\/strong><\/a><\/p>\n<hr \/>\n<h2 class=\"mission\">Conte\u00fado Pragm\u00e1tico<\/h2>\n<\/div>\n<\/div>\n<div id=\"conteudo\" class=\"panel-group\">\n<div class=\"panel panel-default conteudo-prag\">\n<div class=\"panel-heading\">\n<h4 class=\"panel-title\"><a href=\"#capitulo1\" data-toggle=\"collapse\" data-parent=\"#conteudo\">1. IBM Watson Assistant &#8211; 12h<\/a><\/h4>\n<\/div>\n<div id=\"capitulo1\" class=\"panel-collapse collapse\">\n<div class=\"panel-body\">\n<p>O objetivo deste m\u00f3dulo \u00e9 capacitar nas ferramentas Visuais e API do IBM Watson Assistant, construindo di\u00e1logos simples e avan\u00e7ados no Tooling do Watson Assistant, chamando as APIs Watson via o Back-End Java Springboot criado no m\u00f3dulo I, e assim fazendo a integra\u00e7\u00e3o com o Front-End criado no m\u00f3dulo II.<\/p>\n<\/div>\n<\/div>\n<\/div>\n<div class=\"panel panel-default conteudo-prag\">\n<div class=\"panel-heading\">\n<h4 class=\"panel-title\"><a href=\"#capitulo2\" data-toggle=\"collapse\" data-parent=\"#conteudo\">2. Back-End Java Springboot &#8211; 8 h<\/a><\/h4>\n<\/div>\n<div id=\"capitulo2\" class=\"panel-collapse collapse\">\n<div class=\"panel-body\">\n<p>O objetivo deste m\u00f3dulo \u00e9 a constru\u00e7\u00e3o de microservi\u00e7os (JSON REST API) em uma arquitetura escal\u00e1vel e de alta robustez. Utilizaremos Java Springboot como plataforma de Back-end do Chatbot, em uma arquitetura multicamadas, e neutra de tecnologia de front-end. Existe uma demanda mundial por Backend Java Springboot, apresentaremos como voc\u00ea poder\u00e1 vislumbrar estas oportunidades.<\/p>\n<\/div>\n<\/div>\n<\/div>\n<div class=\"panel panel-default conteudo-prag\">\n<div class=\"panel-heading\">\n<h4 class=\"panel-title\"><a href=\"#capitulo3\" data-toggle=\"collapse\" data-parent=\"#conteudo\">3. Front-End Html5, Bootstrap, JQuery &#8211; 4h<\/a><\/h4>\n<\/div>\n<div id=\"capitulo3\" class=\"panel-collapse collapse\">\n<div class=\"panel-body\">\n<p>O objetivo deste m\u00f3dulo \u00e9 a constru\u00e7\u00e3o da Interface do Usu\u00e1rio para o Chatbot, n\u00e3o \u00e9 aprender Html e demais. Aqui construiremos uma UI baseada em Html5, neutra, compat\u00edvel com qualquer dispositivo iOS, Android, Windows, Linux, etc. Aprenderemos como fazer uma interface din\u00e2mica, capaz de substituir funcionalidades de um ERP, por exemplo ou de uma ferramenta de Workflow.<\/p>\n<\/div>\n<\/div>\n<\/div>\n<div class=\"panel panel-default conteudo-prag\">\n<div class=\"panel-heading\">\n<h4 class=\"panel-title\"><\/h4>\n<\/div>\n<div id=\"capitulo4\" class=\"panel-collapse collapse\">\n<div class=\"panel-body\">\n<ul>\n<li><strong>Murilo Miranda<\/strong> &#8211; Projetista de Aprendizado de M\u00e1quina na DataXpert, pioneiro da plataforma IBM Watson no Brasil, com forma\u00e7\u00e3o na IBM do Brasil\/SP.<\/li>\n<li><strong>Andr\u00e9 Guerra<\/strong> &#8211; Cientista de Dados da MAIND Intelig\u00eancia Artificial, pioneiro na aplica\u00e7\u00e3o da plataforma IBM Watson no Brasil para a \u00e1rea jur\u00eddica, com projetos de repercuss\u00e3o nacional.<\/li>\n<\/ul>\n<\/div>\n<\/div>\n<\/div>\n<div class=\"panel panel-default conteudo-prag\">\n<div class=\"panel-heading\">\n<h4 class=\"panel-title\"><\/h4>\n<\/div>\n<div id=\"capitulo5\" class=\"panel-collapse collapse\">\n<div class=\"panel-body\">\n<ul>\n<li>Chatbots come\u00e7am a estar em todos os lugares, inclusive em Recife. Tamb\u00e9m s\u00e3o chamados por outros nomes, como assistentes virtuais, agentes virtuais ou simplesmente bot. \u00c9 um software que trabalha e gerencia as trocas de mensagens. Pode ser instalado em sites, apps propriet\u00e1rios e aplicativos populares, como o Facebook Messenger ou Telegram, dependendo do p\u00fablico-alvo e das necessidades das empresas, podendo o curso ser presencial em Recife.<\/li>\n<li>J\u00e1 as vers\u00f5es de chatbots mais sofisticadas chatbot como funciona, contam com recursos de curso chatbots para neg\u00f3cios em Recife de Intelig\u00eancia Artificial como criar um chatbot e chatbot gr\u00e1tis, que os tornam capazes de aprender com exemplos de atendimento, passando informa\u00e7\u00f5es sobre os produtos e servi\u00e7os oferecidos e realizando a\u00e7\u00f5es mais complexas, inclusive permitir integra\u00e7\u00e3o entre o chatbot chatbots facebook e sistemas legados da empresa curso chatbot gratuito em Recife.<\/li>\n<li>Por esse motivo, chatbot significado a Intelig\u00eancia Artificial \u00e9 curso de chatbot microsoft considerada como desenvolver curso chatbot watson um chatbot uma tecnologia avan\u00e7ada em chatbots, j\u00e1 que oferece aos programas e aos softwares caracter\u00edsticas similares ao funcionamento da intelig\u00eancia humana, capaz de criar informa\u00e7\u00f5es a partir de dados treinamento chatbot fragmentados curso chatbot facebook.<\/li>\n<\/ul>\n<\/div>\n<\/div>\n<\/div>\n<\/div>\n<\/div>\n<\/section>\n<\/section>\n<section class=\"bg-azul\">\n<div class=\"container\">\n<div class=\"row\">\n<div class=\"col-md-12\">\n<h2 class=\"mission\">Curso presencial com<\/h2>\n<ul class=\"check-icon\">\n<li>24h de curso din\u00e2mico, com o maior conte\u00fado e o menor pre\u00e7o do mercado<\/li>\n<li>Instrutores Certificados IBM<\/li>\n<li>Material exclusivo<\/li>\n<li>Certificado com reconhecimento em todo o Brasil<\/li>\n<\/ul>\n<\/div>\n<\/div>\n<\/div>\n<\/section>\n<p><a name=\"reserva\"><\/a><\/p>\n","protected":false},"excerpt":{"rendered":"<p>Chatbots 24h \u00a0Presencial Home Cursos CHatbots Chatbots? Se voc\u00ea acompanhou as novidades da internet nos \u00faltimos meses, certamente passou por termos como Intelig\u00eancia Artificial, Machine Learning e a rela\u00e7\u00e3o desses dois conceitos: chatbots! \u00c9 poss\u00edvel que voc\u00ea entender o que \u00e9 um Chatbot s\u00f3 de ler:\u00a0 Chat (conversa) e Bot (rob\u00f4). Voc\u00ea vai aprender a [&hellip;]<\/p>\n","protected":false},"author":2,"featured_media":0,"parent":54,"menu_order":0,"comment_status":"closed","ping_status":"closed","template":"padrao-page.php","meta":{"footnotes":""},"class_list":["post-11610","page","type-page","status-publish","hentry"],"_links":{"self":[{"href":"https:\/\/www.fuctura.com.br\/recife\/wp-json\/wp\/v2\/pages\/11610","targetHints":{"allow":["GET"]}}],"collection":[{"href":"https:\/\/www.fuctura.com.br\/recife\/wp-json\/wp\/v2\/pages"}],"about":[{"href":"https:\/\/www.fuctura.com.br\/recife\/wp-json\/wp\/v2\/types\/page"}],"author":[{"embeddable":true,"href":"https:\/\/www.fuctura.com.br\/recife\/wp-json\/wp\/v2\/users\/2"}],"replies":[{"embeddable":true,"href":"https:\/\/www.fuctura.com.br\/recife\/wp-json\/wp\/v2\/comments?post=11610"}],"version-history":[{"count":30,"href":"https:\/\/www.fuctura.com.br\/recife\/wp-json\/wp\/v2\/pages\/11610\/revisions"}],"predecessor-version":[{"id":14310,"href":"https:\/\/www.fuctura.com.br\/recife\/wp-json\/wp\/v2\/pages\/11610\/revisions\/14310"}],"up":[{"embeddable":true,"href":"https:\/\/www.fuctura.com.br\/recife\/wp-json\/wp\/v2\/pages\/54"}],"wp:attachment":[{"href":"https:\/\/www.fuctura.com.br\/recife\/wp-json\/wp\/v2\/media?parent=11610"}],"curies":[{"name":"wp","href":"https:\/\/api.w.org\/{rel}","templated":true}]}}