{"id":121,"date":"2016-10-29T00:36:49","date_gmt":"2016-10-29T02:36:49","guid":{"rendered":"https:\/\/www.fuctura.com.br\/recife\/?page_id=121"},"modified":"2017-08-03T09:36:51","modified_gmt":"2017-08-03T12:36:51","slug":"servicos","status":"publish","type":"page","link":"https:\/\/www.fuctura.com.br\/recife\/servicos\/","title":{"rendered":"Servi\u00e7os Prestados"},"content":{"rendered":"<section class=\"bg-white\">\n<div class=\"container\">\n<ol class=\"breadcrumb\">\n<li style=\"text-align: left;\"><a href=\"http:\/\/www.fuctura.com.br\/\">Home<\/a><\/li>\n<li class=\"active\" style=\"text-align: left;\">Servi\u00e7os Prestados<\/li>\n<\/ol>\n<div class=\"row\">\n<div class=\"col-md-12 intro-text\">\n<p style=\"text-align: left;\">Analisaremos os processos de Ti da sua empresa e apontamos as melhores solu\u00e7\u00f5es para a sua realidade, resultando no menor impacto poss\u00edvel no seu ambiente.<\/p>\n<h2 style=\"text-align: left;\">Consultoria e Migra\u00e7\u00f5es<\/h2>\n<p>Trabalhamos com servidores em qualquer Sistema Operacional (Linux,\u00a0 Windows etc).<\/p>\n<p>Configura\u00e7\u00f5es de Servidores (Firewall, e-mail, Samba etc) e migra\u00e7\u00f5es de sistemas para economizar com licen\u00e7as<\/p>\n<p>Analisaremos os processos de Ti da sua empresa e apontamos as melhores solu\u00e7\u00f5es para a sua realidade, resultando no menor impacto poss\u00edvel no seu ambiente.<\/p>\n<p>Fazemos migra\u00e7\u00f5es para Linux, tanto servidores quanto usu\u00e1rios, migra\u00e7\u00f5es de sistemas ou office, usando LibreOffice.<\/p>\n<p>Tamb\u00e9m oferecemos estagi\u00e1rios treinados pela Fuctura para reduzir seu custo com profissionais e gerando uma oportunidade, tanto para a empresa contratar um funcion\u00e1rios qualificado, quanto para quem est\u00e1 come\u00e7ando e leva a s\u00e9rio sua carreira.<\/p>\n<\/div>\n<\/div>\n<\/div>\n<\/section>\n<section class=\"bg-light-grey\">\n<div class=\"container\">\n<div class=\"row\">\n<div class=\"col-md-12\">\n<h2 class=\"mission\" style=\"text-align: left;\">Solu\u00e7\u00f5es<\/h2>\n<\/div>\n<\/div>\n<div id=\"conteudo\" class=\"panel-group\">\n<div class=\"panel panel-default conteudo-prag\">\n<div class=\"panel-heading\">\n<h4 class=\"panel-title\" style=\"text-align: left;\"><a href=\"#capitulo1\" data-toggle=\"collapse\" data-parent=\"#conteudo\">Sistemas Operacionais<\/a><\/h4>\n<\/div>\n<div id=\"capitulo1\" class=\"panel-collapse collapse in\" style=\"text-align: left;\">\n<div class=\"panel-body\">Consultoria especializada em sistemas operacionais de servidores corporativos (Microsoft, AIX, Linux)<\/div>\n<\/div>\n<\/div>\n<div class=\"panel panel-default conteudo-prag\" style=\"text-align: left;\">\n<div class=\"panel-heading\">\n<h4 class=\"panel-title\"><a href=\"#capitulo2\" data-toggle=\"collapse\" data-parent=\"#conteudo\">Gerenciamento de ambientes Virtualizados<\/a><\/h4>\n<\/div>\n<div id=\"capitulo2\" class=\"panel-collapse collapse\">\n<div class=\"panel-body\">Consultoria especializada no gerenciamento e implanta\u00e7\u00e3o de ambientes virtuais, em plataformas VMware e Hyper-V, solu\u00e7\u00f5es de VDI, Datacenter e infraestrutura em nuvem, entre outros.<\/div>\n<\/div>\n<\/div>\n<div class=\"panel panel-default conteudo-prag\" style=\"text-align: left;\">\n<div class=\"panel-heading\">\n<h4 class=\"panel-title\"><a href=\"#capitulo3\" data-toggle=\"collapse\" data-parent=\"#capitulo3\">Gerenciamento de Backup<\/a><\/h4>\n<\/div>\n<div id=\"capitulo3\" class=\"panel-collapse collapse\">\n<div class=\"panel-body\">Consultoria especializada em gerenciamento e co-administra\u00e7\u00e3o de ambientes de backup, implanta\u00e7\u00e3o e reestrutura\u00e7\u00e3o de ambientes.<\/div>\n<\/div>\n<\/div>\n<div class=\"panel panel-default conteudo-prag\" style=\"text-align: left;\">\n<div class=\"panel-heading\">\n<h4 class=\"panel-title\"><a href=\"#capitulo4\" data-toggle=\"collapse\" data-parent=\"#capitulo4\">Seguran\u00e7a em TI<\/a><\/h4>\n<\/div>\n<div id=\"capitulo4\" class=\"panel-collapse collapse\">\n<div class=\"panel-body\">Consultoria em seguran\u00e7a da informa\u00e7\u00e3o, solu\u00e7\u00f5es de Firewall, IDS, Antiv\u00edrus corporativo, entre outros.<\/div>\n<\/div>\n<\/div>\n<div class=\"panel panel-default conteudo-prag\" style=\"text-align: left;\">\n<div class=\"panel-heading\">\n<h4 class=\"panel-title\"><a href=\"#capitulo5\" data-toggle=\"collapse\" data-parent=\"#capitulo5\">Migra\u00e7\u00e3o e redu\u00e7\u00e3o com Licen\u00e7as<\/a><\/h4>\n<\/div>\n<div id=\"capitulo5\" class=\"panel-collapse collapse\">\n<div class=\"panel-body\">A migra\u00e7\u00e3o para o LibreOffice n\u00e3o deve ser encarada somente como uma mudan\u00e7a de software. Deve-se aproveitar como para que processos baseados em documentos sejam revistos e melhorados.<\/div>\n<\/div>\n<\/div>\n<div class=\"panel panel-default conteudo-prag\">\n<div class=\"panel-heading\">\n<h4 class=\"panel-title\" style=\"text-align: left;\"><a href=\"#capitulo6\" data-toggle=\"collapse\" data-parent=\"#capitulo6\">Executamos tamb\u00e9m<\/a><\/h4>\n<\/div>\n<div id=\"capitulo6\" class=\"panel-collapse collapse\">\n<div class=\"panel-body\">\n<ul>\n<li>Servidor de Arquivos<\/li>\n<li>Servidor de E-mail<\/li>\n<li>Servidor de VPN<\/li>\n<li>Servidor de Web<\/li>\n<li>Servidor de FTP<\/li>\n<li>Servidor de Backup<\/li>\n<li>Servidor de Banco de Dados<\/li>\n<li>Servidor de Firewall<\/li>\n<li>Servidor de Proxy<\/li>\n<li>Servidor de DNS<\/li>\n<li>Servidor de CRM<\/li>\n<li>Cluster Linux<\/li>\n<li>Migra\u00e7\u00e3o LibreOffice<\/li>\n<li>VoIP<\/li>\n<\/ul>\n<\/div>\n<\/div>\n<\/div>\n<\/div>\n<\/div>\n<\/section>\n","protected":false},"excerpt":{"rendered":"<p>Home Servi\u00e7os Prestados Analisaremos os processos de Ti da sua empresa e apontamos as melhores solu\u00e7\u00f5es para a sua realidade, resultando no menor impacto poss\u00edvel no seu ambiente. Consultoria e Migra\u00e7\u00f5es Trabalhamos com servidores em qualquer Sistema Operacional (Linux,\u00a0 Windows etc). Configura\u00e7\u00f5es de Servidores (Firewall, e-mail, Samba etc) e migra\u00e7\u00f5es de sistemas para economizar com [&hellip;]<\/p>\n","protected":false},"author":1,"featured_media":0,"parent":0,"menu_order":0,"comment_status":"closed","ping_status":"closed","template":"servicos.php","meta":{"footnotes":""},"class_list":["post-121","page","type-page","status-publish","hentry"],"_links":{"self":[{"href":"https:\/\/www.fuctura.com.br\/recife\/wp-json\/wp\/v2\/pages\/121","targetHints":{"allow":["GET"]}}],"collection":[{"href":"https:\/\/www.fuctura.com.br\/recife\/wp-json\/wp\/v2\/pages"}],"about":[{"href":"https:\/\/www.fuctura.com.br\/recife\/wp-json\/wp\/v2\/types\/page"}],"author":[{"embeddable":true,"href":"https:\/\/www.fuctura.com.br\/recife\/wp-json\/wp\/v2\/users\/1"}],"replies":[{"embeddable":true,"href":"https:\/\/www.fuctura.com.br\/recife\/wp-json\/wp\/v2\/comments?post=121"}],"version-history":[{"count":6,"href":"https:\/\/www.fuctura.com.br\/recife\/wp-json\/wp\/v2\/pages\/121\/revisions"}],"predecessor-version":[{"id":14044,"href":"https:\/\/www.fuctura.com.br\/recife\/wp-json\/wp\/v2\/pages\/121\/revisions\/14044"}],"wp:attachment":[{"href":"https:\/\/www.fuctura.com.br\/recife\/wp-json\/wp\/v2\/media?parent=121"}],"curies":[{"name":"wp","href":"https:\/\/api.w.org\/{rel}","templated":true}]}}