{"id":125,"date":"2016-10-31T01:00:53","date_gmt":"2016-10-31T03:00:53","guid":{"rendered":"https:\/\/www.fuctura.com.br\/recife\/?page_id=125"},"modified":"2019-12-09T08:31:16","modified_gmt":"2019-12-09T11:31:16","slug":"reserva-de-salas","status":"publish","type":"page","link":"https:\/\/www.fuctura.com.br\/recife\/reserva-de-salas\/","title":{"rendered":"Aluguel de Salas"},"content":{"rendered":"<section class=\"about\">\n<div class=\"container\">\n<ol class=\"breadcrumb\">\n<li style=\"list-style-type: none;\">\n<ol class=\"breadcrumb\">\n<li><a href=\"http:\/\/www.fuctura.com.br\/\">Home<\/a><\/li>\n<li class=\"active\">Aluguel de Salas<\/li>\n<\/ol>\n<\/li>\n<\/ol>\n<div class=\"row\">\n<div>\n<h2>Aluguel de Salas<\/h2>\n<p>Salas de aula com at\u00e9 <strong>20 computadores<\/strong> para o seu curso\/treinamento.\u00a0 O c\u00e1lculo \u00e9 pelo n\u00famero de computadores e a quantidade de horas (em Recife, no Porto Digital e no Espinheiro).<\/p>\n<p>Se voc\u00ea procura um espa\u00e7o para o seu curso\/treinamento, estamos a disposi\u00e7\u00e3o para uma parceria. Oferecemos toda a nossa estrutura por um pre\u00e7o diferenciado.<\/p>\n<h1>Sala de treinamento em Recife<\/h1>\n<p><strong>Capacidade:<\/strong> 12, 15 ou 20 pessoas, todas com computadores<\/p>\n<p><strong>Duas Unidades:<\/strong> Porto Digital(<a href=\"http:\/\/www.fuctura.com.br\/reserva-de-salas\/#\" target=\"_blank\" rel=\"noopener noreferrer\">Rua Dona Maria Cesar 170<\/a>)\u00a0 e Espinheiro (<a href=\"https:\/\/maps.google.com\/maps?q=Fuctura+Tecnologia+-+Rua+Nicar%C3%A1gua,+159,+Espinheiro,+Recife+-+Pernambuco,+Brasil&amp;hl=pt-BR&amp;ie=UTF8&amp;sll=-8.048622,-34.894989&amp;sspn=0.008201,0.009645&amp;oq=fuctura+Rua+Nicar%C3%A1gua,+159,+Espinheiro,+Pernambuco,+Brasil&amp;t=h&amp;hq=Fuctura+Tecnologia+-&amp;hnear=Rua+Nicar%C3%A1gua,+159+-+Espinheiro,+Pernambuco,+52020-190,+Brasil&amp;z=17\" target=\"_blank\" rel=\"noopener noreferrer\">Rua Nicaragua 159<\/a>), Recife \u2013 PE<\/p>\n<h4><strong>Estrutura<\/strong><\/h4>\n<table border=\"0\" width=\"100%\" cellspacing=\"0\" cellpadding=\"0\">\n<tbody>\n<tr>\n<td width=\"20%\">\n<ul>\n<li>Ar condicionado<\/li>\n<li>Estacionamento<\/li>\n<li>Quadro Branco e Tv<\/li>\n<li>Servi\u00e7o de \u00c1gua<\/li>\n<li>Servi\u00e7o de Caf\u00e9<\/li>\n<\/ul>\n<\/td>\n<td width=\"80%\">\n<ul>\n<li>Internet banda larga com 50mb<\/li>\n<li>Computadores<\/li>\n<li>Local para coffee<\/li>\n<li>Completa estrutura para banheiros<\/li>\n<li>Circuito de C\u00e2meras em ambientes internos e externos<\/li>\n<\/ul>\n<\/td>\n<\/tr>\n<\/tbody>\n<\/table>\n<\/div>\n<div id=\"comp-j0plsx3v\" class=\"txtNew\" data-packed=\"true\"><\/div>\n<div id=\"comp-j909a3g0\" class=\"txtNew\" data-packed=\"true\"><\/div>\n<div>\n<hr \/>\n<h4><strong>Descri\u00e7\u00e3o para pesquisa<\/strong><\/h4>\n<p>Alugamos salas para cursos e treinamento com estrutura completa. Temos 5 salas com mesas e computadores para aluguel por hora\/aula. Voc\u00ea pode alugar a sala em Recife na unidade do Espinheiro, pr\u00f3ximo a Agamenon Magalh\u00e3es, ou no Recife Antigo, do lado do CityBank.<\/p>\n<p>Os hor\u00e1rios para aluguel de sala dependem da disponibilidade, mas oferecemos nos 3 hor\u00e1rios durante a semana e no s\u00e1bado e domingo pela manh\u00e3 e tarde.<\/p>\n<p>Nossas salas contam com toda a infraestrutura necess\u00e1ria para seus treinamentos, din\u00e2micas em grupo, palestras ou treinamento avan\u00e7ado. Todos os espa\u00e7os s\u00e3o equipados com ar condicionado, cadeiras, computadores, quadro branco e internet com wi-fi.<\/p>\n<p>As salas podem ser alugadas por dia ou por hora de uso.<\/p>\n<p><img decoding=\"async\" src=\"http:\/\/www.fuctura.com.br\/recife\/wp-content\/themes\/fuctura\/images\/sobre\/fuctura-4.jpg\" \/>\u00a0\u00a0<img decoding=\"async\" src=\"http:\/\/www.fuctura.com.br\/recife\/wp-content\/themes\/fuctura\/images\/sobre\/fuctura-2.jpg\" \/>\u00a0\u00a0<img loading=\"lazy\" decoding=\"async\" class=\"alignnone\" src=\"http:\/\/www.fuctura.com.br\/recife\/wp-content\/themes\/fuctura\/images\/sobre\/fuctura-3.jpg\" alt=\"\" width=\"200\" height=\"150\" \/><\/p>\n<\/div>\n<h3 class=\"mission\"><a href=\"#reserva\"><img loading=\"lazy\" decoding=\"async\" class=\"size-full wp-image-12550 alignnone\" src=\"https:\/\/www.fuctura.com.br\/recife\/wp-content\/uploads\/2018\/10\/reserva.jpg\" alt=\"\" width=\"267\" height=\"189\" \/><\/a><\/h3>\n<h3>Loca\u00e7\u00e3o de Sala por hora\/temporada<\/h3>\n<p>Alugamos salas por hora\/aula, com toda estrutura para sua empresa. O valor depende do dia\/hor\u00e1rio\/sala. Se preferir um contato imediato use o<span style=\"color: #339966;\"> zap 81.96240427.<\/span><\/p>\n<h4>Fuctura Espinheiro<\/h4>\n<p><small><i class=\"fa fa-map-marker fa-lg\"><\/i>\u00a0Rua Nicar\u00e1gua, 159 \u2013 Espinheiro \u2013 Recife, Pernambuco.<br \/>\nCEP: 52020-190 (Entrada da Medical na Agamenon Magalh\u00e3es)<\/small><\/p>\n<h4>Fuctura Porto Digital<\/h4>\n<p><small><i class=\"fa fa-map-marker fa-lg\"><\/i>\u00a0Rua D. Maria Cesar, 170 \u2013 Recife Antigo.<br \/>\nCEP: 50030-140<\/small><\/p>\n<div><\/div>\n<\/div>\n<\/div>\n<\/section>\n<hr \/>\n<div class=\"container\">\n<div class=\"row col-md-12\">\n<h3>Salas com toda estrutura necess\u00e1ria<\/h3>\n<p><img decoding=\"async\" class=\"alignnone\" src=\"http:\/\/www.fuctura.com.br\/recife\/wp-content\/themes\/fuctura\/images\/sobre\/fuctura-3.jpg\" alt=\"\" \" \/><\/p>\n<p><img loading=\"lazy\" decoding=\"async\" class=\"alignnone size-full wp-image-12987\" src=\"https:\/\/www.fuctura.com.br\/recife\/wp-content\/uploads\/2019\/06\/sala.jpg\" alt=\"\" width=\"490\" height=\"368\" srcset=\"https:\/\/www.fuctura.com.br\/recife\/wp-content\/uploads\/2019\/06\/sala.jpg 490w, https:\/\/www.fuctura.com.br\/recife\/wp-content\/uploads\/2019\/06\/sala-300x225.jpg 300w\" sizes=\"auto, (max-width: 490px) 100vw, 490px\" \/><\/p>\n<h4><img loading=\"lazy\" decoding=\"async\" class=\"wp-image-11299 alignnone\" src=\"http:\/\/www.fuctura.com.br\/recife\/wp-content\/uploads\/2018\/04\/sala-de-aula-e1522857596423.jpg\" alt=\"\" width=\"490\" height=\"366\" \/>\u00a0\u00a0<img loading=\"lazy\" decoding=\"async\" class=\"size-full wp-image-11637 alignnone\" src=\"http:\/\/www.fuctura.com.br\/recife\/wp-content\/uploads\/2018\/07\/aluguel01.jpeg\" alt=\"\" width=\"490\" height=\"366\" srcset=\"https:\/\/www.fuctura.com.br\/recife\/wp-content\/uploads\/2018\/07\/aluguel01.jpeg 490w, https:\/\/www.fuctura.com.br\/recife\/wp-content\/uploads\/2018\/07\/aluguel01-300x224.jpeg 300w\" sizes=\"auto, (max-width: 490px) 100vw, 490px\" \/><\/h4>\n<section class=\"bg-clientes\">\n<div class=\"container\">\n<div class=\"row\">\n<div class=\"col-lg-12 text-center\">\n<h2><\/h2>\n<h2><\/h2>\n<h2>Nossos Clientes<\/h2>\n<\/div>\n<\/div>\n<div class=\"row\">\n<div class=\"swiper-container\">\n<div class=\"swiper-wrapper\">\n<div class=\"swiper-slide\"><img decoding=\"async\" class=\"img-responsive\" src=\"http:\/\/www.fuctura.com.br\/recife\/wp-content\/themes\/fuctura\/images\/clientes\/creape.png\" \/><\/div>\n<div class=\"swiper-slide\"><img decoding=\"async\" class=\"img-responsive\" src=\"http:\/\/www.fuctura.com.br\/recife\/wp-content\/themes\/fuctura\/images\/clientes\/correios.png\" \/><\/div>\n<div class=\"swiper-slide\"><img decoding=\"async\" class=\"img-responsive\" src=\"http:\/\/www.fuctura.com.br\/recife\/wp-content\/themes\/fuctura\/images\/clientes\/portodigital.png\" \/><\/div>\n<div class=\"swiper-slide\"><img decoding=\"async\" class=\"img-responsive\" src=\"http:\/\/www.fuctura.com.br\/recife\/wp-content\/themes\/fuctura\/images\/clientes\/bancobrasil.png\" \/><\/div>\n<div class=\"swiper-slide\"><img decoding=\"async\" class=\"img-responsive\" src=\"http:\/\/www.fuctura.com.br\/recife\/wp-content\/themes\/fuctura\/images\/clientes\/chesf.png\" \/><\/div>\n<div class=\"swiper-slide\"><img decoding=\"async\" class=\"img-responsive\" src=\"http:\/\/www.fuctura.com.br\/recife\/wp-content\/themes\/fuctura\/images\/clientes\/govpe.png\" \/><\/div>\n<div class=\"swiper-slide\"><img decoding=\"async\" class=\"img-responsive\" src=\"http:\/\/www.fuctura.com.br\/recife\/wp-content\/themes\/fuctura\/images\/clientes\/prefeiturarecife.png\" \/><\/div>\n<div class=\"swiper-slide\"><img decoding=\"async\" class=\"img-responsive\" src=\"http:\/\/www.fuctura.com.br\/recife\/wp-content\/themes\/fuctura\/images\/clientes\/tim.png\" \/><\/div>\n<div class=\"swiper-slide\"><img decoding=\"async\" class=\"img-responsive\" src=\"http:\/\/www.fuctura.com.br\/recife\/wp-content\/themes\/fuctura\/images\/clientes\/forcasarmadas.png\" \/><\/div>\n<div class=\"swiper-slide\"><img decoding=\"async\" class=\"img-responsive\" src=\"http:\/\/www.fuctura.com.br\/recife\/wp-content\/themes\/fuctura\/images\/clientes\/fg.png\" \/><\/div>\n<div class=\"swiper-slide\"><img decoding=\"async\" class=\"img-responsive\" src=\"http:\/\/www.fuctura.com.br\/recife\/wp-content\/themes\/fuctura\/images\/clientes\/hiperbompreco.png\" \/><\/div>\n<div class=\"swiper-slide\"><img decoding=\"async\" class=\"img-responsive\" src=\"http:\/\/www.fuctura.com.br\/recife\/wp-content\/themes\/fuctura\/images\/clientes\/gerdau.png\" \/><\/div>\n<div class=\"swiper-slide\"><img decoding=\"async\" class=\"img-responsive\" src=\"http:\/\/www.fuctura.com.br\/recife\/wp-content\/themes\/fuctura\/images\/clientes\/hospitalportugues.png\" \/><\/div>\n<div class=\"swiper-slide\"><img decoding=\"async\" class=\"img-responsive\" src=\"http:\/\/www.fuctura.com.br\/recife\/wp-content\/themes\/fuctura\/images\/clientes\/bvr.png\" \/><\/div>\n<div class=\"swiper-slide\"><img decoding=\"async\" class=\"img-responsive\" src=\"http:\/\/www.fuctura.com.br\/recife\/wp-content\/themes\/fuctura\/images\/clientes\/borborema.png\" \/><\/div>\n<div class=\"swiper-slide\"><img decoding=\"async\" class=\"img-responsive\" src=\"http:\/\/www.fuctura.com.br\/recife\/wp-content\/themes\/fuctura\/images\/clientes\/braz.png\" \/><\/div>\n<div class=\"swiper-slide\"><img decoding=\"async\" class=\"img-responsive\" src=\"http:\/\/www.fuctura.com.br\/recife\/wp-content\/themes\/fuctura\/images\/clientes\/marhotel.png\" \/><\/div>\n<\/div>\n<\/div>\n<\/div>\n<\/div>\n<\/section>\n<hr \/>\n<h4><span style=\"color: #ffffff;\">Aluguel de sala para treinamento em Recife<\/span><\/h4>\n<p><span style=\"color: #ffffff;\">Aluguel de sala em Recife,\u00a0\u00a0aluguel sala com computadores Recife\u00a0Salas Comerciais para alugar em Recife,\u00a0Aluguel de sala com computadores em Recife\u00a0Aluguel de sala com computadores Porto Digital,\u00a0Aluguel sala aula por hora Recife e Porto Digital , sala de aula por hora com computadores\u00a0 Alugar sala para aula\u00a0Sala de treinamento por hora, aluguel de Sala de Aula, Loca\u00e7\u00e3o Sala de Treinamento\u00a0aluguel de sala por hora recife\u00a0aluguel de sala para treinamento<\/span><\/p>\n<\/div>\n<\/div>\n<p><a name=\"reserva\"><\/a><\/p>\n","protected":false},"excerpt":{"rendered":"<p>Home Aluguel de Salas Aluguel de Salas Salas de aula com at\u00e9 20 computadores para o seu curso\/treinamento.\u00a0 O c\u00e1lculo \u00e9 pelo n\u00famero de computadores e a quantidade de horas (em Recife, no Porto Digital e no Espinheiro). Se voc\u00ea procura um espa\u00e7o para o seu curso\/treinamento, estamos a disposi\u00e7\u00e3o para uma parceria. Oferecemos toda [&hellip;]<\/p>\n","protected":false},"author":2,"featured_media":0,"parent":0,"menu_order":15,"comment_status":"closed","ping_status":"closed","template":"padrao-page.php","meta":{"footnotes":""},"class_list":["post-125","page","type-page","status-publish","hentry"],"_links":{"self":[{"href":"https:\/\/www.fuctura.com.br\/recife\/wp-json\/wp\/v2\/pages\/125","targetHints":{"allow":["GET"]}}],"collection":[{"href":"https:\/\/www.fuctura.com.br\/recife\/wp-json\/wp\/v2\/pages"}],"about":[{"href":"https:\/\/www.fuctura.com.br\/recife\/wp-json\/wp\/v2\/types\/page"}],"author":[{"embeddable":true,"href":"https:\/\/www.fuctura.com.br\/recife\/wp-json\/wp\/v2\/users\/2"}],"replies":[{"embeddable":true,"href":"https:\/\/www.fuctura.com.br\/recife\/wp-json\/wp\/v2\/comments?post=125"}],"version-history":[{"count":30,"href":"https:\/\/www.fuctura.com.br\/recife\/wp-json\/wp\/v2\/pages\/125\/revisions"}],"predecessor-version":[{"id":13522,"href":"https:\/\/www.fuctura.com.br\/recife\/wp-json\/wp\/v2\/pages\/125\/revisions\/13522"}],"wp:attachment":[{"href":"https:\/\/www.fuctura.com.br\/recife\/wp-json\/wp\/v2\/media?parent=125"}],"curies":[{"name":"wp","href":"https:\/\/api.w.org\/{rel}","templated":true}]}}