{"id":127,"date":"2016-10-31T01:03:43","date_gmt":"2016-10-31T03:03:43","guid":{"rendered":"https:\/\/www.fuctura.com.br\/recife\/?page_id=127"},"modified":"2020-08-19T08:35:53","modified_gmt":"2020-08-19T11:35:53","slug":"consultoria","status":"publish","type":"page","link":"https:\/\/www.fuctura.com.br\/recife\/consultoria\/","title":{"rendered":"Consultoria e Migra\u00e7\u00f5es"},"content":{"rendered":"<section class=\"about\">\n<div class=\"container\">\n<ol class=\"breadcrumb\">\n<li><a href=\"http:\/\/www.fuctura.com.br\/\">Home<\/a><\/li>\n<li class=\"active\">Consultoria<\/li>\n<\/ol>\n<div class=\"row\">\n<div class=\"col-lg-8 about-text\">\n<h2 style=\"text-align: left;\">Consultoria e Migra\u00e7\u00f5es<\/h2>\n<p>Trabalhamos com servidores em qualquer Sistema Operacional, configura\u00e7\u00f5es de Servidores (Firewall, e-mail, Samba etc) e migra\u00e7\u00f5es de sistemas para economizar com licen\u00e7as.<\/p>\n<p>Analisaremos os processos de Ti da sua empresa e apontamos as melhores solu\u00e7\u00f5es para a sua realidade, resultando no menor impacto poss\u00edvel no seu ambiente.<\/p>\n<p>Fazemos migra\u00e7\u00f5es para Linux, tanto servidores quanto usu\u00e1rios, migra\u00e7\u00f5es de sistemas ou office, usando LibreOffice.<\/p>\n<p>Nossa Mentoria em Marketing Digital possibilita a amplia\u00e7\u00e3o do seu neg\u00f3cio na Web. Implantamos o seu e-commerce, melhoramos seu Ranking no Google e implementamos um robozinho capaz de fazer um relacionamento com seu cliente.<\/p>\n<\/div>\n<p><img loading=\"lazy\" decoding=\"async\" class=\"size-full wp-image-14048 alignright\" src=\"https:\/\/www.fuctura.com.br\/recife\/wp-content\/uploads\/2020\/08\/chatbot-350.jpg\" alt=\"\" width=\"350\" height=\"244\" srcset=\"https:\/\/www.fuctura.com.br\/recife\/wp-content\/uploads\/2020\/08\/chatbot-350.jpg 350w, https:\/\/www.fuctura.com.br\/recife\/wp-content\/uploads\/2020\/08\/chatbot-350-300x209.jpg 300w\" sizes=\"auto, (max-width: 350px) 100vw, 350px\" \/><\/p>\n<p><strong>Conhe\u00e7a o nosso Chatbot, que conversa naturalmente com seus cliente e acelera as suas vendas<\/strong><\/p>\n<\/div>\n<\/div>\n<\/section>\n<section class=\"bg-light-grey\">\n<div class=\"container\">\n<div class=\"row\">\n<div class=\"col-md-12\">\n<h2 class=\"mission\" style=\"text-align: left;\">Solu\u00e7\u00f5es<\/h2>\n<\/div>\n<\/div>\n<div id=\"conteudo\" class=\"panel-group\">\n<div class=\"panel panel-default conteudo-prag\">\n<div class=\"panel-heading\">\n<h4 class=\"panel-title\" style=\"text-align: left;\"><a href=\"#capitulo1\" data-toggle=\"collapse\" data-parent=\"#conteudo\">Mentoria em Marketing Digital com Chatbot<\/a><\/h4>\n<\/div>\n<div id=\"capitulo1\" class=\"panel-collapse collapse in\">\n<div class=\"panel-body\">\n<p>Conte com nossa experi\u00eancia profissional com mais de 10 anos em\u00a0marketing digital\u00a0para auxili\u00e1-lo a tomar as melhores decis\u00f5es estrat\u00e9gicas por um de nossos consultores visando maximizar sua performance digital, aperfei\u00e7oar sua reputa\u00e7\u00e3o e atrair prospects qualificados.<\/p>\n<p>Ap\u00f3s um treinamento para voc\u00ea aprender a classificar o seu cliente seguinte os padr\u00f5es de vendas on-line, voc\u00ea conta com um bra\u00e7o especializado para entrar em contato com seus clientes, o nosso Chatbot.<\/p>\n<p>Chatbot \u00e9 um programa de computador que simula uma conversa humana em um chat. Dessa forma, \u00e9 poss\u00edvel automatizar tarefas repetitivas e burocr\u00e1ticas, como d\u00favidas frequentes, na forma de di\u00e1logo pr\u00e9-definido. Vamos gerar relacionamento com o seu cliente, aprender seus gostos e aumentar as suas vendas.<\/p>\n<\/div>\n<\/div>\n<\/div>\n<div class=\"panel panel-default conteudo-prag\">\n<div class=\"panel-heading\">\n<h4 class=\"panel-title\"><a href=\"#capitulo2\" data-toggle=\"collapse\" data-parent=\"#capitulo2\">Gerenciamento de ambientes Virtualizados<\/a><\/h4>\n<\/div>\n<div id=\"capitulo2\" class=\"panel-collapse collapse\">\n<div class=\"panel-body\">Consultoria especializada no gerenciamento e implanta\u00e7\u00e3o de ambientes virtuais, em plataformas VMware e Hyper-V, solu\u00e7\u00f5es de VDI, Datacenter e infraestrutura em nuvem, entre outros.<\/div>\n<\/div>\n<\/div>\n<div class=\"panel panel-default conteudo-prag\">\n<div class=\"panel-heading\">\n<h4 class=\"panel-title\"><a href=\"#capitulo3\" data-toggle=\"collapse\" data-parent=\"#capitulo3\">Gerenciamento de Backup<\/a><\/h4>\n<\/div>\n<div id=\"capitulo3\" class=\"panel-collapse collapse\">\n<div class=\"panel-body\">Consultoria especializada em gerenciamento e co-administra\u00e7\u00e3o de ambientes de backup, implanta\u00e7\u00e3o e reestrutura\u00e7\u00e3o de ambientes.<\/div>\n<\/div>\n<\/div>\n<div class=\"panel panel-default conteudo-prag\">\n<div class=\"panel-heading\">\n<h4 class=\"panel-title\"><a href=\"#capitulo4\" data-toggle=\"collapse\" data-parent=\"#capitulo4\">Seguran\u00e7a em TI<\/a><\/h4>\n<\/div>\n<div id=\"capitulo4\" class=\"panel-collapse collapse\">\n<div class=\"panel-body\">Consultoria em seguran\u00e7a da informa\u00e7\u00e3o, solu\u00e7\u00f5es de Firewall, IDS, Antiv\u00edrus corporativo, entre outros.<\/div>\n<\/div>\n<\/div>\n<div class=\"panel panel-default conteudo-prag\">\n<div class=\"panel-heading\">\n<h4 class=\"panel-title\"><a href=\"#capitulo5\" data-toggle=\"collapse\" data-parent=\"#capitulo5\">Migra\u00e7\u00e3o e redu\u00e7\u00e3o com Licen\u00e7as<\/a><\/h4>\n<\/div>\n<div id=\"capitulo5\" class=\"panel-collapse collapse\">\n<div class=\"panel-body\">A migra\u00e7\u00e3o para o LibreOffice n\u00e3o deve ser encarada somente como uma mudan\u00e7a de software. Deve-se aproveitar como para que processos baseados em documentos sejam revistos e melhorados.<\/div>\n<\/div>\n<\/div>\n<div class=\"panel panel-default conteudo-prag\">\n<div class=\"panel-heading\">\n<h4 class=\"panel-title\"><a href=\"#capitulo6\" data-toggle=\"collapse\" data-parent=\"#capitulo6\">Executamos tamb\u00e9m<\/a><\/h4>\n<\/div>\n<div id=\"capitulo6\" class=\"panel-collapse collapse\">\n<div class=\"panel-body\">\n<ul>\n<li>Servidor de Arquivos<\/li>\n<li>Servidor de E-mail<\/li>\n<li>Servidor de VPN<\/li>\n<li>Servidor de Web<\/li>\n<li>Servidor de FTP<\/li>\n<li>Servidor de Backup<\/li>\n<li>Servidor de Banco de Dados<\/li>\n<li>Servidor de Firewall<\/li>\n<li>Servidor de Proxy<\/li>\n<li>Servidor de DNS<\/li>\n<li>Servidor de CRM<\/li>\n<li>Cluster Linux<\/li>\n<li>Migra\u00e7\u00e3o LibreOffice<\/li>\n<li>VoIP<\/li>\n<\/ul>\n<\/div>\n<\/div>\n<\/div>\n<\/div>\n<\/div>\n<\/section>\n<section class=\"bg-clientes\">\n<div class=\"container\">\n<div class=\"row\">\n<div class=\"col-lg-12 text-center\">\n<h2>Nossos Clientes<\/h2>\n<\/div>\n<\/div>\n<div class=\"row\">\n<div class=\"swiper-container\">\n<div class=\"swiper-wrapper\">\n<div class=\"swiper-slide\"><img decoding=\"async\" class=\"img-responsive\" src=\"http:\/\/www.fuctura.com.br\/recife\/wp-content\/themes\/fuctura\/images\/clientes\/creape.png\" \/><\/div>\n<div class=\"swiper-slide\"><img decoding=\"async\" class=\"img-responsive\" src=\"http:\/\/www.fuctura.com.br\/recife\/wp-content\/themes\/fuctura\/images\/clientes\/correios.png\" \/><\/div>\n<div class=\"swiper-slide\"><img decoding=\"async\" class=\"img-responsive\" src=\"http:\/\/www.fuctura.com.br\/recife\/wp-content\/themes\/fuctura\/images\/clientes\/portodigital.png\" \/><\/div>\n<div class=\"swiper-slide\"><img decoding=\"async\" class=\"img-responsive\" src=\"http:\/\/www.fuctura.com.br\/recife\/wp-content\/themes\/fuctura\/images\/clientes\/bancobrasil.png\" \/><\/div>\n<div class=\"swiper-slide\"><img decoding=\"async\" class=\"img-responsive\" src=\"http:\/\/www.fuctura.com.br\/recife\/wp-content\/themes\/fuctura\/images\/clientes\/chesf.png\" \/><\/div>\n<div class=\"swiper-slide\"><img decoding=\"async\" class=\"img-responsive\" src=\"http:\/\/www.fuctura.com.br\/recife\/wp-content\/themes\/fuctura\/images\/clientes\/govpe.png\" \/><\/div>\n<div class=\"swiper-slide\"><img decoding=\"async\" class=\"img-responsive\" src=\"http:\/\/www.fuctura.com.br\/recife\/wp-content\/themes\/fuctura\/images\/clientes\/prefeiturarecife.png\" \/><\/div>\n<div class=\"swiper-slide\"><img decoding=\"async\" class=\"img-responsive\" src=\"http:\/\/www.fuctura.com.br\/recife\/wp-content\/themes\/fuctura\/images\/clientes\/tim.png\" \/><\/div>\n<div class=\"swiper-slide\"><img decoding=\"async\" class=\"img-responsive\" src=\"http:\/\/www.fuctura.com.br\/recife\/wp-content\/themes\/fuctura\/images\/clientes\/forcasarmadas.png\" \/><\/div>\n<div class=\"swiper-slide\"><img decoding=\"async\" class=\"img-responsive\" src=\"http:\/\/www.fuctura.com.br\/recife\/wp-content\/themes\/fuctura\/images\/clientes\/fg.png\" \/><\/div>\n<div class=\"swiper-slide\"><img decoding=\"async\" class=\"img-responsive\" src=\"http:\/\/www.fuctura.com.br\/recife\/wp-content\/themes\/fuctura\/images\/clientes\/hiperbompreco.png\" \/><\/div>\n<div class=\"swiper-slide\"><img decoding=\"async\" class=\"img-responsive\" src=\"http:\/\/www.fuctura.com.br\/recife\/wp-content\/themes\/fuctura\/images\/clientes\/gerdau.png\" \/><\/div>\n<div class=\"swiper-slide\"><img decoding=\"async\" class=\"img-responsive\" src=\"http:\/\/www.fuctura.com.br\/recife\/wp-content\/themes\/fuctura\/images\/clientes\/hospitalportugues.png\" \/><\/div>\n<div class=\"swiper-slide\"><img decoding=\"async\" class=\"img-responsive\" src=\"http:\/\/www.fuctura.com.br\/recife\/wp-content\/themes\/fuctura\/images\/clientes\/bvr.png\" \/><\/div>\n<div class=\"swiper-slide\"><img decoding=\"async\" class=\"img-responsive\" src=\"http:\/\/www.fuctura.com.br\/recife\/wp-content\/themes\/fuctura\/images\/clientes\/borborema.png\" \/><\/div>\n<div class=\"swiper-slide\"><img decoding=\"async\" class=\"img-responsive\" src=\"http:\/\/www.fuctura.com.br\/recife\/wp-content\/themes\/fuctura\/images\/clientes\/braz.png\" \/><\/div>\n<div class=\"swiper-slide\"><img decoding=\"async\" class=\"img-responsive\" src=\"http:\/\/www.fuctura.com.br\/recife\/wp-content\/themes\/fuctura\/images\/clientes\/marhotel.png\" \/><\/div>\n<\/div>\n<\/div>\n<\/div>\n<\/div>\n<\/section>\n<p><img decoding=\"async\" class=\"size-full wp-image-14047 alignright\" src=\"https:\/\/www.fuctura.com.br\/recife\/wp-content\/uploads\/2020\/08\/marketing-digital-4.png\" alt=\"\" width=\"100%\" height=\"542\" srcset=\"https:\/\/www.fuctura.com.br\/recife\/wp-content\/uploads\/2020\/08\/marketing-digital-4.png 1200w, https:\/\/www.fuctura.com.br\/recife\/wp-content\/uploads\/2020\/08\/marketing-digital-4-300x136.png 300w, https:\/\/www.fuctura.com.br\/recife\/wp-content\/uploads\/2020\/08\/marketing-digital-4-768x347.png 768w, https:\/\/www.fuctura.com.br\/recife\/wp-content\/uploads\/2020\/08\/marketing-digital-4-1024x463.png 1024w\" sizes=\"(max-width: 1200px) 100vw, 1200px\" \/><\/p>\n<hr \/>\n","protected":false},"excerpt":{"rendered":"<p>Home Consultoria Consultoria e Migra\u00e7\u00f5es Trabalhamos com servidores em qualquer Sistema Operacional, configura\u00e7\u00f5es de Servidores (Firewall, e-mail, Samba etc) e migra\u00e7\u00f5es de sistemas para economizar com licen\u00e7as. Analisaremos os processos de Ti da sua empresa e apontamos as melhores solu\u00e7\u00f5es para a sua realidade, resultando no menor impacto poss\u00edvel no seu ambiente. Fazemos migra\u00e7\u00f5es para [&hellip;]<\/p>\n","protected":false},"author":2,"featured_media":0,"parent":0,"menu_order":16,"comment_status":"closed","ping_status":"closed","template":"padrao-page.php","meta":{"footnotes":""},"class_list":["post-127","page","type-page","status-publish","hentry"],"_links":{"self":[{"href":"https:\/\/www.fuctura.com.br\/recife\/wp-json\/wp\/v2\/pages\/127","targetHints":{"allow":["GET"]}}],"collection":[{"href":"https:\/\/www.fuctura.com.br\/recife\/wp-json\/wp\/v2\/pages"}],"about":[{"href":"https:\/\/www.fuctura.com.br\/recife\/wp-json\/wp\/v2\/types\/page"}],"author":[{"embeddable":true,"href":"https:\/\/www.fuctura.com.br\/recife\/wp-json\/wp\/v2\/users\/2"}],"replies":[{"embeddable":true,"href":"https:\/\/www.fuctura.com.br\/recife\/wp-json\/wp\/v2\/comments?post=127"}],"version-history":[{"count":38,"href":"https:\/\/www.fuctura.com.br\/recife\/wp-json\/wp\/v2\/pages\/127\/revisions"}],"predecessor-version":[{"id":14053,"href":"https:\/\/www.fuctura.com.br\/recife\/wp-json\/wp\/v2\/pages\/127\/revisions\/14053"}],"wp:attachment":[{"href":"https:\/\/www.fuctura.com.br\/recife\/wp-json\/wp\/v2\/media?parent=127"}],"curies":[{"name":"wp","href":"https:\/\/api.w.org\/{rel}","templated":true}]}}