{"id":131,"date":"2016-10-31T01:10:03","date_gmt":"2016-10-31T03:10:03","guid":{"rendered":"https:\/\/www.fuctura.com.br\/recife\/?page_id=131"},"modified":"2019-02-05T13:48:52","modified_gmt":"2019-02-05T16:48:52","slug":"convenios","status":"publish","type":"page","link":"https:\/\/www.fuctura.com.br\/recife\/convenios\/","title":{"rendered":"Conv\u00eanios com Empresas"},"content":{"rendered":"<section class=\"about\">\n<div class=\"container\">\n<ol class=\"breadcrumb\">\n<li><a href=\"http:\/\/www.fuctura.com.br\/\">Home<\/a><\/li>\n<li class=\"active\">Conv\u00eanios<\/li>\n<\/ol>\n<div class=\"row\">\n<div class=\"col-lg-8 about-text\">\n<h2>Conv\u00eanios com Empresas<\/h2>\n<p>Programa de desconto de custo zero. Capacita\u00e7\u00e3o, qualifica\u00e7\u00e3o e certfica\u00e7\u00e3o para colaboradores e dependentes conveniados<\/p>\n<p>O <strong>Conv\u00eanio Educacional Corporativo<\/strong> foi criado para beneficiar a Institui\u00e7\u00e3o Conveniada e os seus colaboradores\/alunos com educa\u00e7\u00e3o continuada, aumentando a motiva\u00e7\u00e3o e o n\u00edvel t\u00e9cnico da equipe e acad\u00eamicos.<\/p>\n<p>O Conv\u00eanio \u00e9 estabelecido atrav\u00e9s do preenchimento do formul\u00e1rio no final desta p\u00e1gina e da visita de um profissional da Fuctura que vai explicar todos os detalhes.<\/p>\n<h3>Benef\u00edcios da Conveniada<\/h3>\n<p>A institui\u00e7\u00e3o conveniada \u00e9 beneficiada com descontos exclusivos para seus colaboradores\/alunos, com um minicurso<strong>*<\/strong> na institui\u00e7\u00e3o (In Company), bolsas com 30% de desconto, participa dos eventos organizados pela Fuctura e tem descontos nas provas oficiais aplicados em eventos de Software Livre.<\/p>\n<p>Na contrapartida a Conveniada compromete-se a divulgar, entre seus colaboradores\/alunos, o conv\u00eanio atrav\u00e9s de cartazes, folders, e-mails, panfletos, pelo site ou outra forma que achar mais adequada.<\/p>\n<h3><b>Vantagens detalhadas<br \/>\n<\/b><\/h3>\n<ul>\n<li>Desconto para capacita\u00e7\u00e3o dos seus colaboradores (at\u00e9 30%)<\/li>\n<li>Indica\u00e7\u00e3o de novos profissionais capacitados para est\u00e1gio ou emprego<\/li>\n<li>Consultoria especializada para solu\u00e7\u00f5es de TI<\/li>\n<li>Desconto e facilidades para treinamento <i>in company<\/i><\/li>\n<li>Acesso ao cadastro de profissionais qualificados.<\/li>\n<\/ul>\n<h3><b>O que \u00e9 necess\u00e1rio para a parceria?<br \/>\n<\/b><\/h3>\n<ul>\n<li>Contato com RH e\\ou Gestor de TI<\/li>\n<li>Encontro para apresenta\u00e7\u00e3o da proposta<\/li>\n<li>Aceita\u00e7\u00e3o da proposta com assinatura de contrato<\/li>\n<li>Envio dos dados dos colaboradores para confec\u00e7\u00e3o dos vouchers personalizados<\/li>\n<li>Contato com pessoal de RP, RH e comunica\u00e7\u00e3o para distribui\u00e7\u00e3o do material<\/li>\n<\/ul>\n<p>Todos esses cursos oferecemos at\u00e9 30% de desconto para funcion\u00e1rios \u00a0e alunos dos parceiros<\/p>\n<\/div>\n<div class=\"col-md-4\">\n<div class=\"col-xs-6\"><img decoding=\"async\" class=\"img-responsive\" src=\"http:\/\/www.fuctura.com.br\/recife\/wp-content\/themes\/fuctura\/images\/sobre\/fuctura-1.jpg\" \/><br \/>\n<img decoding=\"async\" class=\"img-responsive\" style=\"margin-top: 20px;\" src=\"http:\/\/www.fuctura.com.br\/recife\/wp-content\/themes\/fuctura\/images\/sobre\/fuctura-3.jpg\" \/><\/div>\n<div class=\"col-xs-6\"><img decoding=\"async\" class=\"img-responsive\" src=\"http:\/\/www.fuctura.com.br\/recife\/wp-content\/themes\/fuctura\/images\/sobre\/fuctura-2.jpg\" \/><br \/>\n<img decoding=\"async\" class=\"img-responsive\" style=\"margin-top: 20px;\" src=\"http:\/\/www.fuctura.com.br\/recife\/wp-content\/themes\/fuctura\/images\/sobre\/fuctura-4.jpg\" \/><\/div>\n<\/div>\n<\/div>\n<\/div>\n<\/section>\n<section class=\"bg-clientes\">\n<div class=\"container\">\n<div class=\"row\">\n<div class=\"col-lg-12 text-center\">\n<h2>Nossos Clientes<\/h2>\n<\/div>\n<\/div>\n<div class=\"row\">\n<div class=\"swiper-container\">\n<div class=\"swiper-wrapper\">\n<div class=\"swiper-slide\"><img decoding=\"async\" class=\"img-responsive\" src=\"http:\/\/www.fuctura.com.br\/recife\/wp-content\/themes\/fuctura\/images\/clientes\/creape.png\" \/><\/div>\n<div class=\"swiper-slide\"><img decoding=\"async\" class=\"img-responsive\" src=\"http:\/\/www.fuctura.com.br\/recife\/wp-content\/themes\/fuctura\/images\/clientes\/correios.png\" \/><\/div>\n<div class=\"swiper-slide\"><img decoding=\"async\" class=\"img-responsive\" src=\"http:\/\/www.fuctura.com.br\/recife\/wp-content\/themes\/fuctura\/images\/clientes\/portodigital.png\" \/><\/div>\n<div class=\"swiper-slide\"><img decoding=\"async\" class=\"img-responsive\" src=\"http:\/\/www.fuctura.com.br\/recife\/wp-content\/themes\/fuctura\/images\/clientes\/bancobrasil.png\" \/><\/div>\n<div class=\"swiper-slide\"><img decoding=\"async\" class=\"img-responsive\" src=\"http:\/\/www.fuctura.com.br\/recife\/wp-content\/themes\/fuctura\/images\/clientes\/chesf.png\" \/><\/div>\n<div class=\"swiper-slide\"><img decoding=\"async\" class=\"img-responsive\" src=\"http:\/\/www.fuctura.com.br\/recife\/wp-content\/themes\/fuctura\/images\/clientes\/govpe.png\" \/><\/div>\n<div class=\"swiper-slide\"><img decoding=\"async\" class=\"img-responsive\" src=\"http:\/\/www.fuctura.com.br\/recife\/wp-content\/themes\/fuctura\/images\/clientes\/prefeiturarecife.png\" \/><\/div>\n<div class=\"swiper-slide\"><img decoding=\"async\" class=\"img-responsive\" src=\"http:\/\/www.fuctura.com.br\/recife\/wp-content\/themes\/fuctura\/images\/clientes\/tim.png\" \/><\/div>\n<div class=\"swiper-slide\"><img decoding=\"async\" class=\"img-responsive\" src=\"http:\/\/www.fuctura.com.br\/recife\/wp-content\/themes\/fuctura\/images\/clientes\/forcasarmadas.png\" \/><\/div>\n<div class=\"swiper-slide\"><img decoding=\"async\" class=\"img-responsive\" src=\"http:\/\/www.fuctura.com.br\/recife\/wp-content\/themes\/fuctura\/images\/clientes\/fg.png\" \/><\/div>\n<div class=\"swiper-slide\"><img decoding=\"async\" class=\"img-responsive\" src=\"http:\/\/www.fuctura.com.br\/recife\/wp-content\/themes\/fuctura\/images\/clientes\/hiperbompreco.png\" \/><\/div>\n<div class=\"swiper-slide\"><img decoding=\"async\" class=\"img-responsive\" src=\"http:\/\/www.fuctura.com.br\/recife\/wp-content\/themes\/fuctura\/images\/clientes\/gerdau.png\" \/><\/div>\n<div class=\"swiper-slide\"><img decoding=\"async\" class=\"img-responsive\" src=\"http:\/\/www.fuctura.com.br\/recife\/wp-content\/themes\/fuctura\/images\/clientes\/hospitalportugues.png\" \/><\/div>\n<div class=\"swiper-slide\"><img decoding=\"async\" class=\"img-responsive\" src=\"http:\/\/www.fuctura.com.br\/recife\/wp-content\/themes\/fuctura\/images\/clientes\/bvr.png\" \/><\/div>\n<div class=\"swiper-slide\"><img decoding=\"async\" class=\"img-responsive\" src=\"http:\/\/www.fuctura.com.br\/recife\/wp-content\/themes\/fuctura\/images\/clientes\/borborema.png\" \/><\/div>\n<div class=\"swiper-slide\"><img decoding=\"async\" class=\"img-responsive\" src=\"http:\/\/www.fuctura.com.br\/recife\/wp-content\/themes\/fuctura\/images\/clientes\/braz.png\" \/><\/div>\n<div class=\"swiper-slide\"><img decoding=\"async\" class=\"img-responsive\" src=\"http:\/\/www.fuctura.com.br\/recife\/wp-content\/themes\/fuctura\/images\/clientes\/marhotel.png\" \/><\/div>\n<\/div>\n<\/div>\n<\/div>\n<\/div>\n<\/section>\n<hr \/>\n","protected":false},"excerpt":{"rendered":"<p>Home Conv\u00eanios Conv\u00eanios com Empresas Programa de desconto de custo zero. Capacita\u00e7\u00e3o, qualifica\u00e7\u00e3o e certfica\u00e7\u00e3o para colaboradores e dependentes conveniados O Conv\u00eanio Educacional Corporativo foi criado para beneficiar a Institui\u00e7\u00e3o Conveniada e os seus colaboradores\/alunos com educa\u00e7\u00e3o continuada, aumentando a motiva\u00e7\u00e3o e o n\u00edvel t\u00e9cnico da equipe e acad\u00eamicos. O Conv\u00eanio \u00e9 estabelecido atrav\u00e9s do [&hellip;]<\/p>\n","protected":false},"author":2,"featured_media":0,"parent":0,"menu_order":17,"comment_status":"closed","ping_status":"closed","template":"padrao-page.php","meta":{"footnotes":""},"class_list":["post-131","page","type-page","status-publish","hentry"],"_links":{"self":[{"href":"https:\/\/www.fuctura.com.br\/recife\/wp-json\/wp\/v2\/pages\/131","targetHints":{"allow":["GET"]}}],"collection":[{"href":"https:\/\/www.fuctura.com.br\/recife\/wp-json\/wp\/v2\/pages"}],"about":[{"href":"https:\/\/www.fuctura.com.br\/recife\/wp-json\/wp\/v2\/types\/page"}],"author":[{"embeddable":true,"href":"https:\/\/www.fuctura.com.br\/recife\/wp-json\/wp\/v2\/users\/2"}],"replies":[{"embeddable":true,"href":"https:\/\/www.fuctura.com.br\/recife\/wp-json\/wp\/v2\/comments?post=131"}],"version-history":[{"count":17,"href":"https:\/\/www.fuctura.com.br\/recife\/wp-json\/wp\/v2\/pages\/131\/revisions"}],"predecessor-version":[{"id":12735,"href":"https:\/\/www.fuctura.com.br\/recife\/wp-json\/wp\/v2\/pages\/131\/revisions\/12735"}],"wp:attachment":[{"href":"https:\/\/www.fuctura.com.br\/recife\/wp-json\/wp\/v2\/media?parent=131"}],"curies":[{"name":"wp","href":"https:\/\/api.w.org\/{rel}","templated":true}]}}