{"id":14209,"date":"2020-09-28T12:40:51","date_gmt":"2020-09-28T15:40:51","guid":{"rendered":"https:\/\/www.fuctura.com.br\/recife\/?page_id=14209"},"modified":"2022-08-15T12:35:43","modified_gmt":"2022-08-15T15:35:43","slug":"desenvolvimento-premium","status":"publish","type":"page","link":"https:\/\/www.fuctura.com.br\/recife\/cursos\/desenvolvimento-premium\/","title":{"rendered":"Desenvolvimento Premium"},"content":{"rendered":"<section class=\"topo-curso java\">\n<div class=\"container\">\n<div class=\"row\">\n<div class=\"col-md-8\">\n<div class=\"row\">\n<div class=\"col-md-12\">\n<h1 class=\"curso-title\">Desenvolvimento Premium A<\/h1>\n<\/div>\n<\/div>\n<div class=\"row\">\n<div class=\"boxes hora\">\u00a0246h<\/div>\n<div class=\"boxes modalidade\"><i class=\"fa fa-flag-o\"><\/i> \u00a0Presencial ou On-line<\/div>\n<\/div>\n<\/div>\n<div class=\"col-md-4 text-center\"><img loading=\"lazy\" decoding=\"async\" class=\"img-responsive\" src=\"https:\/\/www.fuctura.com.br\/recife\/wp-content\/uploads\/2018\/11\/angular-512.png\" width=\"290\" height=\"290\" \/><\/div>\n<\/div>\n<\/div>\n<\/section>\n<section class=\"about\">\n<div class=\"container\">\n<div class=\"row\">\n<div class=\"col-md-12\">\n<ol class=\"breadcrumb\">\n<li><a href=\"index.php\">Home<\/a><\/li>\n<li><a href=\"cursos.php\">Cursos<\/a><\/li>\n<li class=\"active\"><strong>Academia Premium<\/strong><\/li>\n<\/ol>\n<\/div>\n<\/div>\n<div class=\"row\">\n<div class=\"col-lg-8 about-text\">\n<p>A Academia Premium A \u00e9 um conjunto de linguagens e t\u00e9cnicas de programa\u00e7\u00e3o para transformar voc\u00ea em um programador experiente com tudo que o mercado pede em Java, Python, Administra\u00e7\u00e3o Linux, JavaScript e React.<\/p>\n<\/div>\n<h2 class=\"col-lg-8 about-text\"><span style=\"color: #33cccc;\">CONSTRUA A CARREIRA<br \/>\nQUE VOC\u00ca\u00a0<\/span><br \/>\n<span style=\"color: #33cccc;\">QUER, AGORA!<\/span><\/h2>\n<div class=\"col-lg-8 about-text\">\n<p>Mesmo que voc\u00ea n\u00e3o tenha experi\u00eancia alguma \u00e9 poss\u00edvel ter o dom\u00ednio das tecnologias que voc\u00ea vai aprender.<\/p>\n<p>Filtrando para o campo de programa\u00e7\u00e3o, os profissionais desse setor correspondem a 40% das vagas no mercado de trabalho de TI , de acordo com levantamento da Conquest One, empresa de Staffing especializada em TI. \u00c9 vis\u00edvel que essa profiss\u00e3o foi uma das poucas que n\u00e3o foi atingida pela escassez de vagas dos \u00faltimos anos.<\/p>\n<blockquote>\n<h3><span style=\"color: #ff6600;\">\u201cUma forma\u00e7\u00e3o completa para\u00a0 desenvolvedor Pleno com grandes possibilidades de trabalhar nas grandes empresas de TI!\u201d<\/span> &#8211; Diogenes, diretor da Fuctura<\/h3>\n<\/blockquote>\n<\/div>\n<\/div>\n<\/div>\n<\/section>\n<p><!--M\u00f3dulos --><\/p>\n<section class=\"bg-light-grey\">\n<div class=\"container\">\n<div class=\"row\">\n<div class=\"col-md-12\">\n<h2 class=\"mission\"><span style=\"color: #33cccc;\">FORMA\u00c7\u00c3O COMPLETA<\/span><\/h2>\n<\/div>\n<\/div>\n<div class=\"row\">\n<div class=\"col-md-4 col-sm-6\">\n<div class=\"modulo-box\">\n<h3>Academia Java<\/h3>\n<p class=\"modulo-text\">Na Academia Java Voc\u00ea vai dominar a linguagem seguindo exig\u00eancias das empresas do Porto Digital. Um curso completo, atualizado, com \u00eanfase em projetos avan\u00e7ados e Banco de Dados, totalmente pr\u00e1tico.<\/p>\n<\/div>\n<\/div>\n<div class=\"col-md-4 col-sm-6\">\n<div class=\"modulo-box\">\n<h3>Academia Python<\/h3>\n<p class=\"modulo-text\">Aqui voc\u00ea come\u00e7a sua carreira como profissional Linux. Aprenda a configurar todos os servi\u00e7os necess\u00e1rios em grandes empresas, como servidor WEB, FTP, DHCP etc.<\/p>\n<\/div>\n<\/div>\n<div class=\"col-md-4 col-sm-6\">\n<div class=\"modulo-box\">\n<h3>Administra\u00e7\u00e3o Linux<\/h3>\n<p class=\"modulo-text\">Aprenda da instala\u00e7\u00e3o at\u00e9 a configura\u00e7\u00e3o b\u00e1sica dos principais servidores Linux. Voc\u00ea vai dominar o Linux e se destacar como usu\u00e1rio e como profissional, afinal as grandes empresas no mundo usam Linux.<\/p>\n<\/div>\n<\/div>\n<div class=\"col-md-4 col-sm-6\">\n<div class=\"modulo-box\">\n<h3>JavaScript<\/h3>\n<p class=\"modulo-text\">JavaScript \u00e9 outra linguagem muito cobrada no concorrido mercado de trabalho para desenvolvedores. Abre mais portas para voc\u00ea entrar no mercado com sal\u00e1rio maior<\/p>\n<\/div>\n<\/div>\n<div class=\"col-md-4 col-sm-6\">\n<div class=\"modulo-box\">\n<h3>React Native<\/h3>\n<p class=\"modulo-text\" style=\"text-align: center;\">Oferecemos o React JS justamente devido \u00e0 preocupa\u00e7\u00e3o das empresas em oferecer experi\u00eancias suaves e agrad\u00e1veis aos usu\u00e1rios em seus sites. E a demanda por profissionais na \u00e1rea de front-end tem crescido exponencialmente.<\/p>\n<\/div>\n<\/div>\n<\/div>\n<\/div>\n<\/section>\n<p style=\"text-align: center;\"><!-- video --><\/p>\n<section class=\"about\">\n<div class=\"container\">\n<h2 style=\"text-align: center;\"><span style=\"color: #008080;\">TENHO CHANCE COMO PROGRAMADOR?<\/span><\/h2>\n<p style=\"text-align: center;\"><iframe loading=\"lazy\" title=\"YouTube video player\" src=\"https:\/\/www.youtube.com\/embed\/nO-O-W-YbTg\" width=\"560\" height=\"315\" frameborder=\"0\" allowfullscreen=\"allowfullscreen\"><\/iframe><\/p>\n<p style=\"text-align: center;\"><span style=\"color: #000000;\">Leonardo convida voc\u00ea para a BLUE<\/span><\/p>\n<\/div>\n<\/section>\n<p><!-- fim --><\/p>\n<section class=\"bg-azul\">\n<footer>\n<div class=\"container\">\n<div class=\"row\">\n<div class=\"col-md-12\">\n<h2 class=\"mission\">Diferenciais<\/h2>\n<ul class=\"check-icon\">\n<li>S\u00e3o 246h de um curso din\u00e2mico, com o maior conte\u00fado e o menor pre\u00e7o do mercado (curso com 1 ano e 6 de dura\u00e7\u00e3o)<\/li>\n<li>Material exclusivo, com o que o mercado vai exigir de voc\u00ea<\/li>\n<li>Certificado com reconhecimento em todo o Brasil<\/li>\n<li>E voc\u00ea pode refazer o curso caso tenha dificuldade e sem custo<\/li>\n<\/ul>\n<\/div>\n<\/div>\n<\/div>\n<div><\/div>\n<\/footer>\n<\/section>\n<p><a name=\"reserva\"><\/a><\/p>\n","protected":false},"excerpt":{"rendered":"<p>Desenvolvimento Premium A \u00a0246h \u00a0Presencial ou On-line Home Cursos Academia Premium A Academia Premium A \u00e9 um conjunto de linguagens e t\u00e9cnicas de programa\u00e7\u00e3o para transformar voc\u00ea em um programador experiente com tudo que o mercado pede em Java, Python, Administra\u00e7\u00e3o Linux, JavaScript e React. CONSTRUA A CARREIRA QUE VOC\u00ca\u00a0 QUER, AGORA! Mesmo que voc\u00ea [&hellip;]<\/p>\n","protected":false},"author":2,"featured_media":0,"parent":54,"menu_order":0,"comment_status":"closed","ping_status":"closed","template":"padrao-page.php","meta":{"footnotes":""},"class_list":["post-14209","page","type-page","status-publish","hentry"],"_links":{"self":[{"href":"https:\/\/www.fuctura.com.br\/recife\/wp-json\/wp\/v2\/pages\/14209","targetHints":{"allow":["GET"]}}],"collection":[{"href":"https:\/\/www.fuctura.com.br\/recife\/wp-json\/wp\/v2\/pages"}],"about":[{"href":"https:\/\/www.fuctura.com.br\/recife\/wp-json\/wp\/v2\/types\/page"}],"author":[{"embeddable":true,"href":"https:\/\/www.fuctura.com.br\/recife\/wp-json\/wp\/v2\/users\/2"}],"replies":[{"embeddable":true,"href":"https:\/\/www.fuctura.com.br\/recife\/wp-json\/wp\/v2\/comments?post=14209"}],"version-history":[{"count":35,"href":"https:\/\/www.fuctura.com.br\/recife\/wp-json\/wp\/v2\/pages\/14209\/revisions"}],"predecessor-version":[{"id":15391,"href":"https:\/\/www.fuctura.com.br\/recife\/wp-json\/wp\/v2\/pages\/14209\/revisions\/15391"}],"up":[{"embeddable":true,"href":"https:\/\/www.fuctura.com.br\/recife\/wp-json\/wp\/v2\/pages\/54"}],"wp:attachment":[{"href":"https:\/\/www.fuctura.com.br\/recife\/wp-json\/wp\/v2\/media?parent=14209"}],"curies":[{"name":"wp","href":"https:\/\/api.w.org\/{rel}","templated":true}]}}