{"id":15169,"date":"2021-07-04T11:05:51","date_gmt":"2021-07-04T14:05:51","guid":{"rendered":"https:\/\/www.fuctura.com.br\/recife\/?page_id=15169"},"modified":"2021-09-14T09:02:22","modified_gmt":"2021-09-14T12:02:22","slug":"formacao-programadores","status":"publish","type":"page","link":"https:\/\/www.fuctura.com.br\/recife\/cursos\/formacao-programadores\/","title":{"rendered":"Forma\u00e7\u00e3o Programadores"},"content":{"rendered":"<section class=\"topo-curso java\">\n<div class=\"container\">\n<div class=\"row\">\n<div class=\"col-md-8\">\n<div class=\"row\">\n<div class=\"col-md-12\">\n<h1 class=\"curso-title\">Forma\u00e7\u00e3o de Programadores<\/h1>\n<\/div>\n<\/div>\n<div class=\"row\">\n<div class=\"boxes hora\">\u00a0Gratuito<\/div>\n<div class=\"boxes modalidade\"><i class=\"fa fa-flag-o\"><\/i> \u00a0On-line<\/div>\n<\/div>\n<\/div>\n<\/div>\n<\/div>\n<p>&nbsp;<\/p>\n<\/section>\n<div><\/div>\n<section class=\"about\">\n<div class=\"container\">\n<div class=\"row\">\n<div class=\"col-md-12\">\n<ol class=\"breadcrumb\">\n<li><a href=\"index.php\">Home<\/a><\/li>\n<li><a href=\"cursos.php\">Cursos<\/a><\/li>\n<li class=\"active\"><strong>Aprenda a Programar r\u00e1pido<\/strong><\/li>\n<\/ol>\n<\/div>\n<\/div>\n<p><img loading=\"lazy\" decoding=\"async\" width=\"670\" height=\"330\" class=\"alignnone size-full wp-image-14682\" src=\"https:\/\/www.fuctura.com.br\/recife\/wp-content\/uploads\/2021\/01\/10-Passos-para-ser-um-programador-Java-e1536376754319-670x330-1.png\" alt=\"\" srcset=\"https:\/\/www.fuctura.com.br\/recife\/wp-content\/uploads\/2021\/01\/10-Passos-para-ser-um-programador-Java-e1536376754319-670x330-1.png 670w, https:\/\/www.fuctura.com.br\/recife\/wp-content\/uploads\/2021\/01\/10-Passos-para-ser-um-programador-Java-e1536376754319-670x330-1-300x148.png 300w\" sizes=\"auto, (max-width: 670px) 100vw, 670px\" \/><\/p>\n<h1 class=\"font_2\"><span style=\"color: #008080;\">APRENDA A\u00a0 PROGRAMAR,<\/span><br \/>\n<span style=\"color: #008080;\">SEM CUSTO,<\/span><br \/>\n<span style=\"color: #008080;\">AO VIVO,<\/span><br \/>\n<span style=\"color: #008080;\">COM RESULTADO!<\/span><\/h1>\n<p>O primeiro emprego em TI, mesmo com tantas vagas para programadores, \u00e9 dif\u00edcil porque a concorr\u00eancia \u00e9 muito alta<strong>. <\/strong>Voc\u00ea vai dar os primeiros passos para se tornar um programador nas mais diversas linguagens, como Java ou Python, que \u00e9 o objetivo desse projeto.<\/p>\n<p>O treinamento est\u00e1 dividido em 2 etapas <strong>gratuitas<\/strong>. Iremos abordar temas como Banco de Dados, vari\u00e1veis, operadores, estruturas de controle, fun\u00e7\u00f5es etc. O projeto \u00e9 em parceria com a<\/p>\n<p><img loading=\"lazy\" decoding=\"async\" class=\"logotipos-post\" style=\"width: 300px; height: auto;\" src=\"https:\/\/www.fuctura.com.br\/recife\/wp-content\/uploads\/2020\/11\/flexpag-logo-horizontal.png\" alt=\"\" width=\"300\" height=\"99\" \/><img loading=\"lazy\" decoding=\"async\" class=\"logotipos-post\" style=\"width: 330px; height: auto;\" src=\"https:\/\/www.fuctura.com.br\/recife\/wp-content\/uploads\/2021\/07\/Neurotech330.png\" alt=\"\" width=\"330\" height=\"89\" \/><\/p>\n<h2><span style=\"color: #008080;\">O QUE OFERECEMOS<\/span><\/h2>\n<p>Um treinamento completo para <strong>formar programadores do zero<\/strong>. No final voc\u00ea estar\u00e1 apto a iniciar como programador em qualquer linguagem que desejar. O seu primeiro passo para o mercado de trabalho ser\u00e1 dado!<\/p>\n<h2><span style=\"color: #008080;\">QUEM PODE FAZER O CURSO?<\/span><\/h2>\n<p>Todos com segundo grau completo e com est\u00edmulo para estudo. Todo o <strong>Preparat\u00f3rio \u00e9 gratuito e com o objetivo <\/strong>de formar programadores para as empresas parceiras.<\/p>\n<h3><span style=\"color: #008080;\">M\u00f3dulo Preparat\u00f3rio<\/span><\/h3>\n<ul>\n<li>L\u00f3gica de Programa\u00e7\u00e3o<\/li>\n<li>No\u00e7\u00f5es de l\u00f3gica e algoritmo<\/li>\n<li>Constantes, vari\u00e1veis, express\u00f5es aritm\u00e9ticas<\/li>\n<li>Estruturas de Controle<\/li>\n<li>Estrutura de Dados<\/li>\n<li>Termos t\u00e9cnicos da \u00e1rea de programa\u00e7\u00e3o<\/li>\n<li>Vis\u00e3o geral sobre Java, Python e outras linguagens<\/li>\n<li>Quais empresas ent\u00e3o contratando<\/li>\n<\/ul>\n<h3><span style=\"color: #008080;\">An\u00e1lise Pr\u00e1tico da Linguagem<\/span><\/h3>\n<ul>\n<li>Aula presencial da Linguagem Java na Fuctura<\/li>\n<li>\u00c9tica comportamental do programador<\/li>\n<li>Como instalar o Java no seu computador<\/li>\n<li>Iniciando programa\u00e7\u00e3o Java<\/li>\n<\/ul>\n<hr \/>\n<p style=\"text-align: center;\"><span style=\"color: #ffff00;\"><a class=\"btn-cursosfull\" href=\"https:\/\/docs.google.com\/forms\/d\/e\/1FAIpQLSew1i78bgeyFB4nqq6hTBVkRFLxNST-IUSs079lTYVm2pbEig\/viewform\" target=\"_blank\" rel=\"noopener noreferrer\"><strong>Inscri\u00e7\u00e3o aqui<\/strong><\/a><\/span><\/p>\n<hr \/>\n<p><!-- Video --><\/p>\n<h2><span style=\"color: #008080;\">TENHO CHANCE COMO PROGRAMADOR?<\/span><\/h2>\n<p><iframe loading=\"lazy\" title=\"YouTube video player\" src=\"https:\/\/www.youtube.com\/embed\/dU5VUhjdgZA\" width=\"90%\" height=\"315\" frameborder=\"0\" allowfullscreen=\"allowfullscreen\"><span data-mce-type=\"bookmark\" style=\"display: inline-block; width: 0px; overflow: hidden; line-height: 0;\" class=\"mce_SELRES_start\">\ufeff<\/span><\/iframe><\/p>\n<h3><span style=\"color: #ff6600;\"><strong>Uma oportunidade s\u00f3lida para novos programadores<\/strong><\/span><\/h3>\n<p><!-- fim video --><\/p>\n<div class=\"text-center\">\n<h3 class=\"font_2\"><span style=\"color: #008080;\">COM 60 DIAS <\/span><span style=\"color: #008080;\">CONSEGUIRAM UM EMPREGO?!<\/span><\/h3>\n<blockquote>\n<p style=\"text-align: left;\"><strong>Eles escolheram estudar Java, estudaram juntos, revisaram todo o assunto e estavam focados quando chegou a oportunidade. E tudo isso no primeiro m\u00eas p\u00f3s preparat\u00f3rio! Parab\u00e9ns pela disciplina.<\/strong><\/p>\n<\/blockquote>\n<section class=\"bg-azul\">\n<footer class=\"ligueAgora\">\n<div class=\"container\">\n<div class=\"row\">\n<div class=\"col-md-12\">\n<h3 class=\"mission\" style=\"text-align: left;\"><span style=\"color: #ccffff;\">E quem est\u00e1 come\u00e7ando e quer emprego?<\/span><\/h3>\n<ul class=\"check-icon\">\n<li style=\"text-align: left;\">Acompanhe as empresas de TI <a href=\"https:\/\/www.fuctura.com.br\/recife\/oportunidades\/\">Receba as vagas de emprego pelo seu Whatsapp<\/a><\/li>\n<li style=\"text-align: left;\">Java ou Python, qual a melhor linguagem?<a href=\"https:\/\/www.fuctura.com.br\/recife\/qual-linguagem-aprender-java-ou-python\/\"> Compare e aprenda<\/a><\/li>\n<li style=\"text-align: left;\">Pe\u00e7a sempre uma opini\u00e3o de um profissional antes de tomar uma decis\u00e3o. Estamos a disposi\u00e7\u00e3o pelo zap.<\/li>\n<\/ul>\n<\/div>\n<\/div>\n<\/div>\n<\/footer>\n<\/section>\n<h2><span style=\"color: #008080;\">SOBRE A FUCTURA<\/span><\/h2>\n<blockquote>\n<h2 class=\" nd_options_text_align_center_responsive_important nd_options_first_font \" style=\"text-align: left;\">Nossa escola est\u00e1 presente por 21 anos, treinando nossos alunos para trabalhar junto com grandes empresas de TI.<\/h2>\n<\/blockquote>\n<p><img loading=\"lazy\" decoding=\"async\" class=\"logotipos-post aligncenter\" style=\"width: 300px; height: auto;\" src=\"https:\/\/www.fuctura.com.br\/recife\/wp-content\/uploads\/2018\/06\/logo-fuctura-300x103.png\" alt=\"\" width=\"300\" height=\"103\" \/><\/p>\n<\/div>\n<\/div>\n<\/section>\n","protected":false},"excerpt":{"rendered":"<p>Forma\u00e7\u00e3o de Programadores \u00a0Gratuito \u00a0On-line &nbsp; Home Cursos Aprenda a Programar r\u00e1pido APRENDA A\u00a0 PROGRAMAR, SEM CUSTO, AO VIVO, COM RESULTADO! O primeiro emprego em TI, mesmo com tantas vagas para programadores, \u00e9 dif\u00edcil porque a concorr\u00eancia \u00e9 muito alta. Voc\u00ea vai dar os primeiros passos para se tornar um programador nas mais diversas linguagens, [&hellip;]<\/p>\n","protected":false},"author":4,"featured_media":15206,"parent":54,"menu_order":10,"comment_status":"closed","ping_status":"closed","template":"padrao-page.php","meta":{"footnotes":""},"class_list":["post-15169","page","type-page","status-publish","has-post-thumbnail","hentry"],"_links":{"self":[{"href":"https:\/\/www.fuctura.com.br\/recife\/wp-json\/wp\/v2\/pages\/15169","targetHints":{"allow":["GET"]}}],"collection":[{"href":"https:\/\/www.fuctura.com.br\/recife\/wp-json\/wp\/v2\/pages"}],"about":[{"href":"https:\/\/www.fuctura.com.br\/recife\/wp-json\/wp\/v2\/types\/page"}],"author":[{"embeddable":true,"href":"https:\/\/www.fuctura.com.br\/recife\/wp-json\/wp\/v2\/users\/4"}],"replies":[{"embeddable":true,"href":"https:\/\/www.fuctura.com.br\/recife\/wp-json\/wp\/v2\/comments?post=15169"}],"version-history":[{"count":31,"href":"https:\/\/www.fuctura.com.br\/recife\/wp-json\/wp\/v2\/pages\/15169\/revisions"}],"predecessor-version":[{"id":15399,"href":"https:\/\/www.fuctura.com.br\/recife\/wp-json\/wp\/v2\/pages\/15169\/revisions\/15399"}],"up":[{"embeddable":true,"href":"https:\/\/www.fuctura.com.br\/recife\/wp-json\/wp\/v2\/pages\/54"}],"wp:featuredmedia":[{"embeddable":true,"href":"https:\/\/www.fuctura.com.br\/recife\/wp-json\/wp\/v2\/media\/15206"}],"wp:attachment":[{"href":"https:\/\/www.fuctura.com.br\/recife\/wp-json\/wp\/v2\/media?parent=15169"}],"curies":[{"name":"wp","href":"https:\/\/api.w.org\/{rel}","templated":true}]}}