{"id":207,"date":"2016-12-12T18:06:44","date_gmt":"2016-12-12T20:06:44","guid":{"rendered":"https:\/\/www.fuctura.com.br\/recife\/?page_id=207"},"modified":"2020-07-16T13:45:09","modified_gmt":"2020-07-16T16:45:09","slug":"certificacao-lpi","status":"publish","type":"page","link":"https:\/\/www.fuctura.com.br\/recife\/cursos\/certificacao-lpi\/","title":{"rendered":"Certifica\u00e7\u00e3o LPI"},"content":{"rendered":"<section class=\"topo-curso linux\">\n<div class=\"container\">\n<div class=\"row\">\n<div class=\"col-md-8\">\n<div class=\"row\">\n<div class=\"col-md-12\">\n<h1 class=\"curso-title\">Certifica\u00e7\u00e3o LPI<\/h1>\n<\/div>\n<\/div>\n<div class=\"row\">\n<div class=\"boxes hora\"><i class=\"fa fa-clock-o\"><\/i>\u00a0 80h<\/div>\n<div class=\"boxes modalidade\"><i class=\"fa fa-flag-o\"><\/i> \u00a0Presencial ou On-line<\/div>\n<\/div>\n<\/div>\n<div class=\"col-md-4 text-center\"><img loading=\"lazy\" decoding=\"async\" class=\"img-responsive\" src=\"http:\/\/www.fuctura.com.br\/recife\/wp-content\/themes\/fuctura\/images\/topos-cursos\/curso-lpi-logo.png\" width=\"268\" height=\"276\" \/><\/div>\n<\/div>\n<\/div>\n<\/section>\n<section class=\"about\">\n<div class=\"container\">\n<div class=\"row\">\n<div class=\"col-md-12\">\n<ol class=\"breadcrumb\">\n<li><a href=\"http:\/\/www.fuctura.com.br\/recife\/\">Home<\/a><\/li>\n<li><a href=\"http:\/\/www.fuctura.com.br\/recife\/cursos\/\">Cursos<\/a><\/li>\n<li class=\"active\"><strong>Certifica\u00e7\u00e3o LPI<\/strong><\/li>\n<\/ol>\n<\/div>\n<\/div>\n<div class=\"row\">\n<p><!-- Principal --><\/p>\n<div class=\"col-lg-8 about-text\">\n<h3>Descri\u00e7\u00e3o<\/h3>\n<p>Com a migra\u00e7\u00e3o em grande escala para Linux, o profissional deve saber expor aos seus clientes o que ele esta adquirindo, principalmente o seu dom\u00ednio no sistema operacional que mais cresce no mundo. Isso o torna mais competitivo no mercado de trabalho.<\/p>\n<h4>Preparat\u00f3rio oficial com o maior \u00edndice de aprova\u00e7\u00e3o<\/h4>\n<p>A Fuctura Tecnologia, <b>Approved Training Partner LPI<\/b>, oferece a oportunidade de voc\u00ea tirar em Recife sua certifica\u00e7\u00e3o LPI com descontos promocionais.<\/p>\n<p>O LPI \u00e9 reconhecido como a primeira organiza\u00e7\u00e3o do mundo a defender e ajudar o uso profissional do Linux, Open Source e Free Software atrav\u00e9s de certifica\u00e7\u00e3o profissional.<\/p>\n<p>Consulte como ter sua certifica\u00e7\u00e3o LPI e tenha um certificado reconhecido em 40 pa\u00edses.<\/p>\n<hr \/>\n<p><a class=\"btn-cursosfull\" href=\"https:\/\/wa.me\/5581996720134?text=Ol\u00e1,%20gostaria%20de%20receber%20informa\u00e7\u00f5es%20do%20curso%20de%20Mobile\" target=\"_blank\" rel=\"noopener\"><strong>Contato pelo Whatsapp<\/strong><\/a><\/p>\n<hr \/>\n<\/div>\n<p><!-- Coluna --><\/p>\n<div class=\"col-md-4\">\n<div class=\"row\">\n<p style=\"text-align: center;\"><iframe loading=\"lazy\" src=\"https:\/\/www.youtube.com\/embed\/vsyN5UVQsR8?rel=0&amp;showinfo=0\" width=\"380\" height=\"315\" frameborder=\"0\" allowfullscreen=\"allowfullscreen\"><span data-mce-type=\"bookmark\" style=\"display: inline-block; width: 0px; overflow: hidden; line-height: 0;\" class=\"mce_SELRES_start\">\ufeff<\/span><\/iframe><\/p>\n<\/div>\n<\/div>\n<\/div>\n<p><!-- \/.row --><\/p>\n<\/div>\n<\/section>\n<p><!--M\u00f3dulos --><br \/>\n<!--M\u00f3dulos --><\/p>\n<section class=\"bg-light-grey\">\n<div class=\"container\">\n<div class=\"row\">\n<div class=\"col-md-12\">\n<h2 class=\"mission\">M\u00f3dulos<\/h2>\n<p>&nbsp;<\/p>\n<\/div>\n<\/div>\n<div class=\"row\">\n<div class=\"col-md-4 col-sm-6\">\n<div class=\"modulo-box\">\n<h3>LPIC-1<\/h3>\n<p class=\"modulo-text\"><a href=\"http:\/\/www.fuctura.com.br\/recife\/cursos\/certificacao-lpi\/certificacao-lpic1\">A certifica\u00e7\u00e3o Linux LPI est\u00e1 entre as 10 mais procuradas do mundo por profissionais da \u00e1rea de TI e grandes empresas<\/a><\/p>\n<p class=\"modulo-carga\">80h<\/p>\n<\/div>\n<\/div>\n<div class=\"col-md-4 col-sm-6\">\n<div class=\"modulo-box\">\n<h3>LPIC-2<\/h3>\n<p class=\"modulo-text\"><a href=\"http:\/\/www.fuctura.com.br\/recife\/cursos\/certificacao-lpi\/certificacao-lpic2\">Necess\u00e1rio possuir a certifica\u00e7\u00e3o LPI-1 ativa para receber a certifica\u00e7\u00e3o LPIC-2<\/a><\/p>\n<p class=\"modulo-carga\">80h<\/p>\n<\/div>\n<\/div>\n<div class=\"col-md-4 col-sm-6\">\n<div class=\"modulo-box\">\n<h3>LPIC-3<\/h3>\n<p class=\"modulo-text\"><a href=\"http:\/\/www.fuctura.com.br\/recife\/cursos\/certificacao-lpi\/certificacao-lpic3\">Necess\u00e1rio possuir a certifica\u00e7\u00e3o LPI-2 ativa para receber a certifica\u00e7\u00e3o LPIC-3<\/a><\/p>\n<p class=\"modulo-carga\">80h<\/p>\n<\/div>\n<\/div>\n<\/div>\n<\/div>\n<\/section>\n<p><!--bg-azul --><\/p>\n<section class=\"bg-azul\">\n<div class=\"container\">\n<div class=\"row\">\n<div class=\"col-md-12\">\n<h2 class=\"mission\">Diferenciais<\/h2>\n<ul class=\"check-icon\">\n<li>S\u00e3o 80h de um curso din\u00e2mico, com o maior conte\u00fado e o menor pre\u00e7o do mercado<\/li>\n<li>Instrutores Certificados LPI<\/li>\n<li>Material exclusivo, com o que o mercado vai exigir de voc\u00ea<\/li>\n<li>Certificado com reconhecimento em todo o Brasil<\/li>\n<\/ul>\n<\/div>\n<\/div>\n<\/div>\n<\/section>\n<p><a name=\"reserva\"><\/a><\/p>\n","protected":false},"excerpt":{"rendered":"<p>Certifica\u00e7\u00e3o LPI \u00a0 80h \u00a0Presencial ou On-line Home Cursos Certifica\u00e7\u00e3o LPI Descri\u00e7\u00e3o Com a migra\u00e7\u00e3o em grande escala para Linux, o profissional deve saber expor aos seus clientes o que ele esta adquirindo, principalmente o seu dom\u00ednio no sistema operacional que mais cresce no mundo. Isso o torna mais competitivo no mercado de trabalho. Preparat\u00f3rio [&hellip;]<\/p>\n","protected":false},"author":2,"featured_media":506,"parent":54,"menu_order":1,"comment_status":"closed","ping_status":"closed","template":"padrao-page.php","meta":{"footnotes":""},"class_list":["post-207","page","type-page","status-publish","has-post-thumbnail","hentry"],"_links":{"self":[{"href":"https:\/\/www.fuctura.com.br\/recife\/wp-json\/wp\/v2\/pages\/207","targetHints":{"allow":["GET"]}}],"collection":[{"href":"https:\/\/www.fuctura.com.br\/recife\/wp-json\/wp\/v2\/pages"}],"about":[{"href":"https:\/\/www.fuctura.com.br\/recife\/wp-json\/wp\/v2\/types\/page"}],"author":[{"embeddable":true,"href":"https:\/\/www.fuctura.com.br\/recife\/wp-json\/wp\/v2\/users\/2"}],"replies":[{"embeddable":true,"href":"https:\/\/www.fuctura.com.br\/recife\/wp-json\/wp\/v2\/comments?post=207"}],"version-history":[{"count":17,"href":"https:\/\/www.fuctura.com.br\/recife\/wp-json\/wp\/v2\/pages\/207\/revisions"}],"predecessor-version":[{"id":13963,"href":"https:\/\/www.fuctura.com.br\/recife\/wp-json\/wp\/v2\/pages\/207\/revisions\/13963"}],"up":[{"embeddable":true,"href":"https:\/\/www.fuctura.com.br\/recife\/wp-json\/wp\/v2\/pages\/54"}],"wp:featuredmedia":[{"embeddable":true,"href":"https:\/\/www.fuctura.com.br\/recife\/wp-json\/wp\/v2\/media\/506"}],"wp:attachment":[{"href":"https:\/\/www.fuctura.com.br\/recife\/wp-json\/wp\/v2\/media?parent=207"}],"curies":[{"name":"wp","href":"https:\/\/api.w.org\/{rel}","templated":true}]}}