{"id":209,"date":"2016-12-12T18:08:29","date_gmt":"2016-12-12T20:08:29","guid":{"rendered":"https:\/\/www.fuctura.com.br\/recife\/?page_id=209"},"modified":"2021-09-14T09:04:15","modified_gmt":"2021-09-14T12:04:15","slug":"python","status":"publish","type":"page","link":"https:\/\/www.fuctura.com.br\/recife\/cursos\/python\/","title":{"rendered":"Academia Python"},"content":{"rendered":"<section class=\"topo-curso java\">\n<div class=\"container\">\n<div class=\"row\">\n<div class=\"col-md-8\">\n<div class=\"row\">\n<div class=\"col-md-12\">\n<h1 class=\"curso-title\">Academia Python<\/h1>\n<\/div>\n<\/div>\n<div class=\"row\">\n<div class=\"boxes hora\"><i class=\"fa fa-clock-o\"><\/i> 78h<\/div>\n<div class=\"boxes modalidade\"><i class=\"fa fa-flag-o\"><\/i> \u00a0Presencial ou On-line<\/div>\n<\/div>\n<\/div>\n<div class=\"col-md-4 text-center\"><img decoding=\"async\" class=\"img-responsive\" src=\"http:\/\/www.fuctura.com.br\/recife\/wp-content\/themes\/fuctura\/images\/topos-cursos\/curso-python-logo.png\" \/><\/div>\n<\/div>\n<\/div>\n<\/section>\n<section class=\"about\">\n<div class=\"container\">\n<ol class=\"breadcrumb\">\n<li><a href=\"http:\/\/www.fuctura.com.br\/\">Home<\/a><\/li>\n<li><a href=\"http:\/\/www.fuctura.com.br\/recife\/cursos\/\">Cursos<\/a><\/li>\n<li class=\"active\"><strong>Curso de Python do B\u00e1sico ao Avan\u00e7ado<\/strong><\/li>\n<\/ol>\n<div class=\"row\">\n<div class=\"col-lg-8 about-text\">\n<p><span style=\"font-weight: 400;\"><strong>Python<\/strong> tem liderado as An\u00e1lise de Dados e desenvolvimento em aplica\u00e7\u00f5es por v\u00e1rios motivos:<strong> \u00e9 f\u00e1cil de aprender<\/strong> e poderosa, pode ser usada em diversas plataformas, <strong>possui uma comunidade ativa<\/strong>, tem\u00a0<strong>diversas bibliotecas e m\u00f3dulos prontos<\/strong> para uso e \u00e9 totalmente gratuita.\u00a0<\/span><span style=\"font-weight: 400;\">N\u00e3o \u00e9 atoa que <strong>entrou no TOP 5<\/strong> das linguagens mais utilizadas no mundo.<\/span><\/p>\n<h2><span style=\"color: #008080;\"><b>POR QUE P<\/b><b>YTHON?<\/b><\/span><\/h2>\n<blockquote>\n<h4><span style=\"color: #ff6600;\">&#8220;Voc\u00ea vai ser um coringa nas grandes empresas.\u00a0Aquele profissional que pode contribuir desenvolvendo, igual aos demais, mas com um diferencial de dominar uma linguagem t\u00e3o robusta&#8221;<\/span> &#8211; Di\u00f3genes, diretor da Fuctura<\/h4>\n<\/blockquote>\n<p>Com uma biblioteca padr\u00e3o imensa, que cont\u00e9m classes, m\u00e9todos e fun\u00e7\u00f5es para realizar essencialmente qualquer tarefa, desde acesso a bancos de dados a interfaces gr\u00e1ficas com o usu\u00e1rio .<\/p>\n<h2><span style=\"color: #008080;\">PRESENCIAL OU ON-LINE<\/span><\/h2>\n<p>As aulas da Academia Java podem ser ministradas de forma presencial ou on-line de acordo com a sua necessidade. O projeto \u00e9 em parceria com a<\/p>\n<p><img loading=\"lazy\" decoding=\"async\" class=\"logotipos-post\" style=\"width: 300px; height: auto;\" src=\"https:\/\/www.fuctura.com.br\/recife\/wp-content\/uploads\/2020\/11\/flexpag-logo-horizontal.png\" alt=\"\" width=\"300\" height=\"99\" \/><img loading=\"lazy\" decoding=\"async\" class=\"logotipos-post\" style=\"width: 330px; height: auto;\" src=\"https:\/\/www.fuctura.com.br\/recife\/wp-content\/uploads\/2021\/07\/Neurotech330.png\" alt=\"\" width=\"330\" height=\"89\" \/><\/p>\n<div><\/div>\n<hr \/>\n<p style=\"text-align: center;\"><a class=\"btn-cursosfull\" href=\"https:\/\/www.fuctura.com.br\/recife\/contato\/\" target=\"_blank\" rel=\"noopener noreferrer\"><strong>Entre em Contato<\/strong><\/a><\/p>\n<hr \/>\n<\/div>\n<\/div>\n<\/div>\n<\/section>\n<section class=\"about\">\n<div class=\"container\">\n<div class=\"row\">\n<div class=\"col-lg-8 about-text\">\n<section class=\"bg-light-grey\">\n<div class=\"container\">\n<div class=\"row\">\n<div class=\"col-md-12\">\n<h2 class=\"mission\"><span style=\"color: #008080;\">CLIQUE E VEJA CADA M\u00d3DULO<\/span><\/h2>\n<\/div>\n<\/div>\n<div id=\"conteudo\" class=\"panel-group\">\n<div class=\"panel panel-default conteudo-prag\">\n<div class=\"panel-heading\">\n<h4 class=\"panel-title\"><a href=\"#capitulo1\" data-toggle=\"collapse\" data-parent=\"#conteudo\">1. Python e Orienta\u00e7\u00e3o a Objeto<\/a><\/h4>\n<\/div>\n<div id=\"capitulo1\" class=\"panel-collapse collapse\">\n<div class=\"panel-body\">\n<p>O objetivo deste m\u00f3dulo \u00e9 aprender desde como Instalar o Python, declarar vari\u00e1veis, receber dados, criar e utilizar bibliotecas, escopo\/indenta\u00e7\u00e3o, fun\u00e7\u00f5es, opera\u00e7\u00f5es aritm\u00e9ticas, l\u00f3gicas e condicionais, la\u00e7os, depura\u00e7\u00e3o de c\u00f3digo, estrutura\u00e7\u00e3o de dados.<\/p>\n<p>Ainda neste m\u00f3dulo voc\u00ea ir\u00e1 aprender de forma definitiva todos os principais e fundamentais conceitos sobre Orienta\u00e7\u00e3o a Objetos e padr\u00f5es de projeto MVC e DAO.<\/p>\n<\/div>\n<\/div>\n<\/div>\n<div class=\"panel panel-default conteudo-prag\">\n<div class=\"panel-heading\">\n<h4 class=\"panel-title\"><a href=\"#capitulo2\" data-toggle=\"collapse\" data-parent=\"#conteudo\">2. Inser\u00e7\u00e3o de um Fluxo de Servi\u00e7o Web baseado em Flask e Python<\/a><\/h4>\n<\/div>\n<div id=\"capitulo2\" class=\"panel-collapse collapse\">\n<div class=\"panel-body\">\n<p>Neste m\u00f3dulo o principal objetivo seria a implementa\u00e7\u00e3o de um projeto web, utilizando Flask e Python, de cadastro de hot\u00e9is visando a cria\u00e7\u00e3o de Apis Rest com a tecnologia Framework Flask e Python, armazenando em Banco de Dados Sqlite3. Para consumo da interface visual, vamos implementar uma p\u00e1gina Web objetiva, para testar na pr\u00e1tica o consumo destas Apis!<\/p>\n<\/div>\n<\/div>\n<\/div>\n<div class=\"panel panel-default conteudo-prag\">\n<div class=\"panel-heading\">\n<h4 class=\"panel-title\"><a href=\"#capitulo3\" data-toggle=\"collapse\" data-parent=\"#conteudo\">3. Introdu\u00e7\u00e3o \u00e0 Data Science com Python<\/a><\/h4>\n<\/div>\n<div id=\"capitulo3\" class=\"panel-collapse collapse\">\n<div class=\"panel-body\">\n<p>Python \u00e9 uma linguagem de programa\u00e7\u00e3o de uso geral, mas que tem liderado as iniciativas de An\u00e1lise de Dados por diversos motivos: \u00e9 f\u00e1cil de aprender e poderosa, pode ser usada em diversas plataformas, possui uma comunidade ativa, diversas bibliotecas e m\u00f3dulos prontos para uso e \u00e9 totalmente gratuita.<\/p>\n<p>Neste m\u00f3dulo voc\u00ea aprender\u00e1 sobre a utiliza\u00e7\u00e3o das principais bibliotecas utilizadas para an\u00e1lise e processamento de dados como: Numpy, Pandas e Matplotlib para gera\u00e7\u00e3o de gr\u00e1ficos profissionais e opera\u00e7\u00f5es complexas. Com esta forma\u00e7\u00e3o o profissional estar\u00e1 preparado para encarar problemas complexos do mundo real utilizando da mais alta tecnologia para solu\u00e7\u00e3o.<\/p>\n<\/div>\n<\/div>\n<\/div>\n<\/div>\n<\/div>\n<\/section>\n<\/div>\n<\/div>\n<\/div>\n<\/section>\n<hr \/>\n<p style=\"text-align: center;\"><a class=\"btn-cursosfull\" href=\"https:\/\/www.fuctura.com.br\/recife\/flexpag-esta-contratando-programadores\/\"><strong>Procura emprego?<\/strong><\/a><\/p>\n<hr \/>\n<section class=\"bg-azul\">\n<footer class=\"ligueAgora\">\n<div class=\"container\">\n<div class=\"row\">\n<div class=\"col-md-12\">\n<h2 class=\"mission\"><span style=\"color: #ffffff;\">Vantagens da Fuctura<\/span><\/h2>\n<ul class=\"check-icon\">\n<li>S\u00e3o 78h de um curso din\u00e2mico, com o maior conte\u00fado e o menor pre\u00e7o, em todo Pernambuco\u00a0(curso com 6 a 8 meses de dura\u00e7\u00e3o)<\/li>\n<li>Material atualizado, com o que o mercado vai exigir de um programador Python profissional<\/li>\n<li>Certificado com reconhecimento em todo o Brasil<\/li>\n<li>Forma\u00e7\u00e3o completa, segundo as exig\u00eancias de grandes empresas parceiras da Fuctura em Recife<\/li>\n<\/ul>\n<h2><span style=\"color: #ffffff;\">Voc\u00ea deve ler<\/span><\/h2>\n<ul class=\"check-icon\">\n<li><a href=\"https:\/\/www.fuctura.com.br\/recife\/qual-linguagem-aprender-java-ou-python\/\" target=\"_blank\" rel=\"noopener noreferrer\">Qual a melhor linguagem, Java ou Python?<\/a><\/li>\n<li><a href=\"https:\/\/www.fuctura.com.br\/recife\/cursos\/java\/\" target=\"_blank\" rel=\"noopener noreferrer\">Academia Java, completo<\/a><\/li>\n<li><a href=\"https:\/\/www.fuctura.com.br\/recife\/oportunidades\/\">Grupo de oportunidade de emprego em Recife<\/a><\/li>\n<\/ul>\n<\/div>\n<\/div>\n<\/div>\n<\/footer>\n<\/section>\n<section>\n<div class=\"container\">\n<div id=\"conteudo\" class=\"panel-group\">\n<div class=\"panel panel-default conteudo-prag\">\n<div class=\"panel-heading\">\n<h4 class=\"panel-title\"><\/h4>\n<\/div>\n<div id=\"capitulo9\" class=\"panel-collapse collapse \">\n<div class=\"panel-body\">\n<p>Python \u00e9 uma linguagem de programa\u00e7\u00e3o de alto n\u00edvel,[4] interpretada, de script, imperativa, orientada a objetos, funcional, de tipagem din\u00e2mica e forte. Foi lan\u00e7ada por Guido van Rossum em 1991.curso de python pdf curso em video python download Recife.Atualmente possui um modelo de desenvolvimento comunit\u00e1rio, aberto e gerenciado pela organiza\u00e7\u00e3o sem fins lucrativos Python Software Foundation. curso python online aprendendo python livro pdf python tutorial pdf portugues. emprego, est\u00e1gio, vagas porto digital o como ser programador?<br \/>\ncurso python porto digital cursos academia python &#8220;curso de python&#8221; aprender Python, python recife aprender Python do zero curso senai programa\u00e7\u00e3o curso python completo, Curso de Python aula python curso python recife curso python presencial curso Python b\u00e1sico, curso de programa\u00e7\u00e3o python Curso python avan\u00e7ado<\/p>\n<p>A linguagem foi projetada com a filosofia de enfatizar a import\u00e2ncia do esfor\u00e7o do programador sobre o esfor\u00e7o computacional. linguagem python para iniciantes livro python tutorial python 3.3 em portugues. Prioriza a legibilidade do c\u00f3digo sobre a velocidade ou expressividade. Curso de Python em Recife Curso de Python Porto Digital.<\/p>\n<p>Combina Python curso completo,<\/p>\n<\/div>\n<\/div>\n<\/div>\n<\/div>\n<\/div>\n<\/section>\n<p><a name=\"reserva\"><\/a><\/p>\n","protected":false},"excerpt":{"rendered":"<p>Academia Python 78h \u00a0Presencial ou On-line Home Cursos Curso de Python do B\u00e1sico ao Avan\u00e7ado Python tem liderado as An\u00e1lise de Dados e desenvolvimento em aplica\u00e7\u00f5es por v\u00e1rios motivos: \u00e9 f\u00e1cil de aprender e poderosa, pode ser usada em diversas plataformas, possui uma comunidade ativa, tem\u00a0diversas bibliotecas e m\u00f3dulos prontos para uso e \u00e9 totalmente [&hellip;]<\/p>\n","protected":false},"author":2,"featured_media":0,"parent":54,"menu_order":2,"comment_status":"closed","ping_status":"closed","template":"padrao-page.php","meta":{"footnotes":""},"class_list":["post-209","page","type-page","status-publish","hentry"],"_links":{"self":[{"href":"https:\/\/www.fuctura.com.br\/recife\/wp-json\/wp\/v2\/pages\/209","targetHints":{"allow":["GET"]}}],"collection":[{"href":"https:\/\/www.fuctura.com.br\/recife\/wp-json\/wp\/v2\/pages"}],"about":[{"href":"https:\/\/www.fuctura.com.br\/recife\/wp-json\/wp\/v2\/types\/page"}],"author":[{"embeddable":true,"href":"https:\/\/www.fuctura.com.br\/recife\/wp-json\/wp\/v2\/users\/2"}],"replies":[{"embeddable":true,"href":"https:\/\/www.fuctura.com.br\/recife\/wp-json\/wp\/v2\/comments?post=209"}],"version-history":[{"count":54,"href":"https:\/\/www.fuctura.com.br\/recife\/wp-json\/wp\/v2\/pages\/209\/revisions"}],"predecessor-version":[{"id":15392,"href":"https:\/\/www.fuctura.com.br\/recife\/wp-json\/wp\/v2\/pages\/209\/revisions\/15392"}],"up":[{"embeddable":true,"href":"https:\/\/www.fuctura.com.br\/recife\/wp-json\/wp\/v2\/pages\/54"}],"wp:attachment":[{"href":"https:\/\/www.fuctura.com.br\/recife\/wp-json\/wp\/v2\/media?parent=209"}],"curies":[{"name":"wp","href":"https:\/\/api.w.org\/{rel}","templated":true}]}}