{"id":211,"date":"2016-12-12T18:11:27","date_gmt":"2016-12-12T20:11:27","guid":{"rendered":"https:\/\/www.fuctura.com.br\/recife\/?page_id=211"},"modified":"2021-09-11T20:52:16","modified_gmt":"2021-09-11T23:52:16","slug":"intrusao-e-protecao-de-redes","status":"publish","type":"page","link":"https:\/\/www.fuctura.com.br\/recife\/cursos\/intrusao-e-protecao-de-redes\/","title":{"rendered":"Tecnologias Hackers"},"content":{"rendered":"<section class=\"topo-curso java\">\n<div class=\"container\">\n<div class=\"row\">\n<div class=\"col-md-8\">\n<div class=\"row\">\n<div class=\"col-md-12\">\n<h1 class=\"curso-title\">Tecnologias Hackers<\/h1>\n<\/div>\n<\/div>\n<div class=\"row\">\n<div class=\"boxes hora\"><i class=\"fa fa-clock-o\"><\/i> \u00a050h<\/div>\n<div class=\"boxes modalidade\"><i class=\"fa fa-flag-o\"><\/i> \u00a0Presencial<\/div>\n<\/div>\n<\/div>\n<div class=\"col-md-4 text-center\"><img decoding=\"async\" class=\"img-responsive\" src=\"http:\/\/www.fuctura.com.br\/recife\/wp-content\/themes\/fuctura\/images\/topos-cursos\/curso-hackers-logo.png\" \/><\/div>\n<\/div>\n<\/div>\n<\/section>\n<section class=\"about\">\n<div class=\"container\">\n<ol class=\"breadcrumb\">\n<li><a href=\"http:\/\/www.fuctura.com.br\/\">Home<\/a><\/li>\n<li><a href=\"http:\/\/www.fuctura.com.br\/recife\/cursos\/\">Cursos<\/a><\/li>\n<li class=\"active\">Tecnologias Hackers<\/li>\n<\/ol>\n<div class=\"row\">\n<div class=\"col-lg-8 about-text\">\n<h3>Descri\u00e7\u00e3o<\/h3>\n<p>O curso aborda t\u00e9cnicas, ferramentas e metodologias utilizadas por Hackers, Crackers e profissionais em testes de intrus\u00e3o e prote\u00e7\u00e3o de redes.<\/p>\n<p>O novo curso foi desenvolvido no intuito de disponibilizar aos interessados a oportunidade de conhecer a fundo os m\u00e9todos e as t\u00e9cnicas utilizadas pelos hackers atuais, como os <em>keyloggers, trojans, exploits e etc<\/em>, abrindo tamb\u00e9m discuss\u00f5es, junto \u00e0 comunidade, para compreender quais s\u00e3o as medidas mais vi\u00e1veis para manter a seguran\u00e7a de uma rede e\/ou um sistema (o aluno pode escolher apenas o primeiro m\u00f3dulo ou a academia completa).<\/p>\n<p>O conte\u00fado \u00e9 passado de forma conceitual e pr\u00e1tica, com exerc\u00edcios, testes e demonstra\u00e7\u00f5es, permitindo ao aluno olhar tanto pela vis\u00e3o do atacante como a do defensor e compreender as tarefas que devem ser executadas durante um \u201cPen Test\u201d e as a\u00e7\u00f5es que devem ser tomadas ap\u00f3s um incidente.<\/p>\n<\/div>\n<div class=\"col-md-4 sidewall\">\n<div class=\"col-xs-6\"><img decoding=\"async\" class=\"img-responsive\" src=\"http:\/\/www.fuctura.com.br\/recife\/wp-content\/themes\/fuctura\/images\/sobre\/fuctura-1.jpg\" \/><br \/>\n<img decoding=\"async\" class=\"img-responsive\" style=\"margin-top: 20px;\" src=\"http:\/\/www.fuctura.com.br\/recife\/wp-content\/themes\/fuctura\/images\/sobre\/fuctura-3.jpg\" \/><\/div>\n<div class=\"col-xs-6\"><img decoding=\"async\" class=\"img-responsive\" src=\"http:\/\/www.fuctura.com.br\/recife\/wp-content\/themes\/fuctura\/images\/sobre\/fuctura-2.jpg\" \/><br \/>\n<img decoding=\"async\" class=\"img-responsive\" style=\"margin-top: 20px;\" src=\"http:\/\/www.fuctura.com.br\/recife\/wp-content\/themes\/fuctura\/images\/sobre\/fuctura-4.jpg\" \/><\/div>\n<\/div>\n<\/div>\n<p><!-- \/.row --><\/p>\n<\/div>\n<\/section>\n<p><!--M\u00f3dulos --><\/p>\n<section class=\"bg-light-grey\">\n<div class=\"container\">\n<div class=\"row\">\n<div class=\"col-md-12\">\n<h2 class=\"mission\"><a href=\"#reserva\"><img loading=\"lazy\" decoding=\"async\" class=\"size-full wp-image-12550 alignnone\" src=\"https:\/\/www.fuctura.com.br\/recife\/wp-content\/uploads\/2018\/10\/reserva.jpg\" alt=\"\" width=\"267\" height=\"189\" \/><\/a><\/h2>\n<h2 class=\"mission\">Conte\u00fado Pragm\u00e1tico<\/h2>\n<\/div>\n<\/div>\n<div id=\"conteudo\" class=\"panel-group\">\n<div class=\"panel panel-default conteudo-prag\">\n<div class=\"panel-heading\">\n<h4 class=\"panel-title\"><a href=\"#capitulo1\" data-toggle=\"collapse\" data-parent=\"#conteudo\">1. Conceitos e Ferramentas Hackers<\/a><\/h4>\n<\/div>\n<div id=\"capitulo1\" class=\"panel-collapse collapse\">\n<div class=\"panel-body\">\n<ul>\n<li>Conceitos de Seguran\u00e7a<\/li>\n<li>Aspectos b\u00e1sicos de seguran\u00e7a<\/li>\n<li>Seguran\u00e7a na Internet<\/li>\n<li>Entendendo os Hackers e Crackers<\/li>\n<li>Defini\u00e7\u00f5es de Seguran\u00e7a<\/li>\n<li>Criptografia<\/li>\n<li>Pol\u00edtica de Senhas<\/li>\n<li>Keylogger<\/li>\n<li>Seguran\u00e7a em Windows<\/li>\n<li>Scan<\/li>\n<li>Preven\u00e7\u00f5es<\/li>\n<li>Su\u00edte de Antiv\u00edrus<\/li>\n<\/ul>\n<\/div>\n<\/div>\n<\/div>\n<div class=\"panel panel-default conteudo-prag\">\n<div class=\"panel-heading\">\n<h4 class=\"panel-title\"><a href=\"#capitulo2\" data-toggle=\"collapse\" data-parent=\"#conteudo\">2. M\u00e9todos e Ferramentas de Ataque e Defesa Hackers<\/a><\/h4>\n<\/div>\n<div id=\"capitulo2\" class=\"panel-collapse collapse\">\n<div class=\"panel-body\">\n<ul>\n<li>Hora do ataque<\/li>\n<li>Metodologias de ataque<\/li>\n<li>Estrat\u00e9gia dos hackers\/crackers<\/li>\n<li>Sniffers<\/li>\n<li>Engenharia Social<\/li>\n<li>Criando p\u00e1ginas falsas<\/li>\n<li>Encontrando e utilizando um Exploit<\/li>\n<li>DeepWeb<\/li>\n<li>Introdu\u00e7\u00e3o a redes sem fio<\/li>\n<li>Ataques a redes sem fio<\/li>\n<li>Quebrando Senhas<\/li>\n<li>Hora da defesa<\/li>\n<li>Metodologias de Defesa<\/li>\n<li>Pol\u00edticas de Seguran\u00e7a<\/li>\n<li>Honeypot<\/li>\n<li>Mapeamento de rede<\/li>\n<li>Seguran\u00e7a na Internet<\/li>\n<li>Seguran\u00e7a em redes sociais<\/li>\n<li>Seguran\u00e7a em aplica\u00e7\u00f5es Web<\/li>\n<\/ul>\n<\/div>\n<\/div>\n<\/div>\n<\/div>\n<\/div>\n<\/section>\n<p><!--bg-azul --><\/p>\n<section class=\"bg-azul\">\n<footer class=\"ligueAgora\">\n<div class=\"container\">\n<div class=\"row\">\n<div class=\"col-md-12\">\n<h2 class=\"mission\">Vantagens da Fuctura<\/h2>\n<ul class=\"check-icon\">\n<li>A certeza que voc\u00ea est\u00e1 estudando em um centro autorizado Ubuntu e LPI<\/li>\n<li>Novo material did\u00e1tico,\u00a0 atualizado a cada nova falha de seguran\u00e7a<\/li>\n<li>Ambiente Linux e Windows<\/li>\n<li>Certificado reconhecido em todo Brasil.<\/li>\n<li>Curso com 50h presenciais e 20h on-line<\/li>\n<li>Voc\u00ea far\u00e1 parte de um grupo de estudo ap\u00f3s o curso<\/li>\n<\/ul>\n<\/div>\n<\/div>\n<\/div>\n<\/section>\n<\/footer>\n<section class=\"bg-light-grey\">\n<div class=\"container\">\n<div class=\"row col-md-12\"><\/div>\n<\/div>\n<\/section>\n<p><a name=\"reserva\"><\/a><\/p>\n","protected":false},"excerpt":{"rendered":"<p>Tecnologias Hackers \u00a050h \u00a0Presencial Home Cursos Tecnologias Hackers Descri\u00e7\u00e3o O curso aborda t\u00e9cnicas, ferramentas e metodologias utilizadas por Hackers, Crackers e profissionais em testes de intrus\u00e3o e prote\u00e7\u00e3o de redes. O novo curso foi desenvolvido no intuito de disponibilizar aos interessados a oportunidade de conhecer a fundo os m\u00e9todos e as t\u00e9cnicas utilizadas pelos hackers [&hellip;]<\/p>\n","protected":false},"author":2,"featured_media":0,"parent":54,"menu_order":3,"comment_status":"closed","ping_status":"closed","template":"padrao-page.php","meta":{"footnotes":""},"class_list":["post-211","page","type-page","status-publish","hentry"],"_links":{"self":[{"href":"https:\/\/www.fuctura.com.br\/recife\/wp-json\/wp\/v2\/pages\/211","targetHints":{"allow":["GET"]}}],"collection":[{"href":"https:\/\/www.fuctura.com.br\/recife\/wp-json\/wp\/v2\/pages"}],"about":[{"href":"https:\/\/www.fuctura.com.br\/recife\/wp-json\/wp\/v2\/types\/page"}],"author":[{"embeddable":true,"href":"https:\/\/www.fuctura.com.br\/recife\/wp-json\/wp\/v2\/users\/2"}],"replies":[{"embeddable":true,"href":"https:\/\/www.fuctura.com.br\/recife\/wp-json\/wp\/v2\/comments?post=211"}],"version-history":[{"count":11,"href":"https:\/\/www.fuctura.com.br\/recife\/wp-json\/wp\/v2\/pages\/211\/revisions"}],"predecessor-version":[{"id":15373,"href":"https:\/\/www.fuctura.com.br\/recife\/wp-json\/wp\/v2\/pages\/211\/revisions\/15373"}],"up":[{"embeddable":true,"href":"https:\/\/www.fuctura.com.br\/recife\/wp-json\/wp\/v2\/pages\/54"}],"wp:attachment":[{"href":"https:\/\/www.fuctura.com.br\/recife\/wp-json\/wp\/v2\/media?parent=211"}],"curies":[{"name":"wp","href":"https:\/\/api.w.org\/{rel}","templated":true}]}}