{"id":213,"date":"2016-12-12T18:12:50","date_gmt":"2016-12-12T20:12:50","guid":{"rendered":"https:\/\/www.fuctura.com.br\/recife\/?page_id=213"},"modified":"2021-09-11T22:03:52","modified_gmt":"2021-09-12T01:03:52","slug":"google-android","status":"publish","type":"page","link":"https:\/\/www.fuctura.com.br\/recife\/cursos\/google-android\/","title":{"rendered":"Academia Android"},"content":{"rendered":"<section class=\"topo-curso java\">\n<div class=\"container\">\n<div class=\"row\">\n<div class=\"col-md-8\">\n<div class=\"row\">\n<div class=\"col-md-12\">\n<h1 class=\"curso-title\">Academia Android<\/h1>\n<\/div>\n<\/div>\n<div class=\"row\">\n<div class=\"boxes hora\"><i class=\"fa fa-clock-o\"><\/i> \u00a070h<\/div>\n<div class=\"boxes modalidade\"><i class=\"fa fa-flag-o\"><\/i> \u00a0Presencial ou On-line<\/div>\n<\/div>\n<\/div>\n<div class=\"col-md-4 text-center\"><img decoding=\"async\" class=\"img-responsive\" src=\"http:\/\/www.fuctura.com.br\/recife\/wp-content\/themes\/fuctura\/images\/topos-cursos\/curso-android-logo.png\" \/><\/div>\n<\/div>\n<\/div>\n<\/section>\n<section class=\"about\">\n<div class=\"container\">\n<ol class=\"breadcrumb\">\n<li><a href=\"http:\/\/www.fuctura.com.br\/\">Home<\/a><\/li>\n<li><a href=\"http:\/\/www.fuctura.com.br\/recife\/cursos\/\">Cursos<\/a><\/li>\n<li class=\"active\"><strong>Curso Android do B\u00e1sico ao Avan\u00e7ado<\/strong><\/li>\n<\/ol>\n<div class=\"row\">\n<div class=\"col-lg-8 about-text\">\n<h3><span style=\"color: #008080;\">Descri\u00e7\u00e3o<\/span><\/h3>\n<p>O Android \u00e9 um sistema operacional para mobile Opensource (mantido pela Google) que se tornou a plataforma para smartphones mais vendida do mundo.<\/p>\n<h3><span style=\"color: #008080;\">Curso Presencial ou On-line<\/span><\/h3>\n<ul>\n<li>Aprenda a arquitetura do Android e seus detalhes<\/li>\n<li>Entenda as ferramentas para criar suas aplica\u00e7\u00f5es, como o Android SDK e Android Studio<\/li>\n<li>Construa interfaces modernas para seus aplicativos<\/li>\n<li>Persist\u00eancia local de dados com SQLite<\/li>\n<li>Integra\u00e7\u00e3o com aplicativos usando Intents<\/li>\n<li>APIs de c\u00e2mera, mapas, arquivos, background e mais<\/li>\n<li>Conectividade com servi\u00e7os remotos e sincroniza\u00e7\u00e3o<\/li>\n<\/ul>\n<p>&nbsp;<\/p>\n<p>A Academia Android \u00e9 um conjunto de cursos para quem quer desenvolver Apps com qualidade e ingressar no mercado milion\u00e1rio de aplicativos m\u00f3veis.<\/p>\n<h3><span style=\"color: #008080;\">Quem deve fazer o curso<\/span><\/h3>\n<p>Desenvolvedores que j\u00e1 conhecem Java e que t\u00eam interesse em aprender a criar aplicativos para a plataforma Android, Analistas de sistemas, Analistas de Neg\u00f3cios, Estudantes de Computa\u00e7\u00e3o e Desenvolvedores em geral que desejam trabalhar com Android.<\/p>\n<\/div>\n<div class=\"col-md-4 sidewall\">\n<div class=\"col-xs-6\"><img decoding=\"async\" class=\"img-responsive\" src=\"http:\/\/www.fuctura.com.br\/recife\/wp-content\/themes\/fuctura\/images\/sobre\/fuctura-1.jpg\" \/><br \/>\n<img decoding=\"async\" class=\"img-responsive\" style=\"margin-top: 20px;\" src=\"http:\/\/www.fuctura.com.br\/recife\/wp-content\/themes\/fuctura\/images\/sobre\/fuctura-3.jpg\" \/><\/div>\n<div class=\"col-xs-6\"><img decoding=\"async\" class=\"img-responsive\" src=\"http:\/\/www.fuctura.com.br\/recife\/wp-content\/themes\/fuctura\/images\/sobre\/fuctura-2.jpg\" \/><br \/>\n<img decoding=\"async\" class=\"img-responsive\" style=\"margin-top: 20px;\" src=\"http:\/\/www.fuctura.com.br\/recife\/wp-content\/themes\/fuctura\/images\/sobre\/fuctura-4.jpg\" \/><\/div>\n<\/div>\n<\/div>\n<\/div>\n<\/section>\n<p><!--M\u00f3dulos --><\/p>\n<section class=\"bg-light-grey\">\n<div class=\"container\">\n<div class=\"row\">\n<div class=\"col-md-12\">\n<h2 class=\"mission\"><span style=\"color: #008080;\">M\u00f3dulos<\/span><\/h2>\n<\/div>\n<\/div>\n<div class=\"row\">\n<div class=\"col-md-4 col-sm-6\">\n<div class=\"modulo-box\">\n<h3><span style=\"color: #008080;\">Plataforma Google Android<\/span><\/h3>\n<p class=\"modulo-text\">O curso eleito pela Linux Magazine como um dos cursos de Linux mais completos do Brasil, oferece oportunidades na IBM&#8230;<\/p>\n<p class=\"modulo-carga\">30h<\/p>\n<\/div>\n<\/div>\n<div class=\"col-md-4 col-sm-6\">\n<div class=\"modulo-box\">\n<h3><span style=\"color: #008080;\">Android Avan\u00e7ado<\/span><\/h3>\n<p class=\"modulo-text\">O curso eleito pela Linux Magazine como um dos cursos de Linux mais completos do Brasil, oferece oportunidades na IBM&#8230;<\/p>\n<p class=\"modulo-carga\">30h<\/p>\n<\/div>\n<\/div>\n<div class=\"col-md-4 col-sm-6\">\n<div class=\"modulo-box\">\n<h3><span style=\"color: #008080;\">Projeto e publica\u00e7\u00e3o de um aplicativo avan\u00e7ado em Android<\/span><\/h3>\n<p class=\"modulo-text\">O curso eleito pela Linux Magazine como um dos cursos de Linux mais completos do Brasil, oferece oportunidades na IBM&#8230;<\/p>\n<p class=\"modulo-carga\">10h<\/p>\n<\/div>\n<\/div>\n<div class=\"row col-md-12\"><\/div>\n<\/div>\n<\/div>\n<\/section>\n<p><!--bg-azul --><\/p>\n<section class=\"bg-azul\">\n<footer class=\"ligueAgora\">\n<div class=\"container\">\n<div class=\"row\">\n<div class=\"col-md-12\">\n<h2 class=\"mission\">Vantagens da Fuctura<\/h2>\n<ul class=\"check-icon\">\n<li>Um curso din\u00e2mico e pr\u00e1tico, sempre desenvolvendo projetos<\/li>\n<li>Novo material did\u00e1tico, oficial da Academia Android<\/li>\n<li>A certeza que voc\u00ea est\u00e1 estudando em um centro autorizado, com os melhores recursos em Software Livre<\/li>\n<li>Os instrutores trabalham com Android criando Apps para grandes empresas<\/li>\n<li>Certificado reconhecido em todo Brasil<\/li>\n<\/ul>\n<\/div>\n<\/div>\n<\/div>\n<\/footer>\n<\/section>\n<section class=\"bg-light-grey\">\n<div class=\"container\"><\/div>\n<\/section>\n<p><a name=\"reserva\"><\/a><\/p>\n","protected":false},"excerpt":{"rendered":"<p>Academia Android \u00a070h \u00a0Presencial ou On-line Home Cursos Curso Android do B\u00e1sico ao Avan\u00e7ado Descri\u00e7\u00e3o O Android \u00e9 um sistema operacional para mobile Opensource (mantido pela Google) que se tornou a plataforma para smartphones mais vendida do mundo. Curso Presencial ou On-line Aprenda a arquitetura do Android e seus detalhes Entenda as ferramentas para criar [&hellip;]<\/p>\n","protected":false},"author":2,"featured_media":0,"parent":54,"menu_order":4,"comment_status":"closed","ping_status":"closed","template":"padrao-page.php","meta":{"footnotes":""},"class_list":["post-213","page","type-page","status-publish","hentry"],"_links":{"self":[{"href":"https:\/\/www.fuctura.com.br\/recife\/wp-json\/wp\/v2\/pages\/213","targetHints":{"allow":["GET"]}}],"collection":[{"href":"https:\/\/www.fuctura.com.br\/recife\/wp-json\/wp\/v2\/pages"}],"about":[{"href":"https:\/\/www.fuctura.com.br\/recife\/wp-json\/wp\/v2\/types\/page"}],"author":[{"embeddable":true,"href":"https:\/\/www.fuctura.com.br\/recife\/wp-json\/wp\/v2\/users\/2"}],"replies":[{"embeddable":true,"href":"https:\/\/www.fuctura.com.br\/recife\/wp-json\/wp\/v2\/comments?post=213"}],"version-history":[{"count":19,"href":"https:\/\/www.fuctura.com.br\/recife\/wp-json\/wp\/v2\/pages\/213\/revisions"}],"predecessor-version":[{"id":15374,"href":"https:\/\/www.fuctura.com.br\/recife\/wp-json\/wp\/v2\/pages\/213\/revisions\/15374"}],"up":[{"embeddable":true,"href":"https:\/\/www.fuctura.com.br\/recife\/wp-json\/wp\/v2\/pages\/54"}],"wp:attachment":[{"href":"https:\/\/www.fuctura.com.br\/recife\/wp-json\/wp\/v2\/media?parent=213"}],"curies":[{"name":"wp","href":"https:\/\/api.w.org\/{rel}","templated":true}]}}