{"id":217,"date":"2016-12-12T18:14:59","date_gmt":"2016-12-12T20:14:59","guid":{"rendered":"https:\/\/www.fuctura.com.br\/recife\/?page_id=217"},"modified":"2021-02-07T14:26:09","modified_gmt":"2021-02-07T17:26:09","slug":"academia-php-developement","status":"publish","type":"page","link":"https:\/\/www.fuctura.com.br\/recife\/cursos\/academia-php-developement\/","title":{"rendered":"Academia PHP"},"content":{"rendered":"<section class=\"topo-curso android\">\n<div class=\"container\">\n<div class=\"row\">\n<div class=\"col-md-8\">\n<div class=\"row\">\n<div class=\"col-md-12\">\n<h1 class=\"curso-title\">Academia PHP<\/h1>\n<\/div>\n<\/div>\n<div class=\"row\">\n<div class=\"boxes hora\"><i class=\"fa fa-clock-o\"><\/i> 50h<\/div>\n<div class=\"boxes modalidade\"><i class=\"fa fa-flag-o\"><\/i> \u00a0Presencial ou On-line<\/div>\n<\/div>\n<\/div>\n<div class=\"col-md-4 text-center\"><img decoding=\"async\" class=\"img-responsive\" src=\"http:\/\/www.fuctura.com.br\/recife\/wp-content\/themes\/fuctura\/images\/topos-cursos\/curso-php-logo.png\" \/><\/div>\n<\/div>\n<\/div>\n<\/section>\n<section class=\"about\">\n<div class=\"container\">\n<ol class=\"breadcrumb\">\n<li><a href=\"http:\/\/www.fuctura.com.br\/\">Home<\/a><\/li>\n<li><a href=\"http:\/\/www.fuctura.com.br\/recife\/cursos\/\">Cursos<\/a><\/li>\n<li><strong>Academia PHP<\/strong><\/li>\n<\/ol>\n<div class=\"row\">\n<div class=\"col-lg-8 about-text\">\n<p>Grande parte dos sistemas desktop est\u00e3o migrando para web em PHP, Isso tem aumentado a procura por desenvolvedores web, aumentando\u00a0bastante oferta de emprego.<\/p>\n<h2><span style=\"color: #ff0000;\"><span style=\"color: #33cccc;\">RAZ\u00d5ES VOC\u00ca DEVE ESTUDAR PHP<\/span><\/span><\/h2>\n<ul>\n<li><strong>A Wikipedia:<\/strong> A mais famosa enciclop\u00e9dia colaborativa aberta da internet tamb\u00e9m \u00e9 escrita em PHP. Inclusive teve seu c\u00f3digo aberto o que possibilita voc\u00ea criar sua pr\u00f3pria wiki na sua empresa, site, projeto, etc.<\/li>\n<li><strong>Moodle:<\/strong> \u00c9 um AVA ( ambiente virtual de aprendizagem), um software livre para aulas on-line muito utilizado em todo o mundo. E tamb\u00e9m foi feito em PHP.<\/li>\n<li><strong>WordPress:<\/strong> \u00c9 muito prov\u00e1vel que voc\u00ea, so acessar um blog, ele seja desenvolvido em WordPress. As ag\u00eancias digitais utilizam largamente o WP e por isso empregam muitos programadores PHP.<\/li>\n<li><strong>Drupal e Joomla:<\/strong> S\u00e3o dois CMS ( Content Management System) muito utilizados para se construir web-sites e manter seus conte\u00fados de forma f\u00e1cil.<\/li>\n<li><strong>Magento e OpenCart:<\/strong> S\u00e3o os sistemas de e-commerce mais utilizados atualmente na internet, como exemplo de uso no Brasil podemos citar o website da Saraiva, que \u00e9 feito em Magento<\/li>\n<\/ul>\n<div><\/div>\n<hr \/>\n<p><a class=\"btn-cursosfull\" href=\"https:\/\/wa.me\/5581996240427?text=Ol\u00e1,%20gostaria%20de%20receber%20informa\u00e7\u00f5es%20de%20L\u00f3gica%20de%20Programa\u00e7\u00e3o\"><strong>Contato Whatsapp<\/strong><\/a><\/p>\n<hr \/>\n<h2><span style=\"color: #33cccc;\">S\u00c3O 3 M\u00d3DULOS IMPORTANTES<\/span><\/h2>\n<ul>\n<li><span style=\"color: #000000;\"><strong>Php para Desenvolvimento de Sistemas<\/strong><\/span><\/li>\n<li><span style=\"color: #000000;\"><strong>Aplica\u00e7\u00f5es e Sistemas para Web<\/strong><\/span><\/li>\n<li><span style=\"color: #000000;\"><strong>Criando sites completos com WordPress<\/strong><\/span><\/li>\n<\/ul>\n<p>Ao final da Academia voc\u00ea estar\u00e1 pronto para criar aplica\u00e7\u00f5es din\u00e2micas e complexas, usando v\u00e1rias tecnologias para criar sites e sistemas de gerenciamento. Vai usar os principais bancos de dados open source como MySQL, PostgreSQL e SQLite, al\u00e9m da utiliza\u00e7\u00e3o e escolha dos frameworks mais famosos e utilizados do mercado.<\/p>\n<p>&nbsp;<\/p>\n<blockquote class=\"blockquote\">\n<h3><span style=\"color: #000000;\"><strong>\u201cVoc\u00ea vai criar sites inteligentes (e-business, e-commerce, busca) que acessem banco de dados e gerem informa\u00e7\u00f5es on-line!\u201d<\/strong><\/span><\/h3>\n<\/blockquote>\n<p>&nbsp;<\/p>\n<\/div>\n<p><!-- \/.row --><\/p>\n<h3 style=\"text-align: center;\"><span style=\"color: #33cccc;\"><strong>APRENDA R\u00c1PDIDO<\/strong><\/span><\/h3>\n<p style=\"text-align: center;\"><strong>Sua meta \u00e9 est\u00e1gio ou emprego?<\/strong><\/p>\n<p style=\"text-align: center;\"><iframe loading=\"lazy\" src=\"https:\/\/www.youtube.com\/embed\/B2ttdqbps-4\" width=\"300\" height=\"260\" frameborder=\"0\" allowfullscreen=\"allowfullscreen\"><span data-mce-type=\"bookmark\" style=\"display: inline-block; width: 0px; overflow: hidden; line-height: 0;\" class=\"mce_SELRES_start\">\ufeff<\/span><span data-mce-type=\"bookmark\" style=\"display: inline-block; width: 0px; overflow: hidden; line-height: 0;\" class=\"mce_SELRES_start\">\ufeff<\/span><\/iframe><br \/>\n<strong>Curso presencial ou on-line<\/strong><\/p>\n<p style=\"text-align: center;\"><img loading=\"lazy\" decoding=\"async\" class=\" wp-image-12784 aligncenter\" src=\"https:\/\/www.fuctura.com.br\/recife\/wp-content\/uploads\/2019\/03\/Tutma-Python450.jpg\" alt=\"\" width=\"306\" height=\"175\" \/><\/p>\n<p>&nbsp;<\/p>\n<p style=\"text-align: center;\"><a href=\"https:\/\/www.instagram.com\/fucturatecnologia\/\" target=\"_blank\" rel=\"noopener noreferrer\"><img loading=\"lazy\" decoding=\"async\" class=\"alignnone wp-image-13939\" src=\"https:\/\/www.fuctura.com.br\/recife\/wp-content\/uploads\/2020\/07\/instagram-logo.png\" alt=\"\" width=\"135\" height=\"143\" \/><\/a><\/p>\n<p style=\"text-align: center;\"><a href=\"https:\/\/www.instagram.com\/fucturatecnologia\/\" target=\"_blank\" rel=\"noopener noreferrer\"><img loading=\"lazy\" decoding=\"async\" class=\"alignnone size-full wp-image-11577\" src=\"https:\/\/www.fuctura.com.br\/recife\/wp-content\/uploads\/2018\/06\/logo-fuctura-2.jpg\" alt=\"\" width=\"218\" height=\"40\" \/><\/a><\/p>\n<\/div>\n<p><!-- \/.row --><\/p>\n<\/div>\n<\/section>\n<section class=\"bg-light-grey\">\n<div class=\"container\">\n<div class=\"row\">\n<div class=\"col-md-12\">\n<h2 class=\"mission\"><span style=\"color: #33cccc;\">VEJA EM DETALHES CADA M\u00d3DULO<\/span><\/h2>\n<\/div>\n<\/div>\n<div id=\"conteudo\" class=\"panel-group\">\n<div class=\"panel panel-default conteudo-prag\">\n<div class=\"panel-heading\">\n<h4 class=\"panel-title\"><a href=\"#capitulo1\" data-toggle=\"collapse\" data-parent=\"#conteudo\">1.Php para Desenvolvimento de Sistemas<\/a><\/h4>\n<\/div>\n<div id=\"capitulo1\" class=\"panel-collapse collapse in\">\n<ul>\n<li>Utilizando recursos de programa\u00e7\u00e3o avan\u00e7ados, com o paradigma de programa\u00e7\u00e3o orientada a objetos e fun\u00e7\u00f5es avan\u00e7adas do PHP, o curso atinge as exig\u00eancias do mercado.<\/li>\n<li>Nele voc\u00ea ganha habilidades para programar e desenvolver aplica\u00e7\u00f5es mais r\u00e1pidas e mais f\u00e1ceis, enquanto desenvolve um sistema de controle de estoque, do zero.<\/li>\n<li>Voc\u00ea vai aprender as ferramentas para instalar o WP, configurando sua aplica\u00e7\u00e3o do zero!<\/li>\n<\/ul>\n<\/div>\n<\/div>\n<div class=\"panel panel-default conteudo-prag\">\n<div class=\"panel-heading\">\n<h4 class=\"panel-title\"><a href=\"#capitulo2\" data-toggle=\"collapse\" data-parent=\"#conteudo\">2. Aplica\u00e7\u00f5es e Sistemas Avan\u00e7ados para Web<\/a><\/h4>\n<\/div>\n<div id=\"capitulo2\" class=\"panel-collapse collapse\">\n<div class=\"panel-body\">\n<p>Aqui come\u00e7amos a desenvolver um projeto que pode ser um controle de estoque ou um espec\u00edfico a escolha da turma. Com o sistema criado, voc\u00ea vai entender como melhorar diversos recursos como Auto-complete, Valida\u00e7\u00e3o de Campos, Lightbox, Arcodeon, pagina\u00e7\u00e3o, Modal entre outros.<\/p>\n<ul>\n<li>Ser\u00e1 introduzido ao conceito de orienta\u00e7\u00e3o a objetos, bem como t\u00e9cnicas avan\u00e7adas de programa\u00e7\u00e3o.<\/li>\n<li>Veremos tamb\u00e9m o conceito de arquitetura de software.\u00a0Introduziremos ao conceito e aplica\u00e7\u00e3o de webservices<\/li>\n<\/ul>\n<p>Iremos explicar sobre os principais frameworks atuais e evoluidos no mercado atualmente, bibliotecas e ferramentas capazes de agilizar e facilitar o desenvolvimento de sistemas e sites complexos<\/p>\n<p>Vai aprender a organizar seu tempo e ganhar produtividade ao m\u00e1ximo atrav\u00e9s de v\u00e1rias t\u00e9cnicas focadas (Tecnica Pomodoro)<\/p>\n<p>Entraremos no mundo do HTML 5 + CSS 3 para cria\u00e7\u00e3o de paginas lindas e profissionais.<\/p>\n<\/div>\n<\/div>\n<\/div>\n<div class=\"panel panel-default conteudo-prag\">\n<div class=\"panel-heading\">\n<h4 class=\"panel-title\"><a href=\"#capitulo3\" data-toggle=\"collapse\" data-parent=\"#conteudo\">3. Criando sites completos com WordPress<\/a><\/h4>\n<\/div>\n<div id=\"capitulo3\" class=\"panel-collapse collapse\">\n<div class=\"panel-body\">\n<ul>\n<li>O WordPress \u00e9 uma plataforma sem\u00e2ntica de vanguarda para publica\u00e7\u00e3o de sites completos, com foco na est\u00e9tica, nos padr\u00f5es Web e pode ser atualizado constantemente.<\/li>\n<li>Voc\u00ea vai aprender a criar sites e mais r\u00e1pidos, com v\u00e1rios tipos de plugins, ganhando tempo e uma qualidade maior no desenvolvimento.<\/li>\n<\/ul>\n<\/div>\n<\/div>\n<\/div>\n<\/div>\n<\/div>\n<\/section>\n<section class=\"bg-azul\">\n<footer class=\"ligueAgora\">\n<div class=\"container\">\n<div class=\"row\">\n<div class=\"col-sm-9\">\n<h2 class=\"mission\" style=\"text-align: left;\"><span style=\"color: #ffff99;\">Vantagens da Fuctura<\/span><\/h2>\n<ul>\n<li>A Academia oferece 80h de curso, material completo e instrutores experientes indicados pelo Porto Digital.<\/li>\n<li>Material did\u00e1tico completo<\/li>\n<li>Certificado com reconhecimento em todo o Brasil<\/li>\n<li>A segunda etapa do curso totaliza 50h e foca exclusivamente projetos em PHP<\/li>\n<li>Forma\u00e7\u00e3o completa, segundo as grandes empresas parceiras da Fuctura<\/li>\n<\/ul>\n<\/div>\n<\/div>\n<\/div>\n<\/footer>\n<\/section>\n<div class=\"container\">\n<div id=\"conteudo\" class=\"panel-group\">\n<div class=\"panel panel-default conteudo-prag\">\n<div class=\"panel-heading\">\n<h4 class=\"panel-title\"><\/h4>\n<\/div>\n<div id=\"capitulo9\" class=\"panel-collapse collapse \">\n<div class=\"panel-body\">\n<p>PHP \u00e9 uma linguagem interpretada livre, Curso de php em Recife Curso de Python Porto Digital, usada originalmente apenas para o desenvolvimento de aplica\u00e7\u00f5es presentes e atuantes no lado do servidor, curso de programa\u00e7\u00e3o pdf, programa\u00e7\u00e3o inform\u00e1tica curso de programa\u00e7\u00e3o php, capazes de gerar conte\u00fado din\u00e2mico na World Wide Web. curso php completo download, curso php completo pdf, como funciona o php? Figura entre as primeiras linguagens, aprender programa\u00e7\u00e3o sozinho do zero. Aprender a programar em c em recife caruaru,pass\u00edveis de inser\u00e7\u00e3o em documentos HTML, dispensando em muitos casos o uso de arquivos externos para eventuais processamentos de dados. aprender php r\u00e1pido, aprendendo php porto digital.<br \/>\nO c\u00f3digo \u00e9 interpretado no lado do servidor pelo m\u00f3dulo PHP, que tamb\u00e9m gera a p\u00e1gina web a ser visualizada no lado do cliente. php avan\u00e7ado e php para desenvolvedores ou introdu\u00e7\u00e3o \u00e0 programa\u00e7\u00e3o com php. A linguagem evoluiu, passou a oferecer funcionalidades em linha de comando, e al\u00e9m disso, ganhou caracter\u00edsticas adicionais, programa\u00e7\u00e3o para iniciantes logica de programa\u00e7\u00e3o senac, que possibilitaram usos adicionais do PHP, n\u00e3o relacionados a web sites. linguagem php para iniciantes livro php em portugues.<br \/>\n\u00c9 poss\u00edvel instalar o PHP na maioria dos sistemas operacionais, gratuitamente. curso de programa\u00e7\u00e3o para iniciantes aprender programa\u00e7\u00e3o php online, curso de programa\u00e7\u00e3o senac.<\/p>\n<\/div>\n<\/div>\n<\/div>\n<\/div>\n<\/div>\n<\/section>\n<p><a name=\"reserva\"><\/a><\/p>\n<\/section>\n","protected":false},"excerpt":{"rendered":"<p>Academia PHP 50h \u00a0Presencial ou On-line Home Cursos Academia PHP Grande parte dos sistemas desktop est\u00e3o migrando para web em PHP, Isso tem aumentado a procura por desenvolvedores web, aumentando\u00a0bastante oferta de emprego. RAZ\u00d5ES VOC\u00ca DEVE ESTUDAR PHP A Wikipedia: A mais famosa enciclop\u00e9dia colaborativa aberta da internet tamb\u00e9m \u00e9 escrita em PHP. Inclusive teve [&hellip;]<\/p>\n","protected":false},"author":2,"featured_media":0,"parent":54,"menu_order":6,"comment_status":"closed","ping_status":"closed","template":"padrao-page.php","meta":{"footnotes":""},"class_list":["post-217","page","type-page","status-publish","hentry"],"_links":{"self":[{"href":"https:\/\/www.fuctura.com.br\/recife\/wp-json\/wp\/v2\/pages\/217","targetHints":{"allow":["GET"]}}],"collection":[{"href":"https:\/\/www.fuctura.com.br\/recife\/wp-json\/wp\/v2\/pages"}],"about":[{"href":"https:\/\/www.fuctura.com.br\/recife\/wp-json\/wp\/v2\/types\/page"}],"author":[{"embeddable":true,"href":"https:\/\/www.fuctura.com.br\/recife\/wp-json\/wp\/v2\/users\/2"}],"replies":[{"embeddable":true,"href":"https:\/\/www.fuctura.com.br\/recife\/wp-json\/wp\/v2\/comments?post=217"}],"version-history":[{"count":37,"href":"https:\/\/www.fuctura.com.br\/recife\/wp-json\/wp\/v2\/pages\/217\/revisions"}],"predecessor-version":[{"id":14775,"href":"https:\/\/www.fuctura.com.br\/recife\/wp-json\/wp\/v2\/pages\/217\/revisions\/14775"}],"up":[{"embeddable":true,"href":"https:\/\/www.fuctura.com.br\/recife\/wp-json\/wp\/v2\/pages\/54"}],"wp:attachment":[{"href":"https:\/\/www.fuctura.com.br\/recife\/wp-json\/wp\/v2\/media?parent=217"}],"curies":[{"name":"wp","href":"https:\/\/api.w.org\/{rel}","templated":true}]}}