{"id":228,"date":"2016-12-12T18:26:09","date_gmt":"2016-12-12T20:26:09","guid":{"rendered":"https:\/\/www.fuctura.com.br\/recife\/?page_id=228"},"modified":"2020-07-17T09:22:52","modified_gmt":"2020-07-17T12:22:52","slug":"computacao-grafica-biblia-3d","status":"publish","type":"page","link":"https:\/\/www.fuctura.com.br\/recife\/cursos\/computacao-grafica-biblia-3d\/","title":{"rendered":"Criando Jogos Mobile"},"content":{"rendered":"<section class=\"topo-curso jogosmobile\">\n<div class=\"container\">\n<div class=\"row\">\n<div class=\"col-md-8\">\n<div class=\"row\">\n<div class=\"col-md-12\">\n<h1 class=\"curso-title\">Criando Jogos Mobile<\/h1>\n<\/div>\n<\/div>\n<div class=\"row\">\n<div class=\"boxes hora\">\u00a0m\u00f3dulos<\/div>\n<div class=\"boxes modalidade\"><i class=\"fa fa-flag-o\"><\/i> \u00a0Presencial ou On-line<\/div>\n<\/div>\n<\/div>\n<p><!-- substituir logo\n\n\n<div class=\"col-md-4 text-center\"><img loading=\"lazy\" decoding=\"async\" class=\"img-responsive\" src=\"https:\/\/www.fuctura.com.br\/recife\/wp-content\/uploads\/2019\/11\/gamedesginer.png\" width=\"281\" height=\"281\" \/><\/div>\n\n\n--><\/p>\n<\/div>\n<\/div>\n<p>&nbsp;<\/p>\n<\/section>\n<section class=\"about\">\n<div class=\"container\">\n<ol class=\"breadcrumb\">\n<li><a href=\"http:\/\/www.fuctura.com.br\/\">Home<\/a><\/li>\n<li><a href=\"http:\/\/www.fuctura.com.br\/recife\/cursos\/\">Cursos<\/a><\/li>\n<li class=\"active\"><strong>Criando Jogos Mobile<\/strong><\/li>\n<\/ol>\n<div class=\"row\">\n<div class=\"col-lg-8 about-text\">\n<h3><span style=\"color: #ff0000;\"><strong>O primeiro curso de jogos mobile Crist\u00e3o<\/strong><\/span><\/h3>\n<p>Um <strong>curso din\u00e2mico e de f\u00e1cil entendimento<\/strong> para crian\u00e7as, adolescentes e adultos. Voc\u00ea aprende, analisa os jogos criados,\u00a0 enquanto cria novas fases para publicar na Google Play.<\/p>\n<h3><span style=\"color: #ff0000;\">Presencial ou On-line<\/span><\/h3>\n<ul>\n<li>O curso oferece uma ampla <strong>vis\u00e3o das profiss\u00f5es envolvidas<\/strong> para cria\u00e7\u00e3o de jogos<\/li>\n<li>Desenvolve <strong>racioc\u00ednio l\u00f3gico<\/strong><\/li>\n<li>Excelente para<strong> iniciar o aprendizado<\/strong> na \u00e1rea de tecnologia<\/li>\n<li>Obedece duas premissas importantes: usar a B\u00edblia como inspira\u00e7\u00e3o para fazer os jogos e envolver a fam\u00edlia.<\/li>\n<\/ul>\n<hr \/>\n<p><a class=\"btn-cursosfull\" href=\"https:\/\/wa.me\/5581996720134?text=Ol\u00e1,%20gostaria%20de%20receber%20informa\u00e7\u00f5es%20do%20curso%20de%20Mobile\" target=\"_blank\" rel=\"noopener\"><strong>Contato pelo Whatsapp<\/strong><\/a><\/p>\n<hr \/>\n<h3 class=\"col-lg-8 about-text\"><span style=\"color: #ff0000;\">Depoimento de Jo\u00e3o de 13 anos<\/span><\/h3>\n<p><iframe loading=\"lazy\" src=\"https:\/\/www.youtube.com\/embed\/RLu9W9utMTQ\" width=\"400\" height=\"350\" frameborder=\"0\" allowfullscreen=\"allowfullscreen\" data-mce-fragment=\"1\"><span data-mce-type=\"bookmark\" style=\"display: inline-block; width: 0px; overflow: hidden; line-height: 0;\" class=\"mce_SELRES_start\">\ufeff<\/span><\/iframe><\/p>\n<p><a href=\"http:\/\/www.biblia3d.com.br\/2018\/curso-de-jogos-mobile-cristao\" target=\"_blank\" rel=\"noopener\">Mais informa\u00e7\u00f5es na p\u00e1gina do Projeto B\u00edblia 3D<\/a><\/p>\n<p>Nossas equipes envolvidas &#8211; Programadores, Designers e Game Designers &#8211;\u00a0 se esfor\u00e7ar\u00e3o para que cada aluno tenha uma excelente assimila\u00e7\u00e3o de como ser um\u00a0<a href=\"#gamedesigner\">Game Designer<\/a>.<\/p>\n<h3><span style=\"color: #ff0000;\">M\u00f3dulos<\/span><\/h3>\n<ul>\n<li><strong>M\u00f3dulo 1: quais ferramentas para o primeiro jogo<\/strong><\/li>\n<li><strong>M\u00f3dulo 2: l\u00f3gica e linguagem de programa\u00e7\u00e3o Python<\/strong><\/li>\n<li><strong>M\u00f3dulo 3: criando e alimentando uma Intelig\u00eancia Artificial sobre a B\u00edblia<br \/>\n<\/strong><\/li>\n<li><strong>M\u00f3dulo 4: desenvolvendo e publicando jogos na Google Play<\/strong><\/li>\n<\/ul>\n<hr \/>\n<\/div>\n<h3 style=\"text-align: center;\"><span style=\"color: #ff0000;\">Jogos desenvolvidos<\/span><\/h3>\n<div><a href=\"https:\/\/play.google.com\/store\/apps\/details?id=com.Fuctura.Biblia3D.DaviXGolias&amp;hl=pr\" target=\"_blank\" rel=\"noopener\"><img loading=\"lazy\" decoding=\"async\" class=\"wp-image-9858 aligncenter\" src=\"http:\/\/www.fuctura.com.br\/recife\/wp-content\/uploads\/2016\/12\/Davi600-01.jpg\" alt=\"\" width=\"364\" height=\"205\" srcset=\"https:\/\/www.fuctura.com.br\/recife\/wp-content\/uploads\/2016\/12\/Davi600-01.jpg 600w, https:\/\/www.fuctura.com.br\/recife\/wp-content\/uploads\/2016\/12\/Davi600-01-300x169.jpg 300w\" sizes=\"auto, (max-width: 364px) 100vw, 364px\" \/><\/a><\/div>\n<p style=\"text-align: center;\"><strong>Jogo Davi x Golias, mais de 100 mil Downloads<\/strong><\/p>\n<div><a href=\"http:\/\/www.biblia3d.com.br\/2018\/2017\/09\/22\/app-pergaminhos-sagrados\/\" target=\"_blank\" rel=\"noopener\"><img decoding=\"async\" class=\"wp-image-12616 aligncenter\" src=\"http:\/\/www.biblia3d.com.br\/2018\/wp-content\/uploads\/2017\/09\/pergaminho.jpg\" alt=\"\" width=\"362\" height=\"100%\" \/><\/a><\/div>\n<div>\n<p style=\"text-align: center;\"><strong>Jogo Pergaminhos Sagrados<\/strong><\/p>\n<hr \/>\n<p style=\"text-align: center;\"><a href=\"https:\/\/www.instagram.com\/fucturatecnologia\/\" target=\"_blank\" rel=\"noopener\"><img loading=\"lazy\" decoding=\"async\" class=\"alignnone wp-image-13939\" src=\"https:\/\/www.fuctura.com.br\/recife\/wp-content\/uploads\/2020\/07\/instagram-logo.png\" alt=\"\" width=\"135\" height=\"143\" \/><\/a><\/p>\n<p>&nbsp;<\/p>\n<p style=\"text-align: center;\"><a href=\"https:\/\/www.instagram.com\/fucturatecnologia\/\" target=\"_blank\" rel=\"noopener\"><img loading=\"lazy\" decoding=\"async\" class=\"alignnone wp-image-11577\" src=\"https:\/\/www.fuctura.com.br\/recife\/wp-content\/uploads\/2018\/06\/logo-fuctura-2.jpg\" alt=\"\" width=\"158\" height=\"29\" \/><\/a><\/p>\n<p>&nbsp;<\/p>\n<p style=\"text-align: center;\"><a href=\"https:\/\/www.instagram.com\/biblia3d\" target=\"_blank\" rel=\"noopener\"><img loading=\"lazy\" decoding=\"async\" class=\"alignnone wp-image-11577\" src=\"http:\/\/www.biblia3d.com.br\/2018\/wp-content\/uploads\/2016\/06\/logo-biblia212.png\" alt=\"\" width=\"162\" height=\"76\" \/><\/a><\/p>\n<\/div>\n<\/div>\n<\/div>\n<\/section>\n<section class=\"bg-light-grey\">\n<div class=\"container\"><\/div>\n<\/section>\n<section class=\"bg-azul\">\n<div class=\"container\">\n<div class=\"row\">\n<div class=\"col-md-12\">\n<h2 class=\"mission\">Vantagens da Fuctura<\/h2>\n<ul class=\"check-icon\">\n<li>Um curso completo para forma\u00e7\u00e3o criativa do aluno a partir dos 10 anos<\/li>\n<li>Oferecemos uma pedagogia \u00fanica, usando as hist\u00f3rias da B\u00edblia para fazer jogos<\/li>\n<li>O curso de jogos Mobile presencial ou on-line completo, com o menor pre\u00e7o do mercado<\/li>\n<li>Certificado pela Fuctura, reconhecido em todo Brasil<\/li>\n<\/ul>\n<\/div>\n<\/div>\n<\/div>\n<\/section>\n<p><a name=\"reserva\"><\/a><\/p>\n","protected":false},"excerpt":{"rendered":"<p>Criando Jogos Mobile \u00a0m\u00f3dulos \u00a0Presencial ou On-line &nbsp; Home Cursos Criando Jogos Mobile O primeiro curso de jogos mobile Crist\u00e3o Um curso din\u00e2mico e de f\u00e1cil entendimento para crian\u00e7as, adolescentes e adultos. Voc\u00ea aprende, analisa os jogos criados,\u00a0 enquanto cria novas fases para publicar na Google Play. Presencial ou On-line O curso oferece uma ampla [&hellip;]<\/p>\n","protected":false},"author":2,"featured_media":0,"parent":54,"menu_order":1,"comment_status":"closed","ping_status":"closed","template":"padrao-page.php","meta":{"footnotes":""},"class_list":["post-228","page","type-page","status-publish","hentry"],"_links":{"self":[{"href":"https:\/\/www.fuctura.com.br\/recife\/wp-json\/wp\/v2\/pages\/228","targetHints":{"allow":["GET"]}}],"collection":[{"href":"https:\/\/www.fuctura.com.br\/recife\/wp-json\/wp\/v2\/pages"}],"about":[{"href":"https:\/\/www.fuctura.com.br\/recife\/wp-json\/wp\/v2\/types\/page"}],"author":[{"embeddable":true,"href":"https:\/\/www.fuctura.com.br\/recife\/wp-json\/wp\/v2\/users\/2"}],"replies":[{"embeddable":true,"href":"https:\/\/www.fuctura.com.br\/recife\/wp-json\/wp\/v2\/comments?post=228"}],"version-history":[{"count":47,"href":"https:\/\/www.fuctura.com.br\/recife\/wp-json\/wp\/v2\/pages\/228\/revisions"}],"predecessor-version":[{"id":14001,"href":"https:\/\/www.fuctura.com.br\/recife\/wp-json\/wp\/v2\/pages\/228\/revisions\/14001"}],"up":[{"embeddable":true,"href":"https:\/\/www.fuctura.com.br\/recife\/wp-json\/wp\/v2\/pages\/54"}],"wp:attachment":[{"href":"https:\/\/www.fuctura.com.br\/recife\/wp-json\/wp\/v2\/media?parent=228"}],"curies":[{"name":"wp","href":"https:\/\/api.w.org\/{rel}","templated":true}]}}