{"id":234,"date":"2016-12-12T18:42:34","date_gmt":"2016-12-12T20:42:34","guid":{"rendered":"https:\/\/www.fuctura.com.br\/recife\/?page_id=234"},"modified":"2021-09-11T20:51:53","modified_gmt":"2021-09-11T23:51:53","slug":"administracao-de-servidores-linux","status":"publish","type":"page","link":"https:\/\/www.fuctura.com.br\/recife\/cursos\/linux\/administracao-de-servidores-linux\/","title":{"rendered":"Adm Sistemas Linux"},"content":{"rendered":"<section class=\"topo-curso java\">\n<div class=\"container\">\n<div class=\"row\">\n<div class=\"col-md-8\">\n<div class=\"row\">\n<div class=\"col-md-12\">\n<h1 class=\"curso-title\">Adm Sistemas Linux<\/h1>\n<p class=\"sub-heading\">Um curso da <a href=\"http:\/\/www.fuctura.com.br\/recife\/cursos\/linux\"><i class=\"fa fa-bookmark\" style=\"margin-left: 15px;\"><\/i> Academia Linux IBM<\/a><\/p>\n<\/div>\n<\/div>\n<div class=\"row\">\n<div class=\"boxes hora\"><i class=\"fa fa-clock-o\"><\/i> \u00a030h<\/div>\n<div class=\"boxes modalidade\"><i class=\"fa fa-flag-o\"><\/i> \u00a0Presencial<\/div>\n<\/div>\n<\/div>\n<div class=\"col-md-4 text-center\"><img decoding=\"async\" class=\"img-responsive\" src=\"http:\/\/www.fuctura.com.br\/recife\/wp-content\/themes\/fuctura\/images\/topos-cursos\/curso-linux-logo.png\" \/><\/div>\n<\/div>\n<\/div>\n<\/section>\n<section class=\"about\">\n<div class=\"container\">\n<ol class=\"breadcrumb\">\n<li><a href=\"http:\/\/www.fuctura.com.br\/\">Home<\/a><\/li>\n<li><a href=\"http:\/\/www.fuctura.com.br\/recife\/cursos\/\">Cursos<\/a><\/li>\n<li><a href=\"http:\/\/www.fuctura.com.br\/recife\/cursos\/linux\">Academia Linux IBM<\/a><\/li>\n<li class=\"active\">Administra\u00e7\u00e3o de Sistemas Linux<\/li>\n<\/ol>\n<div class=\"row\">\n<div class=\"col-lg-8 about-text\">\n<p>Neste curso, primeiro m\u00f3dulo da <strong>Academia Linux<\/strong>, voc\u00ea vai aprender Administrar o Linux da instala\u00e7\u00e3o at\u00e9 a configura\u00e7\u00e3o de v\u00e1rios servidores Linux, enquanto aprende os comandos independente de distribui\u00e7\u00e3o.<\/p>\n<p>O curso \u00e9 voltado para iniciantes e conta com uma programa\u00e7\u00e3o inovadora, onde usamos parte do material oficial LPI.<\/p>\n<p>Voc\u00ea tamb\u00e9m vai ter a oportundiade de trabalhar dentro de servidores PowerLinux, da IBM, para aprimorar os seus conhecimentos.<\/p>\n<\/div>\n<\/div>\n<p><!-- \/.row --><\/p>\n<\/div>\n<\/section>\n<p><!--M\u00f3dulos --><\/p>\n<section class=\"bg-light-grey\">\n<div class=\"container\">\n<div class=\"row\">\n<div class=\"col-md-12\">\n<h2 class=\"mission\"><span style=\"color: #008080;\">Profissional de Redes Linux<\/span><\/h2>\n<\/div>\n<\/div>\n<div id=\"conteudo\" class=\"panel-group\">\n<div class=\"panel panel-default conteudo-prag\">\n<div class=\"panel-heading\">\n<h4 class=\"panel-title\"><a href=\"#capitulo1\" data-toggle=\"collapse\" data-parent=\"#conteudo\">1. Conhecendo um Novo Mundo<\/a><\/h4>\n<\/div>\n<div id=\"capitulo1\" class=\"panel-collapse collapse in\">\n<div class=\"panel-body\">\n<p><strong>Linux<\/strong> \u00e9 um sistema operacional que ganhou um espa\u00e7o incr\u00edvel nos datacenters de empresas de todos os tamanhos. Al\u00e9m de ser uma solu\u00e7\u00e3o de baixo custo, \u00e9 est\u00e1vel e segura. Al\u00e9m disso todas as empresas, grandes e pequenas, tem um \u00fanico objetivo: <strong>economizar<\/strong> com licen\u00e7as e aumentar sua <strong>produtividade<\/strong>.<\/p>\n<p>O Linux tamb\u00e9m conquistou espa\u00e7o em servidores de aplica\u00e7\u00e3o e <strong>banco de dados<\/strong>. A IBM exergou a oportunidade desse crescimento e criou o <strong>Power Linux<\/strong>, que oferece um desempenho superior no Banco Oracle, por exemplo. O Power consegue um desempenho, incrivelmente, 2x melhor do banco, garantindo um melhor desempenho e reduzindo seu custo\u00a0 pela mentade.<\/p>\n<\/div>\n<\/div>\n<\/div>\n<div class=\"panel panel-default conteudo-prag\">\n<div class=\"panel-heading\">\n<h4 class=\"panel-title\"><a href=\"#capitulo2\" data-toggle=\"collapse\" data-parent=\"#conteudo\">2. Sal\u00e1rios<\/a><\/h4>\n<\/div>\n<div id=\"capitulo2\" class=\"panel-collapse collapse\">\n<div class=\"panel-body\">\n<p>A maior vantagem do profissional Linux s\u00e3o os altos sal\u00e1rios e as oportunidades de servi\u00e7os que n\u00e3o p\u00e1ram. Mas n\u00e3o pense que a carreira do profissional Linux \u00e9 f\u00e1cil, vai exigir de voc\u00ea muito estudo.<\/p>\n<p>Agora, se voc\u00ea fizer uma pequena pesquisa com profissionais no mercado, todos v\u00e3o dizer que compensa e que o ganho mensal pode, facilmente, ser duas ou tr\u00eas vezes maior que um profissional de redes comum.<\/p>\n<\/div>\n<\/div>\n<\/div>\n<div class=\"panel panel-default conteudo-prag\">\n<div class=\"panel-heading\">\n<h4 class=\"panel-title\"><a href=\"#capitulo3\" data-toggle=\"collapse\" data-parent=\"#conteudo\">3. Primeiros Passos<\/a><\/h4>\n<\/div>\n<div id=\"capitulo3\" class=\"panel-collapse collapse\">\n<div class=\"panel-body\">\n<p>Comece sua carreira com um certificado da Academia Linux. Voc\u00ea vai dominar os diversos servi\u00e7os requeridos por grandes empresas.<\/p>\n<p>Sua primeira certifica\u00e7\u00e3o, o <strong>LPI Essentials<\/strong>, tamb\u00e9m vai ser adquerida no decorrer da sua Academia Linux.<\/p>\n<\/div>\n<\/div>\n<\/div>\n<\/div>\n<\/div>\n<\/section>\n<p><!--bg-azul --><\/p>\n<section class=\"bg-azul\">\n<div class=\"container\">\n<div class=\"row\">\n<div class=\"col-md-12\">\n<h2 class=\"mission\">Vantagens da Fuctura<\/h2>\n<ul class=\"check-icon\">\n<li>A certeza que voc\u00ea est\u00e1 estudando em um centro autorizado IBM e LPI (instrutores certificados)<\/li>\n<li>Material desenvolvido por instrutores certificados LPI que trabalham com Linux no seu dia a dia<\/li>\n<li>Certificado reconhecido em todo Brasil<\/li>\n<li>Oportunidade \u00fanica de voc\u00ea ser um parceiro IBM Fuctura<\/li>\n<\/ul>\n<\/div>\n<\/div>\n<\/div>\n<\/section>\n<hr \/>\n<p>&nbsp;<\/p>\n","protected":false},"excerpt":{"rendered":"<p>Adm Sistemas Linux Um curso da Academia Linux IBM \u00a030h \u00a0Presencial Home Cursos Academia Linux IBM Administra\u00e7\u00e3o de Sistemas Linux Neste curso, primeiro m\u00f3dulo da Academia Linux, voc\u00ea vai aprender Administrar o Linux da instala\u00e7\u00e3o at\u00e9 a configura\u00e7\u00e3o de v\u00e1rios servidores Linux, enquanto aprende os comandos independente de distribui\u00e7\u00e3o. O curso \u00e9 voltado para iniciantes [&hellip;]<\/p>\n","protected":false},"author":2,"featured_media":0,"parent":204,"menu_order":0,"comment_status":"closed","ping_status":"closed","template":"padrao-page.php","meta":{"footnotes":""},"class_list":["post-234","page","type-page","status-publish","hentry"],"_links":{"self":[{"href":"https:\/\/www.fuctura.com.br\/recife\/wp-json\/wp\/v2\/pages\/234","targetHints":{"allow":["GET"]}}],"collection":[{"href":"https:\/\/www.fuctura.com.br\/recife\/wp-json\/wp\/v2\/pages"}],"about":[{"href":"https:\/\/www.fuctura.com.br\/recife\/wp-json\/wp\/v2\/types\/page"}],"author":[{"embeddable":true,"href":"https:\/\/www.fuctura.com.br\/recife\/wp-json\/wp\/v2\/users\/2"}],"replies":[{"embeddable":true,"href":"https:\/\/www.fuctura.com.br\/recife\/wp-json\/wp\/v2\/comments?post=234"}],"version-history":[{"count":44,"href":"https:\/\/www.fuctura.com.br\/recife\/wp-json\/wp\/v2\/pages\/234\/revisions"}],"predecessor-version":[{"id":15361,"href":"https:\/\/www.fuctura.com.br\/recife\/wp-json\/wp\/v2\/pages\/234\/revisions\/15361"}],"up":[{"embeddable":true,"href":"https:\/\/www.fuctura.com.br\/recife\/wp-json\/wp\/v2\/pages\/204"}],"wp:attachment":[{"href":"https:\/\/www.fuctura.com.br\/recife\/wp-json\/wp\/v2\/media?parent=234"}],"curies":[{"name":"wp","href":"https:\/\/api.w.org\/{rel}","templated":true}]}}