{"id":244,"date":"2016-12-12T18:51:07","date_gmt":"2016-12-12T20:51:07","guid":{"rendered":"https:\/\/www.fuctura.com.br\/recife\/?page_id=244"},"modified":"2018-10-17T17:04:36","modified_gmt":"2018-10-17T20:04:36","slug":"certificacao-lpic1","status":"publish","type":"page","link":"https:\/\/www.fuctura.com.br\/recife\/cursos\/certificacao-lpi\/certificacao-lpic1\/","title":{"rendered":"Certifica\u00e7\u00e3o LPI-1"},"content":{"rendered":"<section class=\"topo-curso lpi\">\n<div class=\"container\">\n<div class=\"row\">\n<div class=\"col-md-8\">\n<div class=\"row\">\n<div class=\"col-md-12\">\n<h1 class=\"curso-title\">LPIC-1<\/h1>\n<p class=\"sub-heading\">Um curso da <a href=\"http:\/\/www.fuctura.com.br\/recife\/cursos\/certificacao-lpi\/\"><i class=\"fa fa-bookmark\" style=\"margin-left: 15px;\"><\/i> Certifica\u00e7\u00e3o LPI<\/a><\/p>\n<\/div>\n<\/div>\n<div class=\"row\">\n<div class=\"boxes hora\">80h<\/div>\n<div class=\"boxes modalidade\"><i class=\"fa fa-flag-o\"><\/i> \u00a0Presencial<\/div>\n<\/div>\n<\/div>\n<div class=\"col-md-4 text-center\"><img decoding=\"async\" class=\"img-responsive\" src=\"http:\/\/www.fuctura.com.br\/recife\/wp-content\/themes\/fuctura\/images\/topos-cursos\/curso-lpi-lpic1-logo.png\" \/><\/div>\n<\/div>\n<\/div>\n<\/section>\n<section class=\"about\">\n<div class=\"container\">\n<ol class=\"breadcrumb\">\n<li><a href=\"http:\/\/www.fuctura.com.br\/\">Home<\/a><\/li>\n<li><a href=\"http:\/\/www.fuctura.com.br\/recife\/cursos\/\">Cursos<\/a><\/li>\n<li><a href=\"http:\/\/www.fuctura.com.br\/recife\/cursos\/certificacao-lpi\">Academia Linux IBM<\/a><\/li>\n<li class=\"active\">Certifica\u00e7\u00e3o LPI 1<\/li>\n<\/ol>\n<div class=\"row\">\n<div class=\"col-lg-8 about-text\">\n<h3>Descri\u00e7\u00e3o<\/h3>\n<p>O LPI \u00e9 uma organiza\u00e7\u00e3o sem fins lucrativos com sede no Canad\u00e1 e tem como objetivo proporcionar de forma acess\u00edvel um programa de certifica\u00e7\u00e3o em sistemas Linux reconhecidos mundialmente.<\/p>\n<p>O sucesso do LPI \u00e9 tamanho que a certifica\u00e7\u00e3o est\u00e1 entre as 10 mais procuradas do mundo por profissionais da \u00e1rea de TI, assim como por grandes empresas.<\/p>\n<p>Esse sucesso \u00e9 devido o crescimento do Linux, presente em mais de 68% dos servidores na web, e da exig\u00eancia de profissionais com a certifica\u00e7\u00e3o LPI cresceu.<\/p>\n<p>Se voc\u00ea almeja ser alocado no governo, na \u00e1rea de redes, vai precisar apresentar a certifica\u00e7\u00e3o LPI.<\/p>\n<blockquote><p>A Fuctura \u00e9 uma empresa comprometida com o software livre e traduz esse compromisso na forma de a\u00e7\u00f5es. Como respons\u00e1vel pelo Linux Professional Institute no Brasil posso dizer, com orgulho, que ela \u00e9 o bra\u00e7o executor de nossas a\u00e7\u00f5es no Nordeste. &#8211; Cesar Brod, diretor do LPI<\/p><\/blockquote>\n<p><a href=\"#reserva\"><img loading=\"lazy\" decoding=\"async\" class=\"size-full wp-image-12550 aligncenter\" src=\"https:\/\/www.fuctura.com.br\/recife\/wp-content\/uploads\/2018\/10\/reserva.jpg\" alt=\"\" width=\"267\" height=\"189\" \/><\/a><\/p>\n<p style=\"text-align: center;\"><iframe loading=\"lazy\" src=\"https:\/\/www.youtube.com\/embed\/fjAFr2_fkzk?rel=0&amp;showinfo=0\" width=\"560\" height=\"315\" frameborder=\"0\" allowfullscreen=\"allowfullscreen\"><\/iframe><\/p>\n<\/div>\n<div class=\"col-md-4 sidewall\">\n<div class=\"col-xs-6\"><img decoding=\"async\" class=\"img-responsive\" src=\"http:\/\/www.fuctura.com.br\/recife\/wp-content\/themes\/fuctura\/images\/sobre\/fuctura-1.jpg\" \/><br \/>\n<img decoding=\"async\" class=\"img-responsive\" style=\"margin-top: 20px;\" src=\"http:\/\/www.fuctura.com.br\/recife\/wp-content\/themes\/fuctura\/images\/sobre\/fuctura-3.jpg\" \/><\/div>\n<div class=\"col-xs-6\"><img decoding=\"async\" class=\"img-responsive\" src=\"http:\/\/www.fuctura.com.br\/recife\/wp-content\/themes\/fuctura\/images\/sobre\/fuctura-2.jpg\" \/><br \/>\n<img decoding=\"async\" class=\"img-responsive\" style=\"margin-top: 20px;\" src=\"http:\/\/www.fuctura.com.br\/recife\/wp-content\/themes\/fuctura\/images\/sobre\/fuctura-4.jpg\" \/><\/div>\n<\/div>\n<\/div>\n<p><!-- \/.row --><\/p>\n<\/div>\n<\/section>\n<p><!--M\u00f3dulos --><\/p>\n<section class=\"bg-light-grey\">\n<div class=\"container\">\n<div class=\"row\">\n<div class=\"col-md-12\">\n<h2 class=\"mission\">Complemento<\/h2>\n<\/div>\n<\/div>\n<div id=\"conteudo\" class=\"panel-group\">\n<div class=\"panel panel-default conteudo-prag\">\n<div class=\"panel-heading\">\n<h4 class=\"panel-title\"><a href=\"#capitulo1\" data-toggle=\"collapse\" data-parent=\"#conteudo\">1. Provas LPI escritas<\/a><\/h4>\n<\/div>\n<div id=\"capitulo1\" class=\"panel-collapse collapse in\">\n<div class=\"panel-body\">Em todos os eventos oficiais da Fuctura, como o <a href=\"http:\/\/www.softwarelivrepe.com.br\/?cat=1\" target=\"_blank\" rel=\"noopener noreferrer\">Consoline<\/a>, estamos com o compromisso de aplicar todas as provas LPI e com um desconto de at\u00e9 50%! Se voc\u00ea j\u00e1 est\u00e1 preparado marque logo a sua prova em Servi\u00e7os.<br \/>\nMarque sua prova na <a href=\"http:\/\/www.fuctura.com.br\/recife\/prova-lpi\/\" target=\"_blank\" rel=\"noopener noreferrer\">se\u00e7\u00e3o de provas LPI.<\/a><\/div>\n<\/div>\n<\/div>\n<div class=\"panel panel-default conteudo-prag\">\n<div class=\"panel-heading\">\n<h4 class=\"panel-title\"><a href=\"#capitulo2\" data-toggle=\"collapse\" data-parent=\"#conteudo\">2. Grupo para discuss\u00e3o do conte\u00fado LPI<\/a><\/h4>\n<\/div>\n<div id=\"capitulo2\" class=\"panel-collapse collapse\">\n<div class=\"panel-body\">No NE temos um grupo com o objetivo de ajudar os interessados em tirar a certifica\u00e7\u00e3o LPIC 1,2 e 3. <a href=\"https:\/\/groups.google.com\/forum\/?hl=pt-BR_BR#!forum\/lpi-nordeste\" target=\"_blank\" rel=\"noopener noreferrer\">Parcipe<\/a> \u00e9 gratuito.<\/div>\n<\/div>\n<\/div>\n<div class=\"panel panel-default conteudo-prag\">\n<div class=\"panel-heading\">\n<h4 class=\"panel-title\"><a href=\"#capitulo3\" data-toggle=\"collapse\" data-parent=\"#conteudo\">3. Jogo LPI<\/a><\/h4>\n<\/div>\n<div id=\"capitulo3\" class=\"panel-collapse collapse\">\n<div class=\"panel-body\">Teste seus conhecimentos com esse jogo de <a href=\"http:\/\/www.fuctura.com.br\/jogolpi\/\" target=\"_blank\" rel=\"noopener noreferrer\">perguntas para o LPIC-1<\/a>. \u00c9 divertido e voc\u00ea pode ganhar\u00a0 1 milh\u00e3o (no jogo).<\/div>\n<\/div>\n<\/div>\n<\/div>\n<\/div>\n<\/section>\n<p><!--bg-azul --><\/p>\n<section class=\"bg-azul\">\n<div class=\"container\">\n<div class=\"row\">\n<div class=\"col-md-12\">\n<h2 class=\"mission\">Vantagens da Fuctura<\/h2>\n<ul class=\"check-icon\">\n<li>A certeza que voc\u00ea est\u00e1 estudando em centro autorizado LPI (instrutores certificados)<\/li>\n<li>O material did\u00e1tico oficial e atualizado, com simulados e textos complementares<\/li>\n<li>Preparat\u00f3rio oficial com o maior \u00edndice de aprova\u00e7\u00e3o: 91%<\/li>\n<li>Prova escrita aplicada por um Proctor LPI, \u00fanico no NE<\/li>\n<li>Mantemos parcerias com empresas que trabalham junto com o governo para alocar profissionais certificados<\/li>\n<\/ul>\n<\/div>\n<\/div>\n<\/div>\n<\/section>\n<p><a name=\"reserva\"><\/a><\/p>\n","protected":false},"excerpt":{"rendered":"<p>LPIC-1 Um curso da Certifica\u00e7\u00e3o LPI 80h \u00a0Presencial Home Cursos Academia Linux IBM Certifica\u00e7\u00e3o LPI 1 Descri\u00e7\u00e3o O LPI \u00e9 uma organiza\u00e7\u00e3o sem fins lucrativos com sede no Canad\u00e1 e tem como objetivo proporcionar de forma acess\u00edvel um programa de certifica\u00e7\u00e3o em sistemas Linux reconhecidos mundialmente. O sucesso do LPI \u00e9 tamanho que a certifica\u00e7\u00e3o [&hellip;]<\/p>\n","protected":false},"author":2,"featured_media":507,"parent":207,"menu_order":1,"comment_status":"closed","ping_status":"closed","template":"padrao-page.php","meta":{"footnotes":""},"class_list":["post-244","page","type-page","status-publish","has-post-thumbnail","hentry"],"_links":{"self":[{"href":"https:\/\/www.fuctura.com.br\/recife\/wp-json\/wp\/v2\/pages\/244","targetHints":{"allow":["GET"]}}],"collection":[{"href":"https:\/\/www.fuctura.com.br\/recife\/wp-json\/wp\/v2\/pages"}],"about":[{"href":"https:\/\/www.fuctura.com.br\/recife\/wp-json\/wp\/v2\/types\/page"}],"author":[{"embeddable":true,"href":"https:\/\/www.fuctura.com.br\/recife\/wp-json\/wp\/v2\/users\/2"}],"replies":[{"embeddable":true,"href":"https:\/\/www.fuctura.com.br\/recife\/wp-json\/wp\/v2\/comments?post=244"}],"version-history":[{"count":21,"href":"https:\/\/www.fuctura.com.br\/recife\/wp-json\/wp\/v2\/pages\/244\/revisions"}],"predecessor-version":[{"id":12559,"href":"https:\/\/www.fuctura.com.br\/recife\/wp-json\/wp\/v2\/pages\/244\/revisions\/12559"}],"up":[{"embeddable":true,"href":"https:\/\/www.fuctura.com.br\/recife\/wp-json\/wp\/v2\/pages\/207"}],"wp:featuredmedia":[{"embeddable":true,"href":"https:\/\/www.fuctura.com.br\/recife\/wp-json\/wp\/v2\/media\/507"}],"wp:attachment":[{"href":"https:\/\/www.fuctura.com.br\/recife\/wp-json\/wp\/v2\/media?parent=244"}],"curies":[{"name":"wp","href":"https:\/\/api.w.org\/{rel}","templated":true}]}}