{"id":246,"date":"2016-12-12T18:51:36","date_gmt":"2016-12-12T20:51:36","guid":{"rendered":"https:\/\/www.fuctura.com.br\/recife\/?page_id=246"},"modified":"2018-09-26T16:03:02","modified_gmt":"2018-09-26T19:03:02","slug":"certificacao-lpic2","status":"publish","type":"page","link":"https:\/\/www.fuctura.com.br\/recife\/cursos\/certificacao-lpi\/certificacao-lpic2\/","title":{"rendered":"Certifica\u00e7\u00e3o LPI-2"},"content":{"rendered":"<section class=\"topo-curso lpi\">\n<div class=\"container\">\n<div class=\"row\">\n<div class=\"col-md-8\">\n<div class=\"row\">\n<div class=\"col-md-12\">\n<h1 class=\"curso-title\">LPIC-2<\/h1>\n<p class=\"sub-heading\">Um curso da <a href=\"http:\/\/www.fuctura.com.br\/recife\/cursos\/certificacao-lpi\"><i class=\"fa fa-bookmark\" style=\"margin-left: 15px;\"><\/i> Certifica\u00e7\u00e3o LPI<\/a><\/p>\n<\/div>\n<\/div>\n<div class=\"row\">\n<div class=\"boxes hora\"><i class=\"fa fa-clock-o\"><\/i>\u00a0 80h<\/div>\n<div class=\"boxes modalidade\"><i class=\"fa fa-flag-o\"><\/i> \u00a0Presencial<\/div>\n<\/div>\n<\/div>\n<div class=\"col-md-4 text-center\"><img decoding=\"async\" class=\"img-responsive\" src=\"http:\/\/www.fuctura.com.br\/recife\/wp-content\/themes\/fuctura\/images\/topos-cursos\/curso-lpi-lpic2-logo.png\" \/><\/div>\n<\/div>\n<\/div>\n<\/section>\n<section class=\"about\">\n<div class=\"container\">\n<ol class=\"breadcrumb\">\n<li><a href=\"http:\/\/www.fuctura.com.br\/\">Home<\/a><\/li>\n<li><a href=\"http:\/\/www.fuctura.com.br\/recife\/cursos\/\">Cursos<\/a><\/li>\n<li><a href=\"http:\/\/www.fuctura.com.br\/recife\/cursos\/certificacao-lpi\">Academia Linux IBM<\/a><\/li>\n<li class=\"active\">Certifica\u00e7\u00e3o LPI 2<\/li>\n<\/ol>\n<div class=\"row\">\n<div class=\"col-lg-8 about-text\">\n<h3>Descri\u00e7\u00e3o<\/h3>\n<p>O LPI \u00e9 uma organiza\u00e7\u00e3o sem fins lucrativos com sede no Canad\u00e1 e tem como objetivo proporcionar de forma acess\u00edvel um programa de certifica\u00e7\u00e3o em sistemas Linux reconhecidos mundialmente.<\/p>\n<p>Necess\u00e1rio possuir a certifica\u00e7\u00e3o LPI-1 ativa para receber a certifica\u00e7\u00e3o LPIC-2. Contudo, os exames do LPIC-1 e LPIC-2 podem ser feitos em qualquer ordem.<\/p>\n<p>O curso prepara voc\u00ea para a certifica\u00e7\u00e3o LPIC-2 com instrutor oficial LPI.<\/p>\n<p><iframe loading=\"lazy\" src=\"https:\/\/www.youtube.com\/embed\/vsyN5UVQsR8?rel=0&amp;showinfo=0\" width=\"560\" height=\"315\" frameborder=\"0\" allowfullscreen=\"allowfullscreen\"><\/iframe><\/p>\n<\/div>\n<div class=\"col-md-4 sidewall\">\n<div class=\"col-xs-6\"><img decoding=\"async\" class=\"img-responsive\" src=\"http:\/\/www.fuctura.com.br\/recife\/wp-content\/themes\/fuctura\/images\/sobre\/fuctura-1.jpg\" \/><br \/>\n<img decoding=\"async\" class=\"img-responsive\" style=\"margin-top: 20px;\" src=\"http:\/\/www.fuctura.com.br\/recife\/wp-content\/themes\/fuctura\/images\/sobre\/fuctura-3.jpg\" \/><\/div>\n<div class=\"col-xs-6\"><img decoding=\"async\" class=\"img-responsive\" src=\"http:\/\/www.fuctura.com.br\/recife\/wp-content\/themes\/fuctura\/images\/sobre\/fuctura-2.jpg\" \/><br \/>\n<img decoding=\"async\" class=\"img-responsive\" style=\"margin-top: 20px;\" src=\"http:\/\/www.fuctura.com.br\/recife\/wp-content\/themes\/fuctura\/images\/sobre\/fuctura-4.jpg\" \/><\/div>\n<\/div>\n<\/div>\n<p><!-- \/.row --><\/p>\n<\/div>\n<\/section>\n<p><!--M\u00f3dulos --><\/p>\n<section class=\"bg-light-grey\">\n<div class=\"container\">\n<div class=\"row\">\n<div class=\"col-md-12\">\n<h2 class=\"mission\">Conte\u00fado Pragm\u00e1tico<\/h2>\n<\/div>\n<\/div>\n<div id=\"conteudo\" class=\"panel-group\">\n<div class=\"panel panel-default conteudo-prag\">\n<div class=\"panel-heading\">\n<h4 class=\"panel-title\"><a href=\"#capitulo1\" data-toggle=\"collapse\" data-parent=\"#conteudo\">1. Provas LPI<\/a><\/h4>\n<\/div>\n<div id=\"capitulo1\" class=\"panel-collapse collapse in\">\n<div class=\"panel-body\">\n<p>Em todos os eventos oficiais da Fuctura, como o <a href=\"http:\/\/www.softwarelivrepe.com.br\/?cat=1\" target=\"_blank\" rel=\"noopener noreferrer\">Consoline<\/a>, estamos com o compromisso de aplicar todas as provas LPI e com um desconto de at\u00e9 50%! Se voc\u00ea j\u00e1 est\u00e1 preparado marque logo a sua prova em Servi\u00e7os.<\/p>\n<p>Marque sua prova na <a href=\"http:\/\/www.fuctura.com.br\/recife\/prova-lpi\/\" target=\"_blank\" rel=\"noopener noreferrer\">se\u00e7\u00e3o de provas LPI.<\/a><\/p>\n<\/div>\n<\/div>\n<\/div>\n<div class=\"panel panel-default conteudo-prag\">\n<div class=\"panel-heading\">\n<h4 class=\"panel-title\"><a href=\"#capitulo2\" data-toggle=\"collapse\" data-parent=\"#conteudo\">2. Profissional Linux<\/a><\/h4>\n<\/div>\n<div id=\"capitulo2\" class=\"panel-collapse collapse\">\n<div class=\"panel-body\">\n<div id=\"capitulo2\" class=\"panel-collapse collapse in\">\n<div class=\"panel-body\">\n<p>A maior vantagem do profissional Linux s\u00e3o os altos sal\u00e1rios e as oportunidades de servi\u00e7os que n\u00e3o p\u00e1ram. Mas n\u00e3o pense que a carreira do profissional Linux \u00e9 f\u00e1cil, vai exigir de voc\u00ea muito estudo.<\/p>\n<p>Agora, se voc\u00ea fizer uma pequena pesquisa com profissionais no mercado, todos v\u00e3o dizer que compensa e que o ganho mensal pode, facilmente, ser duas ou tr\u00eas vezes maior que um profissional de redes comum.<\/p>\n<\/div>\n<\/div>\n<\/div>\n<\/div>\n<\/div>\n<div class=\"panel panel-default conteudo-prag\">\n<div class=\"panel-heading\">\n<h4 class=\"panel-title\"><a href=\"#capitulo3\" data-toggle=\"collapse\" data-parent=\"#conteudo\">3. Assunto do site Oficial LPI<\/a><\/h4>\n<\/div>\n<div id=\"capitulo3\" class=\"panel-collapse collapse\">\n<div class=\"panel-body\">No site <a href=\"http:\/\/www.lpi.org\/our-certifications\/exam-202-objectives\" target=\"_blank\" rel=\"noopener noreferrer\">lpi.org<\/a> voc\u00ea encontra toda a programa\u00e7\u00e3o para a prova LPIC-2. Nosso objetivo \u00e9 preparar voc\u00ea para passar, n\u00e3o tendo que investir novamente para passar na prova atrabv\u00e9s de exerc\u00edcios e simulados.<\/div>\n<\/div>\n<\/div>\n<\/div>\n<\/div>\n<\/section>\n<p><!--bg-azul --><\/p>\n<section class=\"bg-azul\">\n<div class=\"container\">\n<div class=\"row\">\n<div class=\"col-md-12\">\n<h2 class=\"mission\">Vantagens da Fuctura<\/h2>\n<ul class=\"check-icon\">\n<li><span class=\"style24\">Como Partner oficial LPI nossos instrutores possuem a certifica\u00e7\u00e3o LPIC-1, LPIC-2 ou LPIC-3<\/span><\/li>\n<li>\u00cdndice de aprova\u00e7\u00e3o de 91% (m\u00e9dia nacional 50%)<\/li>\n<li><span class=\"style24\">O material did\u00e1tico oficial e atualizado, com simulados e textos complementares<\/span><\/li>\n<li><span class=\"style24\">80 horas de curso mais de 20 horas de exerc\u00edcios guiados (totalizando 100 horas)<\/span><\/li>\n<li><span class=\"style24\">Prova escrita aplicada por um Proctor LPI, \u00fanico no NE <\/span>e d<span class=\"style24\">escontos de at\u00e9 50% em uma das provas escritas<\/span><\/li>\n<li>Mantemos parcerias com empresas que trabalham junto com o governo para alocar profissionais certificado<\/li>\n<\/ul>\n<\/div>\n<\/div>\n<\/div>\n<\/section>\n<section class=\"bg-light-grey\">\n<div class=\"container\">\n<div class=\"row col-md-12\"><\/div>\n<\/div>\n<\/section>\n","protected":false},"excerpt":{"rendered":"<p>LPIC-2 Um curso da Certifica\u00e7\u00e3o LPI \u00a0 80h \u00a0Presencial Home Cursos Academia Linux IBM Certifica\u00e7\u00e3o LPI 2 Descri\u00e7\u00e3o O LPI \u00e9 uma organiza\u00e7\u00e3o sem fins lucrativos com sede no Canad\u00e1 e tem como objetivo proporcionar de forma acess\u00edvel um programa de certifica\u00e7\u00e3o em sistemas Linux reconhecidos mundialmente. Necess\u00e1rio possuir a certifica\u00e7\u00e3o LPI-1 ativa para receber [&hellip;]<\/p>\n","protected":false},"author":2,"featured_media":508,"parent":207,"menu_order":2,"comment_status":"closed","ping_status":"closed","template":"padrao-page.php","meta":{"footnotes":""},"class_list":["post-246","page","type-page","status-publish","has-post-thumbnail","hentry"],"_links":{"self":[{"href":"https:\/\/www.fuctura.com.br\/recife\/wp-json\/wp\/v2\/pages\/246","targetHints":{"allow":["GET"]}}],"collection":[{"href":"https:\/\/www.fuctura.com.br\/recife\/wp-json\/wp\/v2\/pages"}],"about":[{"href":"https:\/\/www.fuctura.com.br\/recife\/wp-json\/wp\/v2\/types\/page"}],"author":[{"embeddable":true,"href":"https:\/\/www.fuctura.com.br\/recife\/wp-json\/wp\/v2\/users\/2"}],"replies":[{"embeddable":true,"href":"https:\/\/www.fuctura.com.br\/recife\/wp-json\/wp\/v2\/comments?post=246"}],"version-history":[{"count":14,"href":"https:\/\/www.fuctura.com.br\/recife\/wp-json\/wp\/v2\/pages\/246\/revisions"}],"predecessor-version":[{"id":12535,"href":"https:\/\/www.fuctura.com.br\/recife\/wp-json\/wp\/v2\/pages\/246\/revisions\/12535"}],"up":[{"embeddable":true,"href":"https:\/\/www.fuctura.com.br\/recife\/wp-json\/wp\/v2\/pages\/207"}],"wp:featuredmedia":[{"embeddable":true,"href":"https:\/\/www.fuctura.com.br\/recife\/wp-json\/wp\/v2\/media\/508"}],"wp:attachment":[{"href":"https:\/\/www.fuctura.com.br\/recife\/wp-json\/wp\/v2\/media?parent=246"}],"curies":[{"name":"wp","href":"https:\/\/api.w.org\/{rel}","templated":true}]}}