{"id":248,"date":"2016-12-12T18:53:36","date_gmt":"2016-12-12T20:53:36","guid":{"rendered":"https:\/\/www.fuctura.com.br\/recife\/?page_id=248"},"modified":"2021-07-28T11:30:11","modified_gmt":"2021-07-28T14:30:11","slug":"php","status":"publish","type":"page","link":"https:\/\/www.fuctura.com.br\/recife\/cursos\/academia-php-developement\/php\/","title":{"rendered":"PHP Desenvolvimento"},"content":{"rendered":"<section class=\"topo-curso php\">\n<div class=\"container\">\n<div class=\"row\">\n<div class=\"col-md-8\">\n<div class=\"row\">\n<div class=\"col-md-12\">\n<h1 class=\"curso-title\">PHP Desenvolvimento<\/h1>\n<p class=\"sub-heading\">Um curso da <a href=\"http:\/\/www.fuctura.com.br\/recife\/cursos\/academia-php-developement\/\"><i class=\"fa fa-bookmark\" style=\"margin-left: 15px;\"><\/i> Academia PHP<\/a><\/p>\n<\/div>\n<\/div>\n<div class=\"row\">\n<div class=\"boxes hora\"><\/div>\n<div class=\"boxes modalidade\"><i class=\"fa fa-flag-o\"><\/i> \u00a0Presencial<\/div>\n<\/div>\n<\/div>\n<div class=\"col-md-4 text-center\"><img decoding=\"async\" class=\"img-responsive\" src=\"http:\/\/www.fuctura.com.br\/recife\/wp-content\/themes\/fuctura\/images\/topos-cursos\/curso-php-logo.png\" \/><\/div>\n<\/div>\n<\/div>\n<\/section>\n<section class=\"about\">\n<div class=\"container\">\n<ol class=\"breadcrumb\">\n<li><a href=\"http:\/\/www.fuctura.com.br\/\">Home<\/a><\/li>\n<li><a href=\"http:\/\/www.fuctura.com.br\/recife\/cursos\/\">Cursos<\/a><\/li>\n<li><a href=\"http:\/\/www.fuctura.com.br\/recife\/cursos\/academia-php-developement\/\">Academia PHP<\/a><\/li>\n<li class=\"active\">Curso de PHP Completo<\/li>\n<\/ol>\n<div class=\"row\">\n<div class=\"col-lg-8 about-text\">\n<h3>Descri\u00e7\u00e3o<\/h3>\n<p>Utilizando recursos de programa\u00e7\u00e3o avan\u00e7adas, com o paradigma de programa\u00e7\u00e3o orientada a objetos, e fun\u00e7\u00f5es avan\u00e7adas do PHP, o aluno ir\u00e1 se tornar um profissional altamente qualificado para o mercado de trabalho, com este curso o profissional ganhar\u00e1 habilidades de como programar e desenvolver aplica\u00e7\u00f5es mais r\u00e1pidas e mais f\u00e1ceis de manuten\u00e7\u00e3o.<\/p>\n<p>O aluno n\u00e3o necessita de conhecimento algum da linguagem, nem n\u00edvel avan\u00e7ado em computa\u00e7\u00e3o. A instala\u00e7\u00e3o e preparo do ambiente de trabalho se dar\u00e1 tanto no Windows quanto no Linux. A grande vantagem vem por conta da programa\u00e7\u00e3o tamb\u00e9m no ambiente Linux (Ubuntu).<\/p>\n<\/div>\n<div class=\"col-md-4 sidewall\">\n<div class=\"col-xs-6\"><img decoding=\"async\" class=\"img-responsive\" src=\"http:\/\/www.fuctura.com.br\/recife\/wp-content\/themes\/fuctura\/images\/sobre\/fuctura-1.jpg\" \/><br \/>\n<img decoding=\"async\" class=\"img-responsive\" style=\"margin-top: 20px;\" src=\"http:\/\/www.fuctura.com.br\/recife\/wp-content\/themes\/fuctura\/images\/sobre\/fuctura-3.jpg\" \/><\/div>\n<div class=\"col-xs-6\"><img decoding=\"async\" class=\"img-responsive\" src=\"http:\/\/www.fuctura.com.br\/recife\/wp-content\/themes\/fuctura\/images\/sobre\/fuctura-2.jpg\" \/><br \/>\n<img decoding=\"async\" class=\"img-responsive\" style=\"margin-top: 20px;\" src=\"http:\/\/www.fuctura.com.br\/recife\/wp-content\/themes\/fuctura\/images\/sobre\/fuctura-4.jpg\" \/><\/div>\n<\/div>\n<\/div>\n<p><!-- \/.row --><\/p>\n<\/div>\n<\/section>\n<p><!--M\u00f3dulos --><\/p>\n<p><!--bg-azul --><\/p>\n<section class=\"bg-azul\">\n<div class=\"container\">\n<div class=\"row\">\n<div class=\"col-md-12\">\n<h2 class=\"mission\">Vantagens da Fuctura<\/h2>\n<ul class=\"check-icon\">\n<li>A certeza que voc\u00ea est\u00e1 estudando em um centro autorizado Ubuntu e LPI<\/li>\n<li>Novo material did\u00e1tico, oficial da <a href=\"http:\/\/www.fuctura.com.br\/recife\/cursos\/academia-php\/\">Academia PHP<\/a><\/li>\n<li>Mais de 3000 alunos formados na Academia<\/li>\n<li>Certificado reconhecido em todo Brasil.<\/li>\n<\/ul>\n<\/div>\n<\/div>\n<\/div>\n<\/section>\n<section class=\"bg-light-grey\">\n<div class=\"container\">\n<div class=\"row col-md-12\">\n<p><!-- [cforms name=\"Reserva (Todos os cursos)\"] --><!-- www.123formbuilder.com script begins here --><\/p>\n<p>&nbsp;<\/p>\n<p><!-- www.123formbuilder.com script ends here --><\/p>\n<\/div>\n<\/div>\n<\/section>\n","protected":false},"excerpt":{"rendered":"<p>PHP Desenvolvimento Um curso da Academia PHP \u00a0Presencial Home Cursos Academia PHP Curso de PHP Completo Descri\u00e7\u00e3o Utilizando recursos de programa\u00e7\u00e3o avan\u00e7adas, com o paradigma de programa\u00e7\u00e3o orientada a objetos, e fun\u00e7\u00f5es avan\u00e7adas do PHP, o aluno ir\u00e1 se tornar um profissional altamente qualificado para o mercado de trabalho, com este curso o profissional ganhar\u00e1 [&hellip;]<\/p>\n","protected":false},"author":2,"featured_media":0,"parent":217,"menu_order":0,"comment_status":"closed","ping_status":"closed","template":"padrao-page.php","meta":{"footnotes":""},"class_list":["post-248","page","type-page","status-publish","hentry"],"_links":{"self":[{"href":"https:\/\/www.fuctura.com.br\/recife\/wp-json\/wp\/v2\/pages\/248","targetHints":{"allow":["GET"]}}],"collection":[{"href":"https:\/\/www.fuctura.com.br\/recife\/wp-json\/wp\/v2\/pages"}],"about":[{"href":"https:\/\/www.fuctura.com.br\/recife\/wp-json\/wp\/v2\/types\/page"}],"author":[{"embeddable":true,"href":"https:\/\/www.fuctura.com.br\/recife\/wp-json\/wp\/v2\/users\/2"}],"replies":[{"embeddable":true,"href":"https:\/\/www.fuctura.com.br\/recife\/wp-json\/wp\/v2\/comments?post=248"}],"version-history":[{"count":13,"href":"https:\/\/www.fuctura.com.br\/recife\/wp-json\/wp\/v2\/pages\/248\/revisions"}],"predecessor-version":[{"id":15237,"href":"https:\/\/www.fuctura.com.br\/recife\/wp-json\/wp\/v2\/pages\/248\/revisions\/15237"}],"up":[{"embeddable":true,"href":"https:\/\/www.fuctura.com.br\/recife\/wp-json\/wp\/v2\/pages\/217"}],"wp:attachment":[{"href":"https:\/\/www.fuctura.com.br\/recife\/wp-json\/wp\/v2\/media?parent=248"}],"curies":[{"name":"wp","href":"https:\/\/api.w.org\/{rel}","templated":true}]}}