{"id":59,"date":"2016-10-22T02:15:16","date_gmt":"2016-10-22T04:15:16","guid":{"rendered":"https:\/\/www.fuctura.com.br\/recife\/?page_id=59"},"modified":"2018-05-11T12:24:31","modified_gmt":"2018-05-11T15:24:31","slug":"sobre","status":"publish","type":"page","link":"https:\/\/www.fuctura.com.br\/recife\/sobre\/","title":{"rendered":"Sobre n\u00f3s"},"content":{"rendered":"<p>Atuamos no mercado de TI e comunica\u00e7\u00e3o, prestando servi\u00e7o e treinamento desde 1999. A a nossa trajet\u00f3ria \u00e9 marcada pelas mais diversas solu\u00e7\u00f5es que garantem aos nossos clientes qualidade, confiabilidade, excel\u00eancia e o melhor retorno as suas necessidades de neg\u00f3cio.<\/p>\n<h3>Por que escolher a Fuctura?<\/h3>\n<p>Mantemos uma boa parceria com as empresas do Porto Digital, como a Accenture, a MV Sistemas e a B2, que procuram profissionais capacitados para contratar junto a Fuctura.<\/p>\n<p>Entendemos que um relacionamento de sucesso exige total comprometimento e excel\u00eancia no atendimento, que deve sempre primar pelo trabalho em equipe com iniciativa e responsabilidade, pela honestidade e sinceridade nas rela\u00e7\u00f5es.<\/p>\n<h3><i class=\"fa fa-caret-right\"><\/i> Qual o grande diferencial da Fuctura?<\/h3>\n<p>Como Approved Training Partner LPI no nordeste e Partner Oficial Ubuntu na Am\u00e9rica do Sul, procuramos proporcionar aos nossos clientes oportunidades e satisfa\u00e7\u00e3o.<\/p>\n<h3><i class=\"fa fa-caret-right\"><\/i> Como \u00e9 a estrutura da Fuctura?<\/h3>\n<p>Sendo pioneira em Software Livre em Pernambuco, a Fuctura conta com parceiros como a Linux Magazine, o LPI, a Canonical, Cont\u00e9m Consultoria (empresa prestadora de servi\u00e7os para investidores na Bolsa de Valores), a Ag\u00eancia Estado, entre outras.<\/p>\n<p>Nossa equipe de instrutores \u00e9 composta de profissionais com LPIC-1, LPIC-2, LPIC-3, Java, UCP, UCI, CCNA, entre outras certifica\u00e7\u00f5es. Aplicamos prova LPI escrita em diversos eventos por contar com um proctor LPI a disposi\u00e7\u00e3o.<\/p>\n","protected":false},"excerpt":{"rendered":"<p>Atuamos no mercado de TI e comunica\u00e7\u00e3o, prestando servi\u00e7o e treinamento desde 1999. A a nossa trajet\u00f3ria \u00e9 marcada pelas mais diversas solu\u00e7\u00f5es que garantem aos nossos clientes qualidade, confiabilidade, excel\u00eancia e o melhor retorno as suas necessidades de neg\u00f3cio. Por que escolher a Fuctura? Mantemos uma boa parceria com as empresas do Porto Digital, [&hellip;]<\/p>\n","protected":false},"author":2,"featured_media":0,"parent":0,"menu_order":0,"comment_status":"closed","ping_status":"closed","template":"afuctura.php","meta":{"footnotes":""},"class_list":["post-59","page","type-page","status-publish","hentry"],"_links":{"self":[{"href":"https:\/\/www.fuctura.com.br\/recife\/wp-json\/wp\/v2\/pages\/59","targetHints":{"allow":["GET"]}}],"collection":[{"href":"https:\/\/www.fuctura.com.br\/recife\/wp-json\/wp\/v2\/pages"}],"about":[{"href":"https:\/\/www.fuctura.com.br\/recife\/wp-json\/wp\/v2\/types\/page"}],"author":[{"embeddable":true,"href":"https:\/\/www.fuctura.com.br\/recife\/wp-json\/wp\/v2\/users\/2"}],"replies":[{"embeddable":true,"href":"https:\/\/www.fuctura.com.br\/recife\/wp-json\/wp\/v2\/comments?post=59"}],"version-history":[{"count":12,"href":"https:\/\/www.fuctura.com.br\/recife\/wp-json\/wp\/v2\/pages\/59\/revisions"}],"predecessor-version":[{"id":15235,"href":"https:\/\/www.fuctura.com.br\/recife\/wp-json\/wp\/v2\/pages\/59\/revisions\/15235"}],"wp:attachment":[{"href":"https:\/\/www.fuctura.com.br\/recife\/wp-json\/wp\/v2\/media?parent=59"}],"curies":[{"name":"wp","href":"https:\/\/api.w.org\/{rel}","templated":true}]}}