{"id":9018,"date":"2017-02-19T22:00:43","date_gmt":"2017-02-20T01:00:43","guid":{"rendered":"https:\/\/www.fuctura.com.br\/recife\/?page_id=9018"},"modified":"2018-10-17T18:02:24","modified_gmt":"2018-10-17T21:02:24","slug":"prova-lpi","status":"publish","type":"page","link":"https:\/\/www.fuctura.com.br\/recife\/prova-lpi\/","title":{"rendered":"Provas LPI"},"content":{"rendered":"<section class=\"about\">\n<div class=\"container\">\n<ol class=\"breadcrumb\">\n<li><a href=\"http:\/\/www.fuctura.com.br\/\">Home<\/a><\/li>\n<li class=\"active\">Marcar Prova LPI<\/li>\n<\/ol>\n<div class=\"row\">\n<div class=\"col-lg-8 about-text\">\n<p>A Fuctura e o LPI \u2013 Linux Professional Institute (considerado a maior certifica\u00e7\u00e3o linux do mundo), estar\u00e3o aplicando provas de certifica\u00e7\u00e3o. Ser\u00e3o avaliados conhecimentos dos alunos nos n\u00edveis LPIC-1, LPIC-2 e LPIC-3.<\/p>\n<p>A aplica\u00e7\u00e3o de provas est\u00e1 sendo organizada pela Fuctura, empresa parceira LATP no Nordeste \u2013 LPI Approved Training Partner.<br \/>\n<img decoding=\"async\" class=\"img-responsive\" src=\"http:\/\/www.fuctura.com.br\/recife\/wp-content\/uploads\/2017\/02\/lpis.png\" \/><\/p>\n<h2>A certifica\u00e7\u00e3o LPI \u00e9 composta de 4 n\u00edveis<\/h2>\n<ul>\n<li>Certifica\u00e7\u00e3o Linux Essencials<\/li>\n<li>Certifica\u00e7\u00e3o LPIC-1\u00a0 &#8211; Linux Server Professional ( N\u00edvel 1)\u00a0 &#8211; Provas LPI 101 e LPI 102<\/li>\n<li>Certifica\u00e7\u00e3o LPIC-2\u00a0 &#8211; Linux Network Professional (N\u00edvel II) \u2013 Provas LPI 201 e LPI 202<\/li>\n<li>Certifica\u00e7\u00e3o LPIC-3\u00a0 &#8211; Linux Enterprise Profesional (N\u00edvel III) &#8211; Provas LPI 300, 303\u00a0 e 304<\/li>\n<\/ul>\n<h2>Objetivos e t\u00f3picos de cada prova<\/h2>\n<h4>Linux Essentials &#8211; Conhecimentos b\u00e1sicos em open source e nas diferen\u00e7as entre as v\u00e1rias distribui\u00e7\u00f5es Linux<\/h4>\n<ul>\n<li>A comunidade Linux e a carreira no mundo open source<\/li>\n<li>Encontrando o seu caminho no sistema Linux<\/li>\n<li>O poder da linha de comando<\/li>\n<li>O sistema operacional Linux<\/li>\n<li>Seguran\u00e7a e permissionamento de arquivos<\/li>\n<\/ul>\n<h4>LPIC-1 Exam 101 &#8211; Execu\u00e7\u00e3o de tarefas de manuten\u00e7\u00e3o com a linha de comando, instala\u00e7\u00e3o e configura\u00e7\u00e3o de um computador rodando Linux e configura\u00e7\u00e3o\u00a0 b\u00e1sica de rede<\/h4>\n<ul>\n<li>Arquitetura do Sistema<\/li>\n<li>Instala\u00e7\u00e3o e manuten\u00e7\u00e3o de pacotes linux<\/li>\n<li>Comandos GNU e Unix<\/li>\n<li>Devices, Linux Filesystems, Hieraquia Padr\u00e3o dos Filesystem<\/li>\n<\/ul>\n<h4>LPIC-1 Exam 102 &#8211; Execu\u00e7\u00e3o de tarefas de manuten\u00e7\u00e3o com a linha de comando, instala\u00e7\u00e3o e configura\u00e7\u00e3o de um computador rodando Linux e configura\u00e7\u00e3o\u00a0 b\u00e1sica de rede<\/h4>\n<ul>\n<li>Shell, Scripting e Gerenciamento de Dados<\/li>\n<li>Interfaces e Desktops<\/li>\n<li>Tarefas administrativas<\/li>\n<li>Servi\u00e7os Essenciais do sistema<\/li>\n<li>Fundamentos de Rede<\/li>\n<li>Seguran\u00e7a<\/li>\n<\/ul>\n<h4>LPIC-2 Exam 201 &#8211; Administra\u00e7\u00e3o de redes linux em ambientes pequenos e m\u00e9dios<\/h4>\n<ul>\n<li>Planejamento de capacidade<\/li>\n<li>Linux Kernel<\/li>\n<li>Inicializa\u00e7\u00e3o do sistema<\/li>\n<li>Filesystem e Devices<\/li>\n<li>Administra\u00e7\u00e3o Avan\u00e7ada de Storage<\/li>\n<li>Configura\u00e7\u00e3o de Rede<\/li>\n<li>Manuten\u00e7\u00e3o de Sistema<\/li>\n<\/ul>\n<h4>LPIC-2 Exam 202 &#8211; Administra\u00e7\u00e3o de redes linux em ambientes pequenos e m\u00e9dios<\/h4>\n<ul>\n<li>DNS &#8211; Domain Name Server<\/li>\n<li>Web Services<\/li>\n<li>Compartilhamento de Arquivos<\/li>\n<li>Gerenciamento dos Clientes da Rede<\/li>\n<li>Servi\u00e7os de e-mail<\/li>\n<li>Seguran\u00e7a do sistema<\/li>\n<\/ul>\n<h4>LPIC-3 300: Mixed Environments &#8211; Administra\u00e7\u00e3o de servidores Linux em um ambiente corporativo e misto ( servidores windows)<\/h4>\n<ul>\n<li>Configura\u00e7\u00e3o do OpenLDAP<\/li>\n<li>OpenLDAP como um autenticador de backend<\/li>\n<li>No\u00e7\u00f5es de Samba<\/li>\n<li>Configura\u00e7\u00e3o para compartilhamento no Samba<\/li>\n<li>Gerenciamento de usu\u00e1rios e grupos no Samba<\/li>\n<li>Integra\u00e7\u00e3o de Dom\u00ednios no Samba<\/li>\n<li>Servi\u00e7os de Nome no Samba<\/li>\n<li>Trabalhando com cliente Linux e Windows<\/li>\n<\/ul>\n<h4>LPIC-3 303: Security &#8211; Administra\u00e7\u00e3o de servidores linux em ambiente corporativo com foco em seguran\u00e7a.<\/h4>\n<ul>\n<li>Criptografia<\/li>\n<li>Seguran\u00e7a do host<\/li>\n<li>Controle de acesso<\/li>\n<li>Seguran\u00e7a de rede<\/li>\n<\/ul>\n<h4>LPIC-3 304: Virtualization &amp; High Availability &#8211; Administra\u00e7\u00e3o de servidores linux em ambiente corporativo com foco em alta disponibilidade e virtualiza\u00e7\u00e3o<\/h4>\n<ul>\n<li>Virtualiza\u00e7\u00e3o<\/li>\n<li>Gerenciamento de Cluster com Alta disponibilidade.<\/li>\n<li>Armazenamento em cluster com alta disponibilidade.<\/li>\n<\/ul>\n<h2 class=\"mission\"><a href=\"#reserva\"><img loading=\"lazy\" decoding=\"async\" class=\"size-full wp-image-12550 alignnone\" src=\"https:\/\/www.fuctura.com.br\/recife\/wp-content\/uploads\/2018\/10\/reserva.jpg\" alt=\"\" width=\"267\" height=\"189\" \/><\/a><\/h2>\n<h2>Sobre a prova<\/h2>\n<ul>\n<li>Datas das provas, simulados e valores s\u00e3o comunicadas com anteced\u00eancia aqui no site ou pelo <a href=\"https:\/\/www.facebook.com\/fucturatecnologia\" target=\"_blank\" rel=\"noopener noreferrer\">Facebook da Fuctura<\/a><\/li>\n<li><span class=\"style5\">Recomendamos: procure chegar 20 minutos antes do in\u00edcio da prova. Traga caneta, l\u00e1pis, borracha, RG e o n\u00famero do seu LPI ID<\/span><\/li>\n<li><span class=\"style5\">Fa\u00e7a sua reserva e informe a prova, formul\u00e1rio abaixo, com anteced\u00eancia<br \/>\n<\/span><\/li>\n<\/ul>\n<h3>Sobre a inscri\u00e7\u00e3o<\/h3>\n<ul>\n<li>Pagamento dever\u00e1 ser feito na Fuctura e somente em esp\u00e9cie (regra do LPI).<\/li>\n<li><em>N\u00e3o h\u00e1ver\u00e1 devolu\u00e7\u00e3o do valor da prova (caso falte a prova) por hip\u00f3tese alguma.<\/em><\/li>\n<\/ul>\n<h3>D\u00favidas<\/h3>\n<p>Ligue (81) 3223.8348 ou envie um email para <a href=\"mailto:diogenes@fuctura.com.br\" target=\"_blank\" rel=\"noopener noreferrer\">diogenes@fuctura.com.br<\/a><\/p>\n<h3>Simulado e estudos<\/h3>\n<ul>\n<li>A iniciativa pretende ajudar a todos os participantes a tiar sua certifica\u00e7\u00e3o. Acompanhe nosso site e participe<\/li>\n<li>Curta nosso <a href=\"http:\/\/www.fuctura.com.br\/jogolpi\/index.php\" target=\"_blank\" rel=\"noopener noreferrer\">Jogo LPI <\/a>com perguntas 101 e 102<\/li>\n<li>Grupo para estudo LPI: <a href=\"http:\/\/groups.google.com.br\/group\/lpi-nordeste\/about?hl=pt-BR&amp;pli=1\" target=\"_blank\" rel=\"noopener noreferrer\">www.linuxnordeste.com.br<\/a><\/li>\n<\/ul>\n<\/div>\n<div class=\"col-md-4\">\n<div class=\"col-xs-6\"><img decoding=\"async\" class=\"img-responsive\" src=\"http:\/\/www.fuctura.com.br\/recife\/wp-content\/themes\/fuctura\/images\/sobre\/fuctura-1.jpg\" \/><br \/>\n<img decoding=\"async\" class=\"img-responsive\" style=\"margin-top: 20px;\" src=\"http:\/\/www.fuctura.com.br\/recife\/wp-content\/themes\/fuctura\/images\/sobre\/fuctura-3.jpg\" \/><\/div>\n<div class=\"col-xs-6\"><img decoding=\"async\" class=\"img-responsive\" src=\"http:\/\/www.fuctura.com.br\/recife\/wp-content\/themes\/fuctura\/images\/sobre\/fuctura-2.jpg\" \/><br \/>\n<img decoding=\"async\" class=\"img-responsive\" style=\"margin-top: 20px;\" src=\"http:\/\/www.fuctura.com.br\/recife\/wp-content\/themes\/fuctura\/images\/sobre\/fuctura-4.jpg\" \/><\/div>\n<\/div>\n<\/div>\n<\/div>\n<\/section>\n<section class=\"bg-light-grey\"><\/section>\n<p><a name=\"reserva\"><\/a><\/p>\n","protected":false},"excerpt":{"rendered":"<p>Home Marcar Prova LPI A Fuctura e o LPI \u2013 Linux Professional Institute (considerado a maior certifica\u00e7\u00e3o linux do mundo), estar\u00e3o aplicando provas de certifica\u00e7\u00e3o. Ser\u00e3o avaliados conhecimentos dos alunos nos n\u00edveis LPIC-1, LPIC-2 e LPIC-3. A aplica\u00e7\u00e3o de provas est\u00e1 sendo organizada pela Fuctura, empresa parceira LATP no Nordeste \u2013 LPI Approved Training Partner. [&hellip;]<\/p>\n","protected":false},"author":2,"featured_media":0,"parent":0,"menu_order":10,"comment_status":"closed","ping_status":"closed","template":"padrao-page.php","meta":{"footnotes":""},"class_list":["post-9018","page","type-page","status-publish","hentry"],"_links":{"self":[{"href":"https:\/\/www.fuctura.com.br\/recife\/wp-json\/wp\/v2\/pages\/9018","targetHints":{"allow":["GET"]}}],"collection":[{"href":"https:\/\/www.fuctura.com.br\/recife\/wp-json\/wp\/v2\/pages"}],"about":[{"href":"https:\/\/www.fuctura.com.br\/recife\/wp-json\/wp\/v2\/types\/page"}],"author":[{"embeddable":true,"href":"https:\/\/www.fuctura.com.br\/recife\/wp-json\/wp\/v2\/users\/2"}],"replies":[{"embeddable":true,"href":"https:\/\/www.fuctura.com.br\/recife\/wp-json\/wp\/v2\/comments?post=9018"}],"version-history":[{"count":13,"href":"https:\/\/www.fuctura.com.br\/recife\/wp-json\/wp\/v2\/pages\/9018\/revisions"}],"predecessor-version":[{"id":12570,"href":"https:\/\/www.fuctura.com.br\/recife\/wp-json\/wp\/v2\/pages\/9018\/revisions\/12570"}],"wp:attachment":[{"href":"https:\/\/www.fuctura.com.br\/recife\/wp-json\/wp\/v2\/media?parent=9018"}],"curies":[{"name":"wp","href":"https:\/\/api.w.org\/{rel}","templated":true}]}}