{"id":9052,"date":"2017-02-20T17:44:23","date_gmt":"2017-02-20T20:44:23","guid":{"rendered":"https:\/\/www.fuctura.com.br\/recife\/?page_id=9052"},"modified":"2020-11-30T22:37:37","modified_gmt":"2020-12-01T01:37:37","slug":"porto-digital-e-fuctura","status":"publish","type":"page","link":"https:\/\/www.fuctura.com.br\/recife\/porto-digital-e-fuctura\/","title":{"rendered":"Porto Digital e Fuctura"},"content":{"rendered":"<section class=\"about\">\n<div class=\"container\">\n<ol class=\"breadcrumb\">\n<li><a href=\"http:\/\/www.fuctura.com.br\/\">Home<\/a><\/li>\n<li class=\"active\">Porto Digital e Fuctura<\/li>\n<\/ol>\n<h2><\/h2>\n<p><iframe loading=\"lazy\" src=\"https:\/\/www.youtube.com\/embed\/Uj2Pg72aZ0w\" width=\"100%\" height=\"500\" frameborder=\"0\" allowfullscreen=\"allowfullscreen\"><\/iframe><\/p>\n<blockquote><p><strong>Eles estudaram juntos, revisaram todo o assunto e estavam focados quando chegou a oportunidade. E tudo isso no primeiro m\u00eas de estudo! Parab\u00e9ns pela disciplina.<\/strong><\/p><\/blockquote>\n<h3>Na foto<\/h3>\n<ul>\n<li>Professor Cleiton<\/li>\n<li>Henrique Rodrigues<\/li>\n<li>T\u00falio Henrique<\/li>\n<li>Andr\u00e9 Felipe<\/li>\n<\/ul>\n<p>Posteriormente o aluno Jo\u00e3o Rafael tamb\u00e9m foi contratado. Os alunos tb est\u00e3o fazendo parte hoje do treinamento para a Flexpag.<\/p>\n<\/div>\n<\/section>\n<section class=\"bg-azul\">\n<div class=\"container\">\n<div class=\"row\">\n<div class=\"col-md-12\">\n<h3 class=\"mission\" style=\"text-align: left;\">E quem est\u00e1 come\u00e7ando e quer emprego na \u00e1rea de TI?<\/h3>\n<ul class=\"check-icon\">\n<li>Fa\u00e7a o Curso de L\u00f3gica de Programa\u00e7\u00e3o Gratuito. <a href=\"https:\/\/www.fuctura.com.br\/recife\/preparatorio-gratuito\/?preview_id=14112\">Participe, ajuda muito<\/a><\/li>\n<li>Acompanhe as empresas de TI <a href=\"https:\/\/www.fuctura.com.br\/recife\/oportunidades\/\">Receba as vagas de emprego pelo seu Whatsapp<\/a><\/li>\n<li>Java ou Python, qual a melhor linguagem?<a href=\"https:\/\/www.fuctura.com.br\/recife\/qual-linguagem-aprender-java-ou-python\/\"> Compare e aprenda<\/a><\/li>\n<li>Contratados com apenas 1 m\u00eas de estudo! <a href=\"https:\/\/www.fuctura.com.br\/recife\/os-3-foram-contratados\/\" target=\"_blank\" rel=\"noopener noreferrer\">Confira aqui<\/a><\/li>\n<\/ul>\n<\/div>\n<\/div>\n<\/div>\n<\/section>\n","protected":false},"excerpt":{"rendered":"<p>Home Porto Digital e Fuctura Eles estudaram juntos, revisaram todo o assunto e estavam focados quando chegou a oportunidade. E tudo isso no primeiro m\u00eas de estudo! Parab\u00e9ns pela disciplina. Na foto Professor Cleiton Henrique Rodrigues T\u00falio Henrique Andr\u00e9 Felipe Posteriormente o aluno Jo\u00e3o Rafael tamb\u00e9m foi contratado. Os alunos tb est\u00e3o fazendo parte hoje [&hellip;]<\/p>\n","protected":false},"author":2,"featured_media":0,"parent":0,"menu_order":11,"comment_status":"closed","ping_status":"closed","template":"padrao-page.php","meta":{"footnotes":""},"class_list":["post-9052","page","type-page","status-publish","hentry"],"_links":{"self":[{"href":"https:\/\/www.fuctura.com.br\/recife\/wp-json\/wp\/v2\/pages\/9052","targetHints":{"allow":["GET"]}}],"collection":[{"href":"https:\/\/www.fuctura.com.br\/recife\/wp-json\/wp\/v2\/pages"}],"about":[{"href":"https:\/\/www.fuctura.com.br\/recife\/wp-json\/wp\/v2\/types\/page"}],"author":[{"embeddable":true,"href":"https:\/\/www.fuctura.com.br\/recife\/wp-json\/wp\/v2\/users\/2"}],"replies":[{"embeddable":true,"href":"https:\/\/www.fuctura.com.br\/recife\/wp-json\/wp\/v2\/comments?post=9052"}],"version-history":[{"count":5,"href":"https:\/\/www.fuctura.com.br\/recife\/wp-json\/wp\/v2\/pages\/9052\/revisions"}],"predecessor-version":[{"id":14615,"href":"https:\/\/www.fuctura.com.br\/recife\/wp-json\/wp\/v2\/pages\/9052\/revisions\/14615"}],"wp:attachment":[{"href":"https:\/\/www.fuctura.com.br\/recife\/wp-json\/wp\/v2\/media?parent=9052"}],"curies":[{"name":"wp","href":"https:\/\/api.w.org\/{rel}","templated":true}]}}