{"id":9620,"date":"2016-12-12T16:34:27","date_gmt":"2016-12-12T19:34:27","guid":{"rendered":"https:\/\/www.fuctura.com.br\/recife\/?page_id=9620"},"modified":"2020-10-15T09:38:50","modified_gmt":"2020-10-15T12:38:50","slug":"gerente-de-marketing-digital","status":"publish","type":"page","link":"https:\/\/www.fuctura.com.br\/recife\/cursos\/gerente-de-marketing-digital\/","title":{"rendered":"Mentoria Marketing Digital"},"content":{"rendered":"<section class=\"topo-curso php\">\n<div class=\"container\">\n<div class=\"row\">\n<div class=\"col-md-8\">\n<div class=\"row\">\n<div class=\"col-md-12\">\n<h1 class=\"curso-title\">Mentoria Marketing Digital e Relacionamento<\/h1>\n<\/div>\n<\/div>\n<div class=\"row\">\n<div class=\"boxes hora\">Mentoria<\/div>\n<div class=\"boxes modalidade\"><i class=\"fa fa-flag-o\"><\/i> Presencial<\/div>\n<\/div>\n<\/div>\n<div class=\"col-md-4 text-center\"><\/div>\n<\/div>\n<\/div>\n<\/section>\n<section class=\"about\">\n<div class=\"container\">\n<div class=\"row\">\n<div class=\"col-md-12\">\n<ol class=\"breadcrumb\">\n<li><a href=\"http:\/\/www.fuctura.com.br\/recife\/\">Home<\/a><\/li>\n<li><a href=\"http:\/\/www.fuctura.com.br\/recife\/cursos\/\">Cursos<\/a><\/li>\n<li class=\"active\">Marketing Digital e Relacionamento<\/li>\n<\/ol>\n<\/div>\n<\/div>\n<div class=\"row\">\n<p><!-- Principal --><\/p>\n<div class=\"col-lg-8 about-text\">\n<h3>Objetivo da mentoria<\/h3>\n<p>Capacitar voc\u00ea, empres\u00e1rio ou estudante de marketing, a desenvolver e conduzir <strong>estrat\u00e9gias de Marketing Digital<\/strong> para empresas e institui\u00e7\u00f5es de todos os portes. Desenvolva a habilidade para lidar com as mais diversas ferramentas digitais em complemento \u00e0s estrat\u00e9gias de comunica\u00e7\u00e3o, publicidade e marketing (presencial e aqui em Recife).<\/p>\n<p><strong>M\u00f3dulos<br \/>\n<\/strong><\/p>\n<ul>\n<li>Planejamento e otimiza\u00e7\u00e3o do seu neg\u00f3cio no Google<\/li>\n<li>Elementos do Marketing Digital e Funil de Vendas<\/li>\n<li>M\u00eddia Social, Avatar do cliente, Relacionamento e Remarketing<\/li>\n<li>Configurando um Chatbot para conversar com seus clientes<\/li>\n<\/ul>\n<h3>P\u00fabico Alvo<\/h3>\n<ul>\n<li>Profissionais e estudantes de marketing, comunica\u00e7\u00e3o, administra\u00e7\u00e3o, design ou de tecnologia da informa\u00e7\u00e3o<\/li>\n<li>Empres\u00e1rios, gestores e administradores de empresas<\/li>\n<li>Quem est\u00e1 buscando novas oportunidades ou abrir um neg\u00f3cio<\/li>\n<\/ul>\n<p><img loading=\"lazy\" decoding=\"async\" class=\"alignnone wp-image-14294 size-full\" src=\"https:\/\/www.fuctura.com.br\/recife\/wp-content\/uploads\/2020\/10\/funil-de-vendas.jpg\" alt=\"\" width=\"500\" height=\"413\" srcset=\"https:\/\/www.fuctura.com.br\/recife\/wp-content\/uploads\/2020\/10\/funil-de-vendas.jpg 500w, https:\/\/www.fuctura.com.br\/recife\/wp-content\/uploads\/2020\/10\/funil-de-vendas-300x248.jpg 300w\" sizes=\"auto, (max-width: 500px) 100vw, 500px\" \/><\/p>\n<\/div>\n<p><!-- Coluna --><\/p>\n<div class=\"col-md-4\">\n<div class=\"row\">\n<div class=\"col-xs-6\">\n<p><img loading=\"lazy\" decoding=\"async\" class=\"alignnone size-full wp-image-9680\" src=\"http:\/\/www.fuctura.com.br\/recife\/wp-content\/uploads\/2016\/12\/markting01.jpg\" alt=\"\" width=\"200\" height=\"150\" \/><\/p>\n<p><img loading=\"lazy\" decoding=\"async\" class=\"alignnone size-full wp-image-9681\" src=\"http:\/\/www.fuctura.com.br\/recife\/wp-content\/uploads\/2016\/12\/markting02.jpg\" alt=\"\" width=\"200\" height=\"150\" \/><\/p>\n<\/div>\n<div class=\"col-xs-6\">\n<p><img loading=\"lazy\" decoding=\"async\" class=\"alignnone size-full wp-image-9682\" src=\"http:\/\/www.fuctura.com.br\/recife\/wp-content\/uploads\/2016\/12\/markting03.jpg\" alt=\"\" width=\"200\" height=\"150\" \/><\/p>\n<p><img loading=\"lazy\" decoding=\"async\" class=\"alignnone size-full wp-image-9683\" src=\"http:\/\/www.fuctura.com.br\/recife\/wp-content\/uploads\/2016\/12\/markting04.jpg\" alt=\"\" width=\"200\" height=\"150\" \/><\/p>\n<\/div>\n<hr \/>\n<h3><\/h3>\n<h3 style=\"text-align: center;\">Experimente nosso Chatbot<\/h3>\n<h4 style=\"text-align: center;\">Mande v\u00e1rias mensagens simult\u00e2neas<\/h4>\n<p><img loading=\"lazy\" decoding=\"async\" class=\"alignnone wp-image-14300 size-full\" src=\"https:\/\/www.fuctura.com.br\/recife\/wp-content\/uploads\/2020\/10\/chatbot1.jpg\" alt=\"\" width=\"370\" height=\"247\" srcset=\"https:\/\/www.fuctura.com.br\/recife\/wp-content\/uploads\/2020\/10\/chatbot1.jpg 370w, https:\/\/www.fuctura.com.br\/recife\/wp-content\/uploads\/2020\/10\/chatbot1-300x200.jpg 300w\" sizes=\"auto, (max-width: 370px) 100vw, 370px\" \/><\/p>\n<h4 style=\"text-align: center;\">Crie relacionamento e amplie as vendas<\/h4>\n<p><img loading=\"lazy\" decoding=\"async\" class=\"alignnone wp-image-14301 size-full\" src=\"https:\/\/www.fuctura.com.br\/recife\/wp-content\/uploads\/2020\/10\/chatbot2.jpg\" alt=\"\" width=\"370\" height=\"263\" srcset=\"https:\/\/www.fuctura.com.br\/recife\/wp-content\/uploads\/2020\/10\/chatbot2.jpg 370w, https:\/\/www.fuctura.com.br\/recife\/wp-content\/uploads\/2020\/10\/chatbot2-300x213.jpg 300w\" sizes=\"auto, (max-width: 370px) 100vw, 370px\" \/><\/p>\n<\/div>\n<\/div>\n<\/div>\n<p><!-- \/.row --><\/p>\n<\/div>\n<\/section>\n<p><!--M\u00f3dulos --><\/p>\n<section class=\"bg-light-grey\">\n<div class=\"container\">\n<div class=\"row\">\n<div class=\"col-md-12\">\n<h2>Sobre o Curso<\/h2>\n<p>O curso \u00e9 para voc\u00ea gerenciar o Marketing Digital ser\u00e1 ministrado diversas t\u00e9cnicas pr\u00e1ticas que oferecem conhecimentos que ser\u00e3o utilizados no dia-a-dia profissional e que contribuem para alavancar sua carreira e\/ou desenvolvimento do seu neg\u00f3cio.<\/p>\n<p>Venda mais desenvolvendo estrat\u00e9gias de vendas e comunica\u00e7\u00e3o para antecipar e satisfazer os desejos de seus clientes. O investimento em Marketing Digital \u00e9 muito menor e atrav\u00e9s de estudo de mercado, usando ferramentas poderosas como Bluemix, da IBM, voc\u00ea vai <strong>aumentar suas vendas<\/strong> consideravelmente.<\/p>\n<h3 class=\"mission\">Cada M\u00f3dulos melhora seu neg\u00f3cio<\/h3>\n<\/div>\n<\/div>\n<div id=\"conteudo\" class=\"panel-group\">\n<div class=\"panel panel-default conteudo-prag\">\n<div class=\"panel-heading\">\n<h4 class=\"panel-title\"><a href=\"#capitulo1\" data-toggle=\"collapse\" data-parent=\"#conteudo\">1. Planejamento e otimiza\u00e7\u00e3o do seu neg\u00f3cio no Google<\/a><\/h4>\n<\/div>\n<div id=\"capitulo1\" class=\"panel-collapse collapse in\">\n<div class=\"panel-body\">\n<ul>\n<li>Estrat\u00e9gias de Marketing Digital<\/li>\n<li>Planejamento no Marketing Digital<\/li>\n<li>Princ\u00edpios do marketing e<em> branding<\/em> no mundo digital<\/li>\n<li>Empreendedorismo digital<\/li>\n<li>Pesquisa de mercado<\/li>\n<li>Comportamento do Consumidor Digital<\/li>\n<li>Marketing de Relacionamento<\/li>\n<\/ul>\n<\/div>\n<\/div>\n<\/div>\n<div class=\"panel panel-default conteudo-prag\">\n<div class=\"panel-heading\">\n<h4 class=\"panel-title\"><a href=\"#capitulo2\" data-toggle=\"collapse\" data-parent=\"#conteudo\">2. Elementos do Marketing Digital e Funil de Vendas<\/a><\/h4>\n<\/div>\n<div id=\"capitulo2\" class=\"panel-collapse collapse\">\n<div class=\"panel-body\">\n<ul>\n<li>Principios da otimiza\u00e7\u00e3o para mecanismo de busca (SEO)<\/li>\n<li>Inbound X Outbound de Marketing<\/li>\n<li>Jornada do comprador<\/li>\n<li>Criando a Persona<\/li>\n<li>Tr\u00e1fego org\u00e2nico X Tr\u00e1fego Pago<\/li>\n<li>Tr\u00e1fego pago no Google (Adwords)<\/li>\n<li>Princ\u00edpios fundamentais do E-commerce<\/li>\n<li>A import\u00e2ncia de\u00a0\u00a0testes de \u00a0A\/B<\/li>\n<li>Estrat\u00e9gias de Landing Page<\/li>\n<li>ROI nas m\u00eddias digitais<\/li>\n<\/ul>\n<\/div>\n<\/div>\n<\/div>\n<div class=\"panel panel-default conteudo-prag\">\n<div class=\"panel-heading\">\n<h4 class=\"panel-title\"><a href=\"#capitulo3\" data-toggle=\"collapse\" data-parent=\"#conteudo\">3. M\u00eddia Social, Avatar do cliente, Relacionamento e Remarketing<\/a><\/h4>\n<\/div>\n<div id=\"capitulo3\" class=\"panel-collapse collapse\">\n<div class=\"panel-body\">\n<ul>\n<li>Estrat\u00e9gias para o Facebook<\/li>\n<li>Comunica\u00e7\u00e3o, atra\u00e7\u00e3o e an\u00e1lise conceitual do Post<\/li>\n<li>Estrat\u00e9gias para o Linkedin<\/li>\n<li>Comunica\u00e7\u00e3o, atra\u00e7\u00e3o e an\u00e1lise conceitual do post<\/li>\n<li>Estrat\u00e9gias para o Instagran<\/li>\n<li>Comunica\u00e7\u00e3o, atra\u00e7\u00e3o e an\u00e1lise conceitual do post<\/li>\n<\/ul>\n<\/div>\n<\/div>\n<\/div>\n<div class=\"panel panel-default conteudo-prag\">\n<div class=\"panel-heading\">\n<h4 class=\"panel-title\"><a href=\"#capitulo4\" data-toggle=\"collapse\" data-parent=\"#conteudo\">4. Configurando um Chatbot para conversar com seus clientes<\/a><\/h4>\n<\/div>\n<div id=\"capitulo4\" class=\"panel-collapse collapse\">\n<div class=\"panel-body\">\n<ul>\n<li>Entre em contato com todos os seus clientes periodicamente<\/li>\n<li>Voc\u00ea pode manter um relacionamento ou oferecer produtos e servi\u00e7os<\/li>\n<\/ul>\n<\/div>\n<h2 class=\"mission\">\u00a0Deixe um Chatbot vendendo para voc\u00ea<\/h2>\n<p><img loading=\"lazy\" decoding=\"async\" class=\"alignnone wp-image-14296 size-full\" src=\"https:\/\/www.fuctura.com.br\/recife\/wp-content\/uploads\/2020\/10\/chatbot-o-que-e-para-que-serve-como-funciona-e-como-criar-o-seu.jpg\" alt=\"\" width=\"700\" height=\"391\" srcset=\"https:\/\/www.fuctura.com.br\/recife\/wp-content\/uploads\/2020\/10\/chatbot-o-que-e-para-que-serve-como-funciona-e-como-criar-o-seu.jpg 700w, https:\/\/www.fuctura.com.br\/recife\/wp-content\/uploads\/2020\/10\/chatbot-o-que-e-para-que-serve-como-funciona-e-como-criar-o-seu-300x168.jpg 300w\" sizes=\"auto, (max-width: 700px) 100vw, 700px\" \/><\/p>\n<\/div>\n<\/div>\n<\/div>\n<\/div>\n<\/section>\n<section class=\"bg-azul\">\n<div class=\"container\">\n<div class=\"row\">\n<div class=\"col-md-12\">\n<h2 class=\"mission\">Diferenciais<\/h2>\n<ul class=\"check-icon\">\n<li>Material atualizado, com ferramentas para voc\u00ea se tornar um\u00a0Gerente de Marketing Digital<\/li>\n<li>Certificado com reconhecimento em todo o Brasil<\/li>\n<li>A Fuctura oferece uma forma\u00e7\u00e3o completa seguindo o padr\u00e3o dos parceiros IBM e Smartpromo<\/li>\n<\/ul>\n<h2>Voc\u00ea deve ler<\/h2>\n<ul class=\"check-icon\">\n<li><a href=\"http:\/\/www.fuctura.com.br\/recife\/o-que-e-e-por-que-usar-bluemix\/\" target=\"_blank\" rel=\"noopener noreferrer\">O que \u00e9 e por que usar Bluemix?<\/a><\/li>\n<\/ul>\n<\/div>\n<\/div>\n<\/div>\n<\/section>\n<hr \/>\n<p><a name=\"reserva\"><\/a><\/p>\n","protected":false},"excerpt":{"rendered":"<p>Mentoria Marketing Digital e Relacionamento Mentoria Presencial Home Cursos Marketing Digital e Relacionamento Objetivo da mentoria Capacitar voc\u00ea, empres\u00e1rio ou estudante de marketing, a desenvolver e conduzir estrat\u00e9gias de Marketing Digital para empresas e institui\u00e7\u00f5es de todos os portes. Desenvolva a habilidade para lidar com as mais diversas ferramentas digitais em complemento \u00e0s estrat\u00e9gias de [&hellip;]<\/p>\n","protected":false},"author":2,"featured_media":0,"parent":54,"menu_order":20,"comment_status":"closed","ping_status":"closed","template":"padrao-page.php","meta":{"footnotes":""},"class_list":["post-9620","page","type-page","status-publish","hentry"],"_links":{"self":[{"href":"https:\/\/www.fuctura.com.br\/recife\/wp-json\/wp\/v2\/pages\/9620","targetHints":{"allow":["GET"]}}],"collection":[{"href":"https:\/\/www.fuctura.com.br\/recife\/wp-json\/wp\/v2\/pages"}],"about":[{"href":"https:\/\/www.fuctura.com.br\/recife\/wp-json\/wp\/v2\/types\/page"}],"author":[{"embeddable":true,"href":"https:\/\/www.fuctura.com.br\/recife\/wp-json\/wp\/v2\/users\/2"}],"replies":[{"embeddable":true,"href":"https:\/\/www.fuctura.com.br\/recife\/wp-json\/wp\/v2\/comments?post=9620"}],"version-history":[{"count":49,"href":"https:\/\/www.fuctura.com.br\/recife\/wp-json\/wp\/v2\/pages\/9620\/revisions"}],"predecessor-version":[{"id":14350,"href":"https:\/\/www.fuctura.com.br\/recife\/wp-json\/wp\/v2\/pages\/9620\/revisions\/14350"}],"up":[{"embeddable":true,"href":"https:\/\/www.fuctura.com.br\/recife\/wp-json\/wp\/v2\/pages\/54"}],"wp:attachment":[{"href":"https:\/\/www.fuctura.com.br\/recife\/wp-json\/wp\/v2\/media?parent=9620"}],"curies":[{"name":"wp","href":"https:\/\/api.w.org\/{rel}","templated":true}]}}